{"id":2309,"date":"2022-06-04T20:17:16","date_gmt":"2022-06-04T19:17:16","guid":{"rendered":"https:\/\/akasavran.com\/?page_id=2309"},"modified":"2024-01-24T16:30:34","modified_gmt":"2024-01-24T14:30:34","slug":"sustainability","status":"publish","type":"page","link":"https:\/\/akasavran.com\/de\/nachhaltigkeit\/","title":{"rendered":"Die Herausforderung der Nachhaltigkeit in der exklusiven Luxusg\u00fcterindustrie"},"content":{"rendered":"<div data-elementor-type=\"wp-page\" data-elementor-id=\"2309\" class=\"elementor elementor-2309\" data-elementor-post-type=\"page\">\n\t\t\t\t\t\t<section data-particle_enable=\"false\" data-particle-mobile-disabled=\"false\" class=\"elementor-section elementor-top-section elementor-element elementor-element-d8c6073 elementor-section-boxed elementor-section-height-default elementor-section-height-default\" data-id=\"d8c6073\" data-element_type=\"section\">\n\t\t\t\t\t\t<div class=\"elementor-container elementor-column-gap-default\">\n\t\t\t\t\t<div class=\"elementor-column elementor-col-100 elementor-top-column elementor-element elementor-element-1a4bda0\" data-id=\"1a4bda0\" data-element_type=\"column\">\n\t\t\t<div class=\"elementor-widget-wrap elementor-element-populated\">\n\t\t\t\t\t\t<div class=\"elementor-element elementor-element-8b9305d elementor-widget elementor-widget-heading\" data-id=\"8b9305d\" data-element_type=\"widget\" data-widget_type=\"heading.default\">\n\t\t\t\t<div class=\"elementor-widget-container\">\n\t\t\t<h1 class=\"elementor-heading-title elementor-size-xxl\">Die Herausforderung der Nachhaltigkeit in der exklusiven Luxusg\u00fcterindustrie<\/h1>\t\t<\/div>\n\t\t\t\t<\/div>\n\t\t\t\t\t<\/div>\n\t\t<\/div>\n\t\t\t\t\t<\/div>\n\t\t<\/section>\n\t\t\t\t<section data-particle_enable=\"false\" data-particle-mobile-disabled=\"false\" class=\"elementor-section elementor-top-section elementor-element elementor-element-aced261 elementor-section-boxed elementor-section-height-default elementor-section-height-default\" data-id=\"aced261\" data-element_type=\"section\">\n\t\t\t\t\t\t<div class=\"elementor-container elementor-column-gap-default\">\n\t\t\t\t\t<div class=\"elementor-column elementor-col-100 elementor-top-column elementor-element elementor-element-55f91ce\" data-id=\"55f91ce\" data-element_type=\"column\">\n\t\t\t<div class=\"elementor-widget-wrap elementor-element-populated\">\n\t\t\t\t\t\t<div class=\"elementor-element elementor-element-3307ec7 elementor-widget elementor-widget-image\" data-id=\"3307ec7\" data-element_type=\"widget\" data-widget_type=\"image.default\">\n\t\t\t\t<div class=\"elementor-widget-container\">\n\t\t\t\t\t\t\t\t\t\t\t\t\t<img fetchpriority=\"high\" decoding=\"async\" width=\"1024\" height=\"683\" src=\"https:\/\/akasavran.com\/wp-content\/uploads\/2022\/04\/sebastian-coman-travel-dtOTQYmTEs0-unsplash-min-1024x683.jpg\" class=\"attachment-large size-large wp-image-1948\" alt=\"Transparente Nachhaltigkeitsbrille mit bernsteinfarbenen Gl\u00e4sern aus der Luxusindustrie und dem Meer im Hintergrund\" srcset=\"https:\/\/akasavran.com\/wp-content\/uploads\/2022\/04\/sebastian-coman-travel-dtOTQYmTEs0-unsplash-min-1024x683.jpg 1024w, https:\/\/akasavran.com\/wp-content\/uploads\/2022\/04\/sebastian-coman-travel-dtOTQYmTEs0-unsplash-min-300x200.jpg 300w, https:\/\/akasavran.com\/wp-content\/uploads\/2022\/04\/sebastian-coman-travel-dtOTQYmTEs0-unsplash-min-600x400.jpg 600w, https:\/\/akasavran.com\/wp-content\/uploads\/2022\/04\/sebastian-coman-travel-dtOTQYmTEs0-unsplash-min-768x512.jpg 768w, https:\/\/akasavran.com\/wp-content\/uploads\/2022\/04\/sebastian-coman-travel-dtOTQYmTEs0-unsplash-min-1536x1024.jpg 1536w, https:\/\/akasavran.com\/wp-content\/uploads\/2022\/04\/sebastian-coman-travel-dtOTQYmTEs0-unsplash-min-2048x1365.jpg 2048w\" sizes=\"(max-width: 1024px) 100vw, 1024px\" \/>\t\t\t\t\t\t\t\t\t\t\t\t\t<\/div>\n\t\t\t\t<\/div>\n\t\t\t\t\t<\/div>\n\t\t<\/div>\n\t\t\t\t\t<\/div>\n\t\t<\/section>\n\t\t\t\t<section data-particle_enable=\"false\" data-particle-mobile-disabled=\"false\" class=\"elementor-section elementor-top-section elementor-element elementor-element-86625da elementor-section-boxed elementor-section-height-default elementor-section-height-default\" data-id=\"86625da\" data-element_type=\"section\">\n\t\t\t\t\t\t<div class=\"elementor-container elementor-column-gap-default\">\n\t\t\t\t\t<div class=\"elementor-column elementor-col-100 elementor-top-column elementor-element elementor-element-80662f3\" data-id=\"80662f3\" data-element_type=\"column\">\n\t\t\t<div class=\"elementor-widget-wrap elementor-element-populated\">\n\t\t\t\t\t\t<div class=\"elementor-element elementor-element-c5291a8 elementor-widget elementor-widget-text-editor\" data-id=\"c5291a8\" data-element_type=\"widget\" data-widget_type=\"text-editor.default\">\n\t\t\t\t<div class=\"elementor-widget-container\">\n\t\t\t\t\t\t\t<p>Die Marken der Brillen- und Luxusg\u00fcterindustrie stehen wie andere Unternehmen unter Druck, sich mit \u00f6kologischen, sozialen und ethischen Fragen wie Klimawandel, Ressourcenknappheit, Wasserstress, Kinder- und Zwangsarbeit, Bestechung und Korruption auseinanderzusetzen.\u00a0\u00a0<\/p><p>Luxusmodeunternehmen sind, wie andere Unternehmen im letzten Jahrzehnt, auf den Zug der Werbung f\u00fcr Nachhaltigkeit und soziale Verantwortung der Unternehmen aufgesprungen. W\u00e4hrend immer mehr Luxusmarken Anstrengungen unternommen haben, ihre Nachhaltigkeitspraktiken \u00f6ffentlich zu machen, bleibt die F\u00e4higkeit der Branche, ihren Behauptungen gerecht zu werden, fraglich.<\/p>\t\t\t\t\t\t<\/div>\n\t\t\t\t<\/div>\n\t\t\t\t\t<\/div>\n\t\t<\/div>\n\t\t\t\t\t<\/div>\n\t\t<\/section>\n\t\t\t\t<section data-particle_enable=\"false\" data-particle-mobile-disabled=\"false\" class=\"elementor-section elementor-top-section elementor-element elementor-element-81fd2ce elementor-section-boxed elementor-section-height-default elementor-section-height-default\" data-id=\"81fd2ce\" data-element_type=\"section\">\n\t\t\t\t\t\t<div class=\"elementor-container elementor-column-gap-default\">\n\t\t\t\t\t<div class=\"elementor-column elementor-col-100 elementor-top-column elementor-element elementor-element-79034e5\" data-id=\"79034e5\" data-element_type=\"column\">\n\t\t\t<div class=\"elementor-widget-wrap elementor-element-populated\">\n\t\t\t\t\t\t<div class=\"elementor-element elementor-element-150f7cb elementor-widget elementor-widget-heading\" data-id=\"150f7cb\" data-element_type=\"widget\" data-widget_type=\"heading.default\">\n\t\t\t\t<div class=\"elementor-widget-container\">\n\t\t\t<h2 class=\"elementor-heading-title elementor-size-xl\">Was sind die Herausforderungen in Bezug auf Nachhaltigkeit in der Luxusg\u00fcterindustrie?<\/h2>\t\t<\/div>\n\t\t\t\t<\/div>\n\t\t\t\t\t<\/div>\n\t\t<\/div>\n\t\t\t\t\t<\/div>\n\t\t<\/section>\n\t\t\t\t<section data-particle_enable=\"false\" data-particle-mobile-disabled=\"false\" class=\"elementor-section elementor-top-section elementor-element elementor-element-4458018 elementor-section-boxed elementor-section-height-default elementor-section-height-default\" data-id=\"4458018\" data-element_type=\"section\">\n\t\t\t\t\t\t<div class=\"elementor-container elementor-column-gap-default\">\n\t\t\t\t\t<div class=\"elementor-column elementor-col-100 elementor-top-column elementor-element elementor-element-08bb8c8\" data-id=\"08bb8c8\" data-element_type=\"column\">\n\t\t\t<div class=\"elementor-widget-wrap elementor-element-populated\">\n\t\t\t\t\t\t<div class=\"elementor-element elementor-element-5e7dacf elementor-widget elementor-widget-heading\" data-id=\"5e7dacf\" data-element_type=\"widget\" data-widget_type=\"heading.default\">\n\t\t\t\t<div class=\"elementor-widget-container\">\n\t\t\t<h3 class=\"elementor-heading-title elementor-size-large\">\u00d6kologische Nachhaltigkeit<\/h3>\t\t<\/div>\n\t\t\t\t<\/div>\n\t\t\t\t<div class=\"elementor-element elementor-element-5cb1523 elementor-widget elementor-widget-text-editor\" data-id=\"5cb1523\" data-element_type=\"widget\" data-widget_type=\"text-editor.default\">\n\t\t\t\t<div class=\"elementor-widget-container\">\n\t\t\t\t\t\t\t<p>Erstens wird es aufgrund globaler, komplexer und schwer nachvollziehbarer Beschaffungsnetzwerke immer schwieriger, nachhaltige Materialien zu gew\u00e4hrleisten. Laut <a href=\"https:\/\/ugc.futurelearn.com\/uploads\/files\/20\/c9\/20c95cb1-5bae-45d6-bb06-d10a5ad1bd2c\/CSF_FL_Factsheet_3.2.1b.pdf\">die von Kering durchgef\u00fchrten Umweltstudien<\/a>75 % der gesamten Umweltauswirkungen entstehen am Anfang der Lieferkette, wobei 50 % der Auswirkungen mit der Produktion von Rohstoffen zusammenh\u00e4ngen (Baumwollanbau, Viehzucht, Abbau von Mineralien\/Metallen usw.). Weitere 25 % der Auswirkungen entstehen bei der Verarbeitung von Rohstoffen (u. a. Leder, Metalle und Textil-Spinnerei).<\/p>\t\t\t\t\t\t<\/div>\n\t\t\t\t<\/div>\n\t\t\t\t\t<\/div>\n\t\t<\/div>\n\t\t\t\t\t<\/div>\n\t\t<\/section>\n\t\t\t\t<section data-particle_enable=\"false\" data-particle-mobile-disabled=\"false\" class=\"elementor-section elementor-top-section elementor-element elementor-element-075d2b3 elementor-section-boxed elementor-section-height-default elementor-section-height-default\" data-id=\"075d2b3\" data-element_type=\"section\">\n\t\t\t\t\t\t<div class=\"elementor-container elementor-column-gap-default\">\n\t\t\t\t\t<div class=\"elementor-column elementor-col-100 elementor-top-column elementor-element elementor-element-33386b9\" data-id=\"33386b9\" data-element_type=\"column\">\n\t\t\t<div class=\"elementor-widget-wrap elementor-element-populated\">\n\t\t\t\t\t\t<div class=\"elementor-element elementor-element-8ed1ff7 elementor-widget elementor-widget-heading\" data-id=\"8ed1ff7\" data-element_type=\"widget\" data-widget_type=\"heading.default\">\n\t\t\t\t<div class=\"elementor-widget-container\">\n\t\t\t<h3 class=\"elementor-heading-title elementor-size-large\">Soziale und ethische Nachhaltigkeit<\/h3>\t\t<\/div>\n\t\t\t\t<\/div>\n\t\t\t\t<div class=\"elementor-element elementor-element-bf51c00 elementor-widget elementor-widget-text-editor\" data-id=\"bf51c00\" data-element_type=\"widget\" data-widget_type=\"text-editor.default\">\n\t\t\t\t<div class=\"elementor-widget-container\">\n\t\t\t\t\t\t\t<p>Trotz (oder vielleicht gerade wegen) ihres Rufs, frivol zu sein, haben Untersuchungen gezeigt, dass K\u00e4ufer von Luxusg\u00fctern sich schuldig f\u00fchlen. Andererseits haben zahlreiche Studien, die von Unternehmen wie <a href=\"https:\/\/www.bain.com\/insights\/luxury-after-coronavirus\/\">Bain<\/a> und <a href=\"https:\/\/www.bcg.com\/en-us\/publications\/2020\/fashion-industry-reset-covid\">Boston Consulting Gruppe<\/a> haben gezeigt, dass Verbraucher in der Luxusg\u00fcterbranche Wert auf Nachhaltigkeit, Zweckm\u00e4\u00dfigkeit und Wirkung legen. Tats\u00e4chlich haben viele ihre Bereitschaft, Gutes zu tun, bereits durch Spenden unter Beweis gestellt.<\/p>\t\t\t\t\t\t<\/div>\n\t\t\t\t<\/div>\n\t\t\t\t\t<\/div>\n\t\t<\/div>\n\t\t\t\t\t<\/div>\n\t\t<\/section>\n\t\t\t\t<section data-particle_enable=\"false\" data-particle-mobile-disabled=\"false\" class=\"elementor-section elementor-top-section elementor-element elementor-element-4d0a92e elementor-section-boxed elementor-section-height-default elementor-section-height-default\" data-id=\"4d0a92e\" data-element_type=\"section\">\n\t\t\t\t\t\t<div class=\"elementor-container elementor-column-gap-default\">\n\t\t\t\t\t<div class=\"elementor-column elementor-col-100 elementor-top-column elementor-element elementor-element-9ef0d52\" data-id=\"9ef0d52\" data-element_type=\"column\">\n\t\t\t<div class=\"elementor-widget-wrap elementor-element-populated\">\n\t\t\t\t\t\t<div class=\"elementor-element elementor-element-4501222 elementor-widget elementor-widget-heading\" data-id=\"4501222\" data-element_type=\"widget\" data-widget_type=\"heading.default\">\n\t\t\t\t<div class=\"elementor-widget-container\">\n\t\t\t<h2 class=\"elementor-heading-title elementor-size-xl\">Nachhaltigkeit in der AKA SAVRAN<\/h2>\t\t<\/div>\n\t\t\t\t<\/div>\n\t\t\t\t<div class=\"elementor-element elementor-element-82beb04 elementor-widget elementor-widget-text-editor\" data-id=\"82beb04\" data-element_type=\"widget\" data-widget_type=\"text-editor.default\">\n\t\t\t\t<div class=\"elementor-widget-container\">\n\t\t\t\t\t\t\t<p>Innerhalb der Organisation streben wir an, die derzeitige Luxus- und Luxusbrillenindustrie zu st\u00f6ren und herauszufordern. Luxusbrillen sind oft der Ausgangspunkt f\u00fcr das neue Luxuspublikum, und bei AKA SAVRAN sind wir der Meinung, dass Brillen ihre Rolle bei der Verbesserung der Nachhaltigkeit spielen sollten.\u00a0<\/p><p>Bei AKA SAVRAN verbessern wir die Nachhaltigkeit, indem wir unsere Gemeinschaft mit biologisch abbaubarem Acetat versorgen, langlebige Materialien wie Metall und Titan verwenden und gleichzeitig den Einsatz von Plastik reduzieren.<\/p>\t\t\t\t\t\t<\/div>\n\t\t\t\t<\/div>\n\t\t\t\t\t<\/div>\n\t\t<\/div>\n\t\t\t\t\t<\/div>\n\t\t<\/section>\n\t\t\t\t<\/div>","protected":false},"excerpt":{"rendered":"<p>Herausforderung Nachhaltigkeit in der exklusiven Luxusindustrie Luxusmarken in der Eyewear- und Luxusindustrie stehen wie andere Unternehmen unter dem Druck, sich mit \u00f6kologischen, sozialen und ethischen Herausforderungen wie Klimawandel, Ressourcenknappheit, Wasserstress, Kinder- und Zwangsarbeit, Bestechung und Korruption auseinanderzusetzen.   Wie andere Unternehmen haben sich auch Luxusmodefirmen in den letzten zehn Jahren auf [...]<\/p>","protected":false},"author":4,"featured_media":0,"parent":0,"menu_order":0,"comment_status":"closed","ping_status":"closed","template":"","meta":{"site-sidebar-layout":"no-sidebar","site-content-layout":"page-builder","ast-site-content-layout":"","site-content-style":"default","site-sidebar-style":"default","ast-global-header-display":"","ast-banner-title-visibility":"","ast-main-header-display":"","ast-hfb-above-header-display":"","ast-hfb-below-header-display":"","ast-hfb-mobile-header-display":"","site-post-title":"disabled","ast-breadcrumbs-content":"","ast-featured-img":"disabled","footer-sml-layout":"","theme-transparent-header-meta":"","adv-header-id-meta":"","stick-header-meta":"","header-above-stick-meta":"","header-main-stick-meta":"","header-below-stick-meta":"","astra-migrate-meta-layouts":"default","ast-page-background-enabled":"default","ast-page-background-meta":{"desktop":{"background-color":"","background-image":"","background-repeat":"repeat","background-position":"center center","background-size":"auto","background-attachment":"scroll","background-type":"","background-media":"","overlay-type":"","overlay-color":"","overlay-gradient":""},"tablet":{"background-color":"","background-image":"","background-repeat":"repeat","background-position":"center center","background-size":"auto","background-attachment":"scroll","background-type":"","background-media":"","overlay-type":"","overlay-color":"","overlay-gradient":""},"mobile":{"background-color":"","background-image":"","background-repeat":"repeat","background-position":"center center","background-size":"auto","background-attachment":"scroll","background-type":"","background-media":"","overlay-type":"","overlay-color":"","overlay-gradient":""}},"ast-content-background-meta":{"desktop":{"background-color":"var(--ast-global-color-5)","background-image":"","background-repeat":"repeat","background-position":"center center","background-size":"auto","background-attachment":"scroll","background-type":"","background-media":"","overlay-type":"","overlay-color":"","overlay-gradient":""},"tablet":{"background-color":"var(--ast-global-color-5)","background-image":"","background-repeat":"repeat","background-position":"center center","background-size":"auto","background-attachment":"scroll","background-type":"","background-media":"","overlay-type":"","overlay-color":"","overlay-gradient":""},"mobile":{"background-color":"var(--ast-global-color-5)","background-image":"","background-repeat":"repeat","background-position":"center center","background-size":"auto","background-attachment":"scroll","background-type":"","background-media":"","overlay-type":"","overlay-color":"","overlay-gradient":""}},"footnotes":""},"_links":{"self":[{"href":"https:\/\/akasavran.com\/de\/wp-json\/wp\/v2\/pages\/2309"}],"collection":[{"href":"https:\/\/akasavran.com\/de\/wp-json\/wp\/v2\/pages"}],"about":[{"href":"https:\/\/akasavran.com\/de\/wp-json\/wp\/v2\/types\/page"}],"author":[{"embeddable":true,"href":"https:\/\/akasavran.com\/de\/wp-json\/wp\/v2\/users\/4"}],"replies":[{"embeddable":true,"href":"https:\/\/akasavran.com\/de\/wp-json\/wp\/v2\/comments?post=2309"}],"version-history":[{"count":0,"href":"https:\/\/akasavran.com\/de\/wp-json\/wp\/v2\/pages\/2309\/revisions"}],"wp:attachment":[{"href":"https:\/\/akasavran.com\/de\/wp-json\/wp\/v2\/media?parent=2309"}],"curies":[{"name":"wp","href":"https:\/\/api.w.org\/{rel}","templated":true}]}}