{"id":2325,"date":"2022-06-05T16:34:39","date_gmt":"2022-06-05T15:34:39","guid":{"rendered":"https:\/\/akasavran.com\/?page_id=2325"},"modified":"2022-06-05T16:34:43","modified_gmt":"2022-06-05T15:34:43","slug":"privacy-policy","status":"publish","type":"page","link":"https:\/\/akasavran.com\/de\/daten-schutz-politik\/","title":{"rendered":"Datenschutz-Bestimmungen"},"content":{"rendered":"<div data-elementor-type=\"wp-page\" data-elementor-id=\"2325\" class=\"elementor elementor-2325\" data-elementor-post-type=\"page\">\n\t\t\t\t\t\t<section data-particle_enable=\"false\" data-particle-mobile-disabled=\"false\" class=\"elementor-section elementor-top-section elementor-element elementor-element-f95826d elementor-section-boxed elementor-section-height-default elementor-section-height-default\" data-id=\"f95826d\" data-element_type=\"section\">\n\t\t\t\t\t\t<div class=\"elementor-container elementor-column-gap-default\">\n\t\t\t\t\t<div class=\"elementor-column elementor-col-100 elementor-top-column elementor-element elementor-element-2bc9cfa\" data-id=\"2bc9cfa\" data-element_type=\"column\">\n\t\t\t<div class=\"elementor-widget-wrap elementor-element-populated\">\n\t\t\t\t\t\t<div class=\"elementor-element elementor-element-fa7fece elementor-widget elementor-widget-text-editor\" data-id=\"fa7fece\" data-element_type=\"widget\" data-widget_type=\"text-editor.default\">\n\t\t\t\t<div class=\"elementor-widget-container\">\n\t\t\t\t\t\t\t<h1>Datenschutzrichtlinie f\u00fcr AKA SAVRAN<\/h1>\n\n<p>Bei AKA SAVRAN, erreichbar unter www.akasavran.com, ist eine unserer obersten Priorit\u00e4ten der Schutz der Privatsph\u00e4re unserer Besucher. Dieses Dokument zur Datenschutzpolitik enth\u00e4lt die Arten von Informationen, die von AKA SAVRAN gesammelt und gespeichert werden, sowie die Art und Weise, wie wir diese Informationen verwenden.<\/p>\n\n<p>Wenn Sie weitere Fragen haben oder weitere Informationen zu unserer Datenschutzrichtlinie erhalten m\u00f6chten, k\u00f6nnen Sie sich gerne an uns wenden.<\/p>\n\n<p>Diese Datenschutzrichtlinie gilt nur f\u00fcr unsere Online-Aktivit\u00e4ten und gilt f\u00fcr die Besucher unserer Website in Bezug auf die Informationen, die sie in AKA SAVRAN teilen und\/oder sammeln. Diese Richtlinie gilt nicht f\u00fcr Informationen, die offline oder \u00fcber andere Kan\u00e4le als diese Website gesammelt werden. Unsere Datenschutzrichtlinie wurde unter Verwendung des <a href=\"https:\/\/www.termsfeed.com\/privacy-policy-generator\/\">Kostenloser Generator f\u00fcr Datenschutzrichtlinien<\/a>.<\/p>\n\n<h2>Erlaubnis<\/h2>\n\n<p>Durch die Nutzung unserer Website stimmen Sie unserer Datenschutzrichtlinie zu und akzeptieren deren Bedingungen.<\/p>\n\n<h2>Informationen, die wir sammeln<\/h2>\n\n<p>Die personenbezogenen Daten, um deren Angabe wir Sie bitten, und die Gr\u00fcnde, warum wir diese Daten von Ihnen verlangen, werden Ihnen klar und deutlich erkl\u00e4rt, wenn wir Sie um die Angabe Ihrer personenbezogenen Daten bitten.<\/p>\n<p>Wenn Sie uns direkt kontaktieren, erhalten wir m\u00f6glicherweise zus\u00e4tzliche Informationen \u00fcber Sie, wie z. B. Ihren Namen, Ihre E-Mail-Adresse, Ihre Telefonnummer, den Inhalt der Nachricht und\/oder der Anh\u00e4nge, die Sie uns senden, und andere Informationen, die Sie freiwillig zur Verf\u00fcgung stellen.<\/p>\n<p>Wenn Sie ein Konto einrichten, fragen wir Sie m\u00f6glicherweise nach Ihren Kontaktdaten, einschlie\u00dflich Ihres Namens, des Namens Ihres Unternehmens, Ihrer Adresse, Ihrer E-Mail-Adresse und Ihrer Telefonnummer.<\/p>\n\n<h2>Wie wir Ihre Informationen verwenden<\/h2>\n\n<p>Wir verwenden die von uns gesammelten Informationen auf verschiedene Weise, unter anderem um :<\/p>\n\n<ul>\n<li>Bereitstellung, Verwaltung und Pflege unserer Website<\/li>\n<li>Verbesserung, Personalisierung und Weiterentwicklung unserer Website<\/li>\n<li>Comprendre et analyser la fa\u00e7on dont vous utilisez notre site web<\/li>\n<li>Neue Produkte, Dienstleistungen, Merkmale und Funktionen entwickeln<\/li>\n<li>Mit Ihnen entweder direkt oder \u00fcber einen unserer Partner zu kommunizieren, insbesondere zu Zwecken des Kundendienstes, um Ihnen Aktualisierungen und andere Informationen \u00fcber die Website zukommen zu lassen, sowie zu Marketing- und Werbezwecken.<\/li>\n<li>Ihnen E-Mails schicken<\/li>\n<li>Betrug erkennen und verhindern<\/li>\n<\/ul>\n\n<h2>Protokolldateien<\/h2>\n\n<p>AKA SAVRAN verwendet standardm\u00e4\u00dfig Protokolldateien. Diese Dateien zeichnen Besucher auf, wenn sie Webseiten besuchen. Alle Hosting-Unternehmen tun dies und es ist Teil der Analyse der Hosting-Dienste. Zu den von den Protokolldateien erfassten Informationen geh\u00f6ren Internetprotokoll (IP)-Adressen, Browsertyp, Internetdienstanbieter (ISP), Datum und Uhrzeit, Verweis- und Ausstiegsseiten und m\u00f6glicherweise die Anzahl der Klicks. Sie werden nicht mit Informationen zur Identifizierung von Personen verkn\u00fcpft. Der Zweck dieser Informationen besteht darin, Trends zu analysieren, die Website zu verwalten, die Bewegungen der Nutzer auf der Website zu verfolgen und demografische Informationen zu sammeln.<\/p>\n\n<h2>Cookies und Web Beacons<\/h2>\n\n<p>Wie jede andere Webseite auch, verwendet AKA SAVRAN \"Cookies\". Diese Cookies werden verwendet, um Informationen zu speichern, einschlie\u00dflich der Pr\u00e4ferenzen des Besuchers und der Webseiten, die der Besucher besucht hat. Diese Informationen werden verwendet, um die Nutzererfahrung zu optimieren, indem der Inhalt unserer Webseiten auf den Browsertyp des Besuchers und\/oder andere Informationen zugeschnitten wird.<\/p>\n\n<p>F\u00fcr allgemeine Informationen \u00fcber Cookies lesen Sie bitte <a href=\"https:\/\/www.termsfeed.com\/blog\/sample-cookies-policy-template\/#What_Are_Cookies\">den Artikel \u00fcber Cookies auf der Website von TermsFeed<\/a>.<\/p>\n\n\n\n<h2>Werbepartner Datenschutzrichtlinien<\/h2>\n\n<p>In dieser Liste k\u00f6nnen Sie die Datenschutzrichtlinien der einzelnen Werbepartner von AKA SAVRAN nachlesen.<\/p>\n\n<p>Ad-Server oder Ad-Networks von Dritten verwenden Technologien wie Cookies, JavaScript oder Web-Beacons, die in ihren jeweiligen Werbeanzeigen und Links verwendet werden, die auf AKA SAVRAN erscheinen und direkt an die Browser der Nutzer gesendet werden. Sie erhalten automatisch Ihre IP-Adresse, wenn dies geschieht. Diese Technologien werden verwendet, um die Effektivit\u00e4t ihrer Werbekampagnen zu messen und\/oder um die Werbeinhalte, die Sie auf den von Ihnen besuchten Websites sehen, zu personalisieren.<\/p>\n\n<p>Bitte beachten Sie, dass AKA SAVRAN keinen Zugang oder Kontrolle \u00fcber diese Cookies hat, die von dritten Werbetreibenden verwendet werden.<\/p>\n\n<h2>Datenschutzrichtlinien von Dritten<\/h2>\n\n<p>Die Datenschutzrichtlinien von AKA SAVRAN gelten nicht f\u00fcr andere Werbetreibende oder Webseiten. Daher empfehlen wir Ihnen, die jeweiligen Datenschutzrichtlinien dieser Drittanbieter-Werbeserver zu \u00fcberpr\u00fcfen, um detailliertere Informationen zu erhalten. Darin k\u00f6nnen ihre Praktiken und Anweisungen enthalten sein, wie Sie bestimmte Optionen ablehnen k\u00f6nnen. <\/p>\n\n<p>Sie k\u00f6nnen Cookies \u00fcber die Optionen Ihres individuellen Browsers deaktivieren. Ausf\u00fchrlichere Informationen zur Verwaltung von Cookies mit bestimmten Webbrowsern finden Sie auf den jeweiligen Webseiten dieser Browser.<\/p>\n\n<h2>Datenschutzrechte der EUFA (Verkaufen Sie meine pers\u00f6nlichen Daten nicht)<\/h2>\n\n<p>Nach dem CCPA haben kalifornische Verbraucher neben anderen Rechten das Recht :<\/p>\n<p>Von einem Unternehmen, das personenbezogene Daten von Verbrauchern sammelt, verlangen, dass es die Kategorien und spezifischen personenbezogenen Daten offenlegt, die es von den Verbrauchern gesammelt hat.<\/p>\n<p>Von einem Unternehmen verlangen, dass es alle pers\u00f6nlichen Daten \u00fcber Verbraucher l\u00f6scht, die es gesammelt hat.<\/p>\n<p>Fordern Sie, dass ein Unternehmen, das die pers\u00f6nlichen Daten eines Verbrauchers verkauft, die pers\u00f6nlichen Daten des Verbrauchers nicht verkauft.<\/p>\n<p>Wenn Sie eine Anfrage stellen, haben wir einen Monat Zeit, um Ihnen zu antworten. Wenn Sie eines dieser Rechte aus\u00fcben m\u00f6chten, setzen Sie sich bitte mit uns in Verbindung.<\/p>\n\n<h2>Datenschutzrechte GDPR<\/h2>\n\n<p>Wir m\u00f6chten sicherstellen, dass Sie sich aller Ihrer Rechte im Bereich des Datenschutzes voll bewusst sind. Jeder Nutzer hat das Recht auf Folgendes:<\/p>\n<p>Recht auf Zugang - Sie haben das Recht, Kopien Ihrer pers\u00f6nlichen Daten anzufordern. Es kann sein, dass wir Ihnen f\u00fcr diesen Service eine kleine Geb\u00fchr berechnen.<\/p>\n<p>Das Recht auf Berichtigung - Sie haben das Recht, uns zu bitten, Informationen zu berichtigen, die Ihrer Meinung nach unrichtig sind. Sie haben auch das Recht, uns um die Vervollst\u00e4ndigung von Informationen zu bitten, die Ihrer Meinung nach unvollst\u00e4ndig sind.<\/p>\n<p>Das Recht auf Berichtigung - Sie haben das Recht, uns zu bitten, Informationen zu berichtigen, die Ihrer Meinung nach unrichtig sind. Sie haben auch das Recht, uns um die Vervollst\u00e4ndigung von Informationen zu bitten, die Ihrer Meinung nach unvollst\u00e4ndig sind.<\/p>\n<p>Recht auf Einschr\u00e4nkung der Verarbeitung - Sie haben das Recht, uns zu bitten, die Verarbeitung Ihrer personenbezogenen Daten unter bestimmten Bedingungen einzuschr\u00e4nken.<\/p>\n<p>Recht auf Widerspruch gegen die Verarbeitung - Sie haben das Recht, unter bestimmten Bedingungen gegen unsere Verarbeitung Ihrer personenbezogenen Daten Widerspruch einzulegen.<\/p>\n<p>Recht auf Daten\u00fcbertragung - Sie haben das Recht, uns zu bitten, die von uns gesammelten Daten unter bestimmten Bedingungen an eine andere Organisation oder direkt an Sie zu \u00fcbertragen.<\/p>\n<p>Wenn Sie eine Anfrage stellen, haben wir einen Monat Zeit, um Ihnen zu antworten. Wenn Sie eines dieser Rechte aus\u00fcben m\u00f6chten, setzen Sie sich bitte mit uns in Verbindung.<\/p>\n\n<h2>Informationen \u00fcber Kinder<\/h2>\n\n<p>Ein weiterer Teil unserer Priorit\u00e4t ist es, Schutz f\u00fcr Kinder hinzuzuf\u00fcgen, wenn sie das Internet nutzen. Wir ermutigen Eltern und Erziehungsberechtigte, ihre Online-Aktivit\u00e4ten zu beobachten, sich daran zu beteiligen und\/oder sie zu \u00fcberwachen und anzuleiten.<\/p>\n\n<p>Ein weiterer Teil unserer Priorit\u00e4t ist es, Schutz f\u00fcr Kinder hinzuzuf\u00fcgen, wenn sie das Internet nutzen. Wir ermutigen Eltern und Erziehungsberechtigte, ihre Online-Aktivit\u00e4ten zu beobachten, sich daran zu beteiligen und\/oder sie zu \u00fcberwachen und anzuleiten.<\/p>\t\t\t\t\t\t<\/div>\n\t\t\t\t<\/div>\n\t\t\t\t\t<\/div>\n\t\t<\/div>\n\t\t\t\t\t<\/div>\n\t\t<\/section>\n\t\t\t\t<\/div>","protected":false},"excerpt":{"rendered":"<p>Datenschutzpolitik f\u00fcr AKA SAVRAN Bei AKA SAVRAN, erreichbar \u00fcber www.akasavran.com, ist eine unserer wichtigsten Priorit\u00e4ten der Schutz der Privatsph\u00e4re unserer Besucher. Dieses Dokument \u00fcber den Datenschutz enth\u00e4lt die Arten von Informationen, die von AKA SAVRAN gesammelt und aufgezeichnet werden, und wie wir sie verwenden. Wenn Sie weitere Fragen haben oder mehr Informationen \u00fcber unsere Datenschutzpolitik ben\u00f6tigen [...]<\/p>","protected":false},"author":4,"featured_media":0,"parent":0,"menu_order":0,"comment_status":"closed","ping_status":"closed","template":"","meta":{"site-sidebar-layout":"no-sidebar","site-content-layout":"page-builder","ast-site-content-layout":"","site-content-style":"default","site-sidebar-style":"default","ast-global-header-display":"","ast-banner-title-visibility":"","ast-main-header-display":"","ast-hfb-above-header-display":"","ast-hfb-below-header-display":"","ast-hfb-mobile-header-display":"","site-post-title":"disabled","ast-breadcrumbs-content":"","ast-featured-img":"disabled","footer-sml-layout":"","theme-transparent-header-meta":"","adv-header-id-meta":"","stick-header-meta":"","header-above-stick-meta":"","header-main-stick-meta":"","header-below-stick-meta":"","astra-migrate-meta-layouts":"default","ast-page-background-enabled":"default","ast-page-background-meta":{"desktop":{"background-color":"","background-image":"","background-repeat":"repeat","background-position":"center center","background-size":"auto","background-attachment":"scroll","background-type":"","background-media":"","overlay-type":"","overlay-color":"","overlay-gradient":""},"tablet":{"background-color":"","background-image":"","background-repeat":"repeat","background-position":"center center","background-size":"auto","background-attachment":"scroll","background-type":"","background-media":"","overlay-type":"","overlay-color":"","overlay-gradient":""},"mobile":{"background-color":"","background-image":"","background-repeat":"repeat","background-position":"center center","background-size":"auto","background-attachment":"scroll","background-type":"","background-media":"","overlay-type":"","overlay-color":"","overlay-gradient":""}},"ast-content-background-meta":{"desktop":{"background-color":"var(--ast-global-color-5)","background-image":"","background-repeat":"repeat","background-position":"center center","background-size":"auto","background-attachment":"scroll","background-type":"","background-media":"","overlay-type":"","overlay-color":"","overlay-gradient":""},"tablet":{"background-color":"var(--ast-global-color-5)","background-image":"","background-repeat":"repeat","background-position":"center center","background-size":"auto","background-attachment":"scroll","background-type":"","background-media":"","overlay-type":"","overlay-color":"","overlay-gradient":""},"mobile":{"background-color":"var(--ast-global-color-5)","background-image":"","background-repeat":"repeat","background-position":"center center","background-size":"auto","background-attachment":"scroll","background-type":"","background-media":"","overlay-type":"","overlay-color":"","overlay-gradient":""}},"footnotes":""},"_links":{"self":[{"href":"https:\/\/akasavran.com\/de\/wp-json\/wp\/v2\/pages\/2325"}],"collection":[{"href":"https:\/\/akasavran.com\/de\/wp-json\/wp\/v2\/pages"}],"about":[{"href":"https:\/\/akasavran.com\/de\/wp-json\/wp\/v2\/types\/page"}],"author":[{"embeddable":true,"href":"https:\/\/akasavran.com\/de\/wp-json\/wp\/v2\/users\/4"}],"replies":[{"embeddable":true,"href":"https:\/\/akasavran.com\/de\/wp-json\/wp\/v2\/comments?post=2325"}],"version-history":[{"count":0,"href":"https:\/\/akasavran.com\/de\/wp-json\/wp\/v2\/pages\/2325\/revisions"}],"wp:attachment":[{"href":"https:\/\/akasavran.com\/de\/wp-json\/wp\/v2\/media?parent=2325"}],"curies":[{"name":"wp","href":"https:\/\/api.w.org\/{rel}","templated":true}]}}