{"id":2630,"date":"2022-07-03T16:39:16","date_gmt":"2022-07-03T15:39:16","guid":{"rendered":"https:\/\/akasavran.com\/?page_id=2630"},"modified":"2022-07-03T16:51:07","modified_gmt":"2022-07-03T15:51:07","slug":"return-policy","status":"publish","type":"page","link":"https:\/\/akasavran.com\/de\/politics-in-return\/","title":{"rendered":"R\u00fccknahmegarantie"},"content":{"rendered":"<div data-elementor-type=\"wp-page\" data-elementor-id=\"2630\" class=\"elementor elementor-2630\" data-elementor-post-type=\"page\">\n\t\t\t\t\t\t<section data-particle_enable=\"false\" data-particle-mobile-disabled=\"false\" class=\"elementor-section elementor-top-section elementor-element elementor-element-89057d5 elementor-section-boxed elementor-section-height-default elementor-section-height-default\" data-id=\"89057d5\" data-element_type=\"section\">\n\t\t\t\t\t\t<div class=\"elementor-container elementor-column-gap-default\">\n\t\t\t\t\t<div class=\"elementor-column elementor-col-100 elementor-top-column elementor-element elementor-element-2f30c6e\" data-id=\"2f30c6e\" data-element_type=\"column\">\n\t\t\t<div class=\"elementor-widget-wrap elementor-element-populated\">\n\t\t\t\t\t\t<div class=\"elementor-element elementor-element-5e87885 elementor-widget elementor-widget-heading\" data-id=\"5e87885\" data-element_type=\"widget\" data-widget_type=\"heading.default\">\n\t\t\t\t<div class=\"elementor-widget-container\">\n\t\t\t<h1 class=\"elementor-heading-title elementor-size-xl\">R\u00fcckgaberichtlinie<\/h1>\t\t<\/div>\n\t\t\t\t<\/div>\n\t\t\t\t<div class=\"elementor-element elementor-element-79298b8 elementor-widget elementor-widget-text-editor\" data-id=\"79298b8\" data-element_type=\"widget\" data-widget_type=\"text-editor.default\">\n\t\t\t\t<div class=\"elementor-widget-container\">\n\t\t\t\t\t\t\t<div data-custom-class=\"body\"><div><div class=\"MsoNormal\" style=\"text-align: center; line-height: 115%;\" align=\"center\"><div class=\"MsoNormal\" style=\"text-align: left; line-height: 150%;\" align=\"center\"><span style=\"font-size: 15px;\"><span style=\"color: #595959;\"><strong><span data-custom-class=\"subtitle\">Zuletzt aktualisiert am 03. Juli 2022<\/span><\/strong><\/span><\/span><\/div><div class=\"MsoNormal\" style=\"text-align: left; line-height: 150%;\" align=\"center\">\u00a0<\/div><\/div><div class=\"MsoNormal\" style=\"line-height: 1.5;\" data-custom-class=\"body_text\"><span style=\"font-size: 15px; line-height: 115%; font-family: Arial; color: #595959;\">Vielen Dank f\u00fcr Ihren Kauf. Wir hoffen, dass Sie mit Ihrem Kauf zufrieden sind. Wenn Sie jedoch aus irgendeinem Grund mit Ihrem Kauf nicht zufrieden sind, k\u00f6nnen Sie ihn an uns zur\u00fcckschicken, um eine Gutschrift oder einen Umtausch zu erhalten. Bitte sehen Sie unten nach, um weitere Informationen zu unseren R\u00fcckgabebestimmungen zu erhalten.<\/span><\/div><\/div><div style=\"line-height: 1.5;\">\u00a0<\/div><div><div class=\"MsoNormal\" style=\"line-height: 115%;\" data-custom-class=\"heading_1\"><a name=\"_iwimutmowezb\"><\/a><strong><span style=\"line-height: 115%; font-family: Arial; font-size: 19px;\">RETOURS<\/span><\/strong><\/div><\/div><div style=\"line-height: 1.5;\">\u00a0<\/div><div><div class=\"MsoNormal\" style=\"line-height: 1.5;\" data-custom-class=\"body_text\"><span style=\"font-size: 15px; line-height: 115%; font-family: Arial; color: #595959;\">Alle R\u00fccksendungen m\u00fcssen innerhalb von f\u00fcnfunddrei\u00dfig (35) Tagen nach dem Kaufdatum abgeschickt werden (es gilt das Datum des Poststempels). Alle zur\u00fcckgesandten Artikel m\u00fcssen sich in einem neuen, unbenutzten Zustand befinden und mit allen Originaletiketten versehen sein.<\/span><\/div><\/div><div style=\"line-height: 1.5;\">\u00a0<\/div><div><div class=\"MsoNormal\" style=\"line-height: 1.5;\" data-custom-class=\"heading_1\"><a name=\"_16t1v96tankw\"><\/a><strong><span style=\"line-height: 115%; font-family: Arial; font-size: 19px;\">RETURN PROCES<\/span><\/strong><\/div><\/div><div style=\"line-height: 1.5;\">\u00a0<\/div><div><div class=\"MsoNormal\" style=\"line-height: 1.5;\" data-custom-class=\"body_text\"><span style=\"font-size: 15px; line-height: 115%; font-family: Arial; color: #595959;\">Um einen Artikel zur\u00fcckzusenden, senden Sie bitte eine E-Mail an den Kundendienst unter support@akasavran.com, um eine RMA-Nummer (Return Merchandise Authorization Number) anzufordern. Nachdem Sie eine RMA-Nummer erhalten haben, legen Sie den Artikel sicher in die Originalverpackung, f\u00fcgen Sie Ihren Kaufbeleg bei und senden Sie die R\u00fccksendung an die folgende Adresse:<\/span><\/div><div class=\"MsoNormal\" style=\"line-height: 1.1;\"><span style=\"font-size: 15px;\"><span style=\"line-height: 115%; font-family: Arial; color: #595959;\">\u00a0<\/span><\/span><\/div><div class=\"MsoNormal\" style=\"line-height: 115%;\" data-custom-class=\"body_text\"><span style=\"font-size: 15px;\"><span style=\"line-height: 115%; font-family: Arial; color: #595959;\">AKA SAVRAN<br \/><\/span><\/span><\/div><div class=\"MsoNormal\" style=\"line-height: 1.5;\" data-custom-class=\"body_text\"><span style=\"font-size: 15px;\"><span style=\"line-height: 115%; font-family: Arial; color: #595959;\">Attn: R\u00fccksendungen<\/span><\/span><\/div><div class=\"MsoNormal\" style=\"line-height: 1.5;\" data-custom-class=\"body_text\"><span style=\"font-size: 15px;\"><span style=\"line-height: 115%; font-family: Arial; color: #595959;\">RMA #<\/span><\/span><\/div><div class=\"MsoNormal\" style=\"line-height: 1.5;\" data-custom-class=\"body_text\"><span style=\"font-size: 15px;\"><span style=\"color: #595959;\">Liendertseweg 62B<\/span><\/span><\/div><div class=\"MsoNormal\" style=\"line-height: 1.5;\" data-custom-class=\"body_text\"><span style=\"font-size: 15px;\"><span style=\"line-height: 115%; font-family: Arial; color: #595959;\">Amersfoort, Utrecht 3814PL<\/span><\/span><\/div><div class=\"MsoNormal\" style=\"line-height: 1.5;\" data-custom-class=\"body_text\"><span style=\"font-size: 15px;\"><span style=\"line-height: 115%; font-family: Arial; color: #595959;\">Niederlande<\/span><\/span><\/div><\/div><div style=\"line-height: 1.1;\">\u00a0<\/div><div><div class=\"MsoNormal\" style=\"line-height: 1.5;\" data-custom-class=\"body_text\"><span style=\"font-size: 15px; line-height: 115%; font-family: Arial; color: #595959;\">Die Kosten f\u00fcr die R\u00fccksendung werden von uns bezahlt oder erstattet.\u00a0<\/span><\/div><div class=\"MsoNormal\" style=\"line-height: 1.5;\">\u00a0<\/div><div class=\"MsoNormal\" style=\"line-height: 1.5;\" data-custom-class=\"heading_1\"><a name=\"_qxq7t4ufn5pr\"><\/a><strong><span style=\"line-height: 115%; font-family: Arial; font-size: 19px;\">R\u00dcCKERSTATTUNGEN<\/span><\/strong><\/div><div class=\"MsoNormal\" style=\"line-height: 115%;\"><a name=\"_kcap2nw8xg2p\"><\/a><\/div><div class=\"MsoNormal\" style=\"line-height: 1.5;\">\u00a0<\/div><div class=\"MsoNormal\" style=\"line-height: 1.5;\" data-custom-class=\"body_text\"><span style=\"font-size: 15px; line-height: 115%; font-family: Arial; color: #595959;\">Nachdem wir Ihre R\u00fccksendung erhalten und den Zustand Ihres Artikels \u00fcberpr\u00fcft haben, werden wir Ihre R\u00fccksendung oder Ihren Umtausch bearbeiten. Bitte planen Sie mindestens sieben (7) Tage nach Erhalt Ihres Artikels ein, um Ihre R\u00fccksendung oder Ihren Umtausch zu bearbeiten.\u00a0Wir werden Sie per E-Mail benachrichtigen, wenn Ihre R\u00fccksendung bearbeitet wurde.<\/span><\/div><div class=\"MsoNormal\" style=\"line-height: 115%;\"><a name=\"_gjdgxs\"><\/a><\/div><div class=\"MsoNormal\" style=\"line-height: 1.5;\">\u00a0<\/div><div class=\"MsoNormal\" style=\"line-height: 1.5;\" data-custom-class=\"heading_1\"><a name=\"_33ujiidflcnn\"><\/a><strong><span style=\"line-height: 115%; font-family: Arial; font-size: 19px;\">AUSNAHMEN<\/span><\/strong><\/div><div style=\"line-height: 1.1;\" data-custom-class=\"body_text\" data-empty=\"true\"><span style=\"color: #595959;\"><span style=\"font-size: 15px;\">\u00a0<\/span><\/span><\/div><div style=\"line-height: 1.5;\" data-custom-class=\"body_text\"><span style=\"color: #595959;\"><span style=\"font-size: 15px;\">Bei defekten oder besch\u00e4digten Produkten kontaktieren Sie uns bitte \u00fcber die unten stehenden Kontaktdaten, um eine R\u00fcckerstattung oder einen Umtausch zu arrangieren.<\/span><\/span><\/div><div style=\"line-height: 1.5;\" data-custom-class=\"body_text\" data-empty=\"true\">\u00a0<\/div><div style=\"line-height: 1.1;\" data-custom-class=\"body_text\" data-empty=\"true\">\u00a0<\/div><div style=\"line-height: 1.5;\" data-custom-class=\"body_text\" data-empty=\"true\"><span style=\"color: #595959;\"><span style=\"font-size: 15px;\"><strong>Note.<\/strong><\/span><\/span><\/div><div style=\"line-height: 1.5;\" data-custom-class=\"body_text\" data-empty=\"true\">\u00a0<\/div><div style=\"line-height: 1.5;\" data-custom-class=\"body_text\"><span style=\"font-size: 15px; color: #595959;\"><strong style=\"font-weight: bold; color: #000000; font-family: sans-serif; font-size: medium; font-style: normal; font-variant-ligatures: normal; font-variant-caps: normal; letter-spacing: normal; orphans: 2; text-align: start; text-indent: 0px; text-transform: none; white-space: normal; widows: 2; word-spacing: 0px; -webkit-text-stroke-width: 0px; background-color: #ffffff; text-decoration-style: initial; text-decoration-color: initial;\"><span style=\"font-size: 13px; color: #595959;\">\u00a0 \u00a0 \u00a0<strong style=\"font-weight: bold; color: #000000; font-family: sans-serif; font-size: medium; font-style: normal; font-variant-ligatures: normal; font-variant-caps: normal; letter-spacing: normal; orphans: 2; text-align: start; text-indent: 0px; text-transform: none; white-space: normal; widows: 2; word-spacing: 0px; -webkit-text-stroke-width: 0px; text-decoration-style: initial; text-decoration-color: initial; background-color: #ffffff;\"><span style=\"color: #595959; font-family: sans-serif; font-size: 15px; font-style: normal; font-variant-ligatures: normal; font-variant-caps: normal; font-weight: 400; letter-spacing: normal; orphans: 2; text-align: start; text-indent: 0px; text-transform: none; white-space: normal; widows: 2; word-spacing: 0px; -webkit-text-stroke-width: 0px; background-color: #ffffff; text-decoration-style: initial; text-decoration-color: initial; display: inline !important;\">\u25cf\u00a0<\/span><\/strong>\u00a0 \u00a0\u00a0<\/span><\/strong>Ausverkaufte Artikel werden VERKAUFT und k\u00f6nnen nicht zur\u00fcckgegeben werden.<\/span><\/div><div style=\"line-height: 1.5;\" data-custom-class=\"body_text\"><span style=\"font-size: 15px; color: #595959;\"><strong style=\"font-weight: bold; color: #000000; font-family: sans-serif; font-size: medium; font-style: normal; font-variant-ligatures: normal; font-variant-caps: normal; letter-spacing: normal; orphans: 2; text-align: start; text-indent: 0px; text-transform: none; white-space: normal; widows: 2; word-spacing: 0px; -webkit-text-stroke-width: 0px; background-color: #ffffff; text-decoration-style: initial; text-decoration-color: initial;\"><span style=\"font-size: 13px; color: #595959;\">\u00a0 \u00a0 \u00a0<strong style=\"font-weight: bold; color: #000000; font-family: sans-serif; font-size: medium; font-style: normal; font-variant-ligatures: normal; font-variant-caps: normal; letter-spacing: normal; orphans: 2; text-align: start; text-indent: 0px; text-transform: none; white-space: normal; widows: 2; word-spacing: 0px; -webkit-text-stroke-width: 0px; text-decoration-style: initial; text-decoration-color: initial; background-color: #ffffff;\"><span style=\"color: #595959; font-family: sans-serif; font-size: 15px; font-style: normal; font-variant-ligatures: normal; font-variant-caps: normal; font-weight: 400; letter-spacing: normal; orphans: 2; text-align: start; text-indent: 0px; text-transform: none; white-space: normal; widows: 2; word-spacing: 0px; -webkit-text-stroke-width: 0px; background-color: #ffffff; text-decoration-style: initial; text-decoration-color: initial; display: inline !important;\">\u25cf\u00a0<\/span><\/strong>\u00a0 \u00a0\u00a0<\/span><\/strong>R\u00fcckgabe und Erstattung, wie zuvor in den R\u00fcckgabebestimmungen erw\u00e4hnt, werden nur akzeptiert, wenn der Artikel in einwandfreiem Zustand ist; jedes Anzeichen einer Besch\u00e4digung wird jede Form der Erstattung verweigern.<\/span><\/div><div style=\"line-height: 1.5;\">\u00a0<\/div><div style=\"line-height: 1.5;\" data-custom-class=\"heading_1\"><span style=\"font-size: 19px; color: #000000;\"><strong>FRAGEN<\/strong><\/span><\/div><div style=\"line-height: 1.5;\">\u00a0<\/div><div style=\"line-height: 1.5;\" data-custom-class=\"body_text\"><span style=\"font-size: 15px; color: #595959;\">Wenn Sie Fragen zu unseren R\u00fcckgabebestimmungen haben, kontaktieren Sie uns bitte :<\/span><\/div><div style=\"line-height: 1.5;\" data-custom-class=\"body_text\"><span style=\"font-size: 15px; color: #595959;\">support@akasavran.com<\/span><\/div><\/div><\/div>\t\t\t\t\t\t<\/div>\n\t\t\t\t<\/div>\n\t\t\t\t\t<\/div>\n\t\t<\/div>\n\t\t\t\t\t<\/div>\n\t\t<\/section>\n\t\t\t\t<\/div>","protected":false},"excerpt":{"rendered":"<p>R\u00fcckgabebedingungen Zuletzt aktualisiert am 03. Juli 2022 Vielen Dank f\u00fcr Ihren Kauf. Wir hoffen, dass Sie mit Ihrem Kauf zufrieden sind. Sollten Sie jedoch aus irgendeinem Grund mit Ihrem Kauf nicht zufrieden sein, k\u00f6nnen Sie ihn gegen eine Gutschrift oder einen Umtausch an uns zur\u00fcckgeben. Weitere Informationen zu unserem R\u00fcckgaberecht finden Sie weiter unten. R\u00dcCKGABEN Alle R\u00fcckgaben [...]<\/p>","protected":false},"author":4,"featured_media":0,"parent":0,"menu_order":0,"comment_status":"closed","ping_status":"closed","template":"","meta":{"site-sidebar-layout":"no-sidebar","site-content-layout":"page-builder","ast-site-content-layout":"","site-content-style":"default","site-sidebar-style":"default","ast-global-header-display":"","ast-banner-title-visibility":"","ast-main-header-display":"","ast-hfb-above-header-display":"","ast-hfb-below-header-display":"","ast-hfb-mobile-header-display":"","site-post-title":"disabled","ast-breadcrumbs-content":"","ast-featured-img":"disabled","footer-sml-layout":"","theme-transparent-header-meta":"","adv-header-id-meta":"","stick-header-meta":"","header-above-stick-meta":"","header-main-stick-meta":"","header-below-stick-meta":"","astra-migrate-meta-layouts":"default","ast-page-background-enabled":"default","ast-page-background-meta":{"desktop":{"background-color":"","background-image":"","background-repeat":"repeat","background-position":"center center","background-size":"auto","background-attachment":"scroll","background-type":"","background-media":"","overlay-type":"","overlay-color":"","overlay-gradient":""},"tablet":{"background-color":"","background-image":"","background-repeat":"repeat","background-position":"center center","background-size":"auto","background-attachment":"scroll","background-type":"","background-media":"","overlay-type":"","overlay-color":"","overlay-gradient":""},"mobile":{"background-color":"","background-image":"","background-repeat":"repeat","background-position":"center center","background-size":"auto","background-attachment":"scroll","background-type":"","background-media":"","overlay-type":"","overlay-color":"","overlay-gradient":""}},"ast-content-background-meta":{"desktop":{"background-color":"var(--ast-global-color-5)","background-image":"","background-repeat":"repeat","background-position":"center center","background-size":"auto","background-attachment":"scroll","background-type":"","background-media":"","overlay-type":"","overlay-color":"","overlay-gradient":""},"tablet":{"background-color":"var(--ast-global-color-5)","background-image":"","background-repeat":"repeat","background-position":"center center","background-size":"auto","background-attachment":"scroll","background-type":"","background-media":"","overlay-type":"","overlay-color":"","overlay-gradient":""},"mobile":{"background-color":"var(--ast-global-color-5)","background-image":"","background-repeat":"repeat","background-position":"center center","background-size":"auto","background-attachment":"scroll","background-type":"","background-media":"","overlay-type":"","overlay-color":"","overlay-gradient":""}},"footnotes":""},"_links":{"self":[{"href":"https:\/\/akasavran.com\/de\/wp-json\/wp\/v2\/pages\/2630"}],"collection":[{"href":"https:\/\/akasavran.com\/de\/wp-json\/wp\/v2\/pages"}],"about":[{"href":"https:\/\/akasavran.com\/de\/wp-json\/wp\/v2\/types\/page"}],"author":[{"embeddable":true,"href":"https:\/\/akasavran.com\/de\/wp-json\/wp\/v2\/users\/4"}],"replies":[{"embeddable":true,"href":"https:\/\/akasavran.com\/de\/wp-json\/wp\/v2\/comments?post=2630"}],"version-history":[{"count":0,"href":"https:\/\/akasavran.com\/de\/wp-json\/wp\/v2\/pages\/2630\/revisions"}],"wp:attachment":[{"href":"https:\/\/akasavran.com\/de\/wp-json\/wp\/v2\/media?parent=2630"}],"curies":[{"name":"wp","href":"https:\/\/api.w.org\/{rel}","templated":true}]}}