{"id":2642,"date":"2022-07-03T17:01:30","date_gmt":"2022-07-03T16:01:30","guid":{"rendered":"https:\/\/akasavran.com\/?page_id=2642"},"modified":"2023-05-01T16:39:33","modified_gmt":"2023-05-01T15:39:33","slug":"shipping-delivery-policy","status":"publish","type":"page","link":"https:\/\/akasavran.com\/de\/versand-und-lieferpolitik\/","title":{"rendered":"Versand- und Lieferbedingungen"},"content":{"rendered":"<div data-elementor-type=\"wp-page\" data-elementor-id=\"2642\" class=\"elementor elementor-2642\" data-elementor-post-type=\"page\">\n\t\t\t\t\t\t<section data-particle_enable=\"false\" data-particle-mobile-disabled=\"false\" class=\"elementor-section elementor-top-section elementor-element elementor-element-53069ac elementor-section-boxed elementor-section-height-default elementor-section-height-default\" data-id=\"53069ac\" data-element_type=\"section\">\n\t\t\t\t\t\t<div class=\"elementor-container elementor-column-gap-default\">\n\t\t\t\t\t<div class=\"elementor-column elementor-col-100 elementor-top-column elementor-element elementor-element-25f1871\" data-id=\"25f1871\" data-element_type=\"column\">\n\t\t\t<div class=\"elementor-widget-wrap elementor-element-populated\">\n\t\t\t\t\t\t<div class=\"elementor-element elementor-element-71347c6 elementor-widget elementor-widget-text-editor\" data-id=\"71347c6\" data-element_type=\"widget\" data-widget_type=\"text-editor.default\">\n\t\t\t\t<div class=\"elementor-widget-container\">\n\t\t\t\t\t\t\t<h1><span style=\"font-size: 36pt;\">VERSAND- UND LIEFERPOLITIK<\/span><\/h1><p>Zuletzt aktualisiert am 03. Juli 2022<\/p><p>Diese Versand- und Lieferrichtlinie ist Teil unserer (\"Allgemeine Gesch\u00e4ftsbedingungen\") und sollte daher zusammen mit unseren wichtigsten Gesch\u00e4ftsbedingungen gelesen werden: https:\/\/akasavran.com\/terms-conditions\/.<\/p><p>Bitte lesen Sie unsere Versand- und Lieferpolitik sorgf\u00e4ltig durch, wenn Sie unsere Produkte kaufen. Diese Richtlinie gilt f\u00fcr jede Bestellung, die Sie bei uns aufgeben.<\/p><h2><span style=\"font-size: 18pt;\">WELCHE VERSAND- UND LIEFEROPTIONEN HABE ICH?<\/span><\/h2><p>Wir bieten verschiedene Versandoptionen an. In einigen F\u00e4llen kann ein Drittanbieter unseren Bestand verwalten und f\u00fcr den Versand Ihrer Produkte verantwortlich sein.<\/p><p>Kostenlose Lieferung<\/p><p>Wir bieten einen kostenlosen Standardversand f\u00fcr alle Bestellungen an, der je nach geografischer Lage zwischen 5 und 25 Werktagen dauert.<\/p><p>Sobald die Bestellung verpackt ist, senden wir die Sendungsverfolgung per E-Mail.<\/p><p><strong><span style=\"font-size: 18pt;\">LIEFERN SIE AUCH INTERNATIONAL?<\/span><\/strong><\/p><p>Wir bieten einen weltweiten Versand an. Der kostenlose Standardversand gilt f\u00fcr internationale Bestellungen.<\/p><p>Bitte beachten Sie, dass wir f\u00fcr bestimmte internationale Lieferungen m\u00f6glicherweise anderen Regeln und Beschr\u00e4nkungen unterliegen und dass Sie m\u00f6glicherweise mit zus\u00e4tzlichen Steuern und Geb\u00fchren belastet werden, auf die wir keinen Einfluss haben. In diesem Fall sind Sie daf\u00fcr verantwortlich, die in Ihrem Wohnsitzland geltenden Gesetze einzuhalten, und Sie sind f\u00fcr alle derartigen zus\u00e4tzlichen Geb\u00fchren oder Steuern verantwortlich.<\/p><p><strong><span style=\"font-size: 18pt;\">GIBT ES ANDERE VERSANDBESCHR\u00c4NKUNGEN?<\/span><\/strong><\/p><p>Sendungen an AFO\/FPO-Adressen erfordern eine zus\u00e4tzliche Bearbeitungszeit nach der Lieferung an das Milit\u00e4rpostamt.<\/p><p>Bestellungen werden nur an Werktagen verschickt, von Montag bis Freitag und manchmal auch am Samstag.<\/p><p><strong><span style=\"font-size: 18pt;\">WAS PASSIERT, WENN SICH MEINE BESTELLUNG VERZ\u00d6GERT?<\/span><\/strong><\/p><p>Sollte sich die Lieferung aus irgendeinem Grund verz\u00f6gern, werden wir Sie so schnell wie m\u00f6glich dar\u00fcber informieren und Ihnen ein revidiertes gesch\u00e4tztes Lieferdatum mitteilen.<\/p><p>F\u00fcr Verbraucher in der EU und im Vereinigten K\u00f6nigreich: Ihre gesetzlichen Rechte bleiben davon unber\u00fchrt. Weitere Informationen finden Sie in unseren Allgemeinen Gesch\u00e4ftsbedingungen.<\/p><h2><span style=\"font-size: 18pt;\">IRGENDWELCHE FRAGEN ZUR R\u00dcCKSENDUNG?<\/span><\/h2><p>Wenn Sie Fragen zu R\u00fccksendungen haben, lesen Sie bitte unsere R\u00fccksendebestimmungen: https:\/\/akasavran.com\/return-policy\/.<\/p><h2><span style=\"font-size: 18pt;\">WIE K\u00d6NNEN SIE UNS IN BEZUG AUF DIESE RICHTLINIE KONTAKTIEREN?<\/span><\/h2><p>Wenn Sie weitere Fragen oder Kommentare haben, kontaktieren Sie uns bitte unter der folgenden Adresse:<br \/>E-Mail: support@akasavran.com<br \/>Online-Kontakt: https:\/\/akasavran.com\/contact\/<\/p>\t\t\t\t\t\t<\/div>\n\t\t\t\t<\/div>\n\t\t\t\t\t<\/div>\n\t\t<\/div>\n\t\t\t\t\t<\/div>\n\t\t<\/section>\n\t\t\t\t<\/div>","protected":false},"excerpt":{"rendered":"<p>VERSAND- UND LIEFERPOLITIK Zuletzt aktualisiert am 03. Juli 2022 Diese Versand- und Lieferbedingungen sind Teil unserer (\"Bedingungen\") und sollten daher zusammen mit unseren Hauptbedingungen gelesen werden: https:\/\/akasavran.com\/terms-conditions\/. Bitte lesen Sie unsere Versand- und Lieferbedingungen sorgf\u00e4ltig durch, wenn Sie unsere Produkte kaufen. Diese Richtlinie gilt f\u00fcr jede Bestellung, die Sie bei uns aufgeben. WAS SIND MEINE [...]<\/p>","protected":false},"author":4,"featured_media":0,"parent":0,"menu_order":0,"comment_status":"closed","ping_status":"closed","template":"","meta":{"site-sidebar-layout":"no-sidebar","site-content-layout":"page-builder","ast-site-content-layout":"","site-content-style":"default","site-sidebar-style":"default","ast-global-header-display":"","ast-banner-title-visibility":"","ast-main-header-display":"","ast-hfb-above-header-display":"","ast-hfb-below-header-display":"","ast-hfb-mobile-header-display":"","site-post-title":"disabled","ast-breadcrumbs-content":"","ast-featured-img":"disabled","footer-sml-layout":"","theme-transparent-header-meta":"","adv-header-id-meta":"","stick-header-meta":"","header-above-stick-meta":"","header-main-stick-meta":"","header-below-stick-meta":"","astra-migrate-meta-layouts":"default","ast-page-background-enabled":"default","ast-page-background-meta":{"desktop":{"background-color":"","background-image":"","background-repeat":"repeat","background-position":"center center","background-size":"auto","background-attachment":"scroll","background-type":"","background-media":"","overlay-type":"","overlay-color":"","overlay-gradient":""},"tablet":{"background-color":"","background-image":"","background-repeat":"repeat","background-position":"center center","background-size":"auto","background-attachment":"scroll","background-type":"","background-media":"","overlay-type":"","overlay-color":"","overlay-gradient":""},"mobile":{"background-color":"","background-image":"","background-repeat":"repeat","background-position":"center center","background-size":"auto","background-attachment":"scroll","background-type":"","background-media":"","overlay-type":"","overlay-color":"","overlay-gradient":""}},"ast-content-background-meta":{"desktop":{"background-color":"var(--ast-global-color-5)","background-image":"","background-repeat":"repeat","background-position":"center center","background-size":"auto","background-attachment":"scroll","background-type":"","background-media":"","overlay-type":"","overlay-color":"","overlay-gradient":""},"tablet":{"background-color":"var(--ast-global-color-5)","background-image":"","background-repeat":"repeat","background-position":"center center","background-size":"auto","background-attachment":"scroll","background-type":"","background-media":"","overlay-type":"","overlay-color":"","overlay-gradient":""},"mobile":{"background-color":"var(--ast-global-color-5)","background-image":"","background-repeat":"repeat","background-position":"center center","background-size":"auto","background-attachment":"scroll","background-type":"","background-media":"","overlay-type":"","overlay-color":"","overlay-gradient":""}},"footnotes":""},"_links":{"self":[{"href":"https:\/\/akasavran.com\/de\/wp-json\/wp\/v2\/pages\/2642"}],"collection":[{"href":"https:\/\/akasavran.com\/de\/wp-json\/wp\/v2\/pages"}],"about":[{"href":"https:\/\/akasavran.com\/de\/wp-json\/wp\/v2\/types\/page"}],"author":[{"embeddable":true,"href":"https:\/\/akasavran.com\/de\/wp-json\/wp\/v2\/users\/4"}],"replies":[{"embeddable":true,"href":"https:\/\/akasavran.com\/de\/wp-json\/wp\/v2\/comments?post=2642"}],"version-history":[{"count":0,"href":"https:\/\/akasavran.com\/de\/wp-json\/wp\/v2\/pages\/2642\/revisions"}],"wp:attachment":[{"href":"https:\/\/akasavran.com\/de\/wp-json\/wp\/v2\/media?parent=2642"}],"curies":[{"name":"wp","href":"https:\/\/api.w.org\/{rel}","templated":true}]}}