{"id":541,"date":"2023-04-30T01:54:22","date_gmt":"2023-04-30T00:54:22","guid":{"rendered":"https:\/\/akasavran.com\/collections\/"},"modified":"2023-10-09T18:32:57","modified_gmt":"2023-10-09T16:32:57","slug":"koko-sunglasses-collection","status":"publish","type":"page","link":"https:\/\/akasavran.com\/de\/koko-sonnenbrillen-kollektion\/","title":{"rendered":"KOKO SONNENBRILLEN KOLLEKTION"},"content":{"rendered":"<div data-elementor-type=\"wp-page\" data-elementor-id=\"541\" class=\"elementor elementor-541\" data-elementor-post-type=\"page\">\n\t\t\t\t\t\t<section data-particle_enable=\"false\" data-particle-mobile-disabled=\"false\" class=\"elementor-section elementor-top-section elementor-element elementor-element-744941a elementor-section-boxed elementor-section-height-default elementor-section-height-default\" data-id=\"744941a\" data-element_type=\"section\">\n\t\t\t\t\t\t<div class=\"elementor-container elementor-column-gap-no\">\n\t\t\t\t\t<div class=\"elementor-column elementor-col-100 elementor-top-column elementor-element elementor-element-edd5d81\" data-id=\"edd5d81\" data-element_type=\"column\">\n\t\t\t<div class=\"elementor-widget-wrap elementor-element-populated\">\n\t\t\t\t\t\t<div class=\"elementor-element elementor-element-59689d8 elementor-widget elementor-widget-heading\" data-id=\"59689d8\" data-element_type=\"widget\" data-widget_type=\"heading.default\">\n\t\t\t\t<div class=\"elementor-widget-container\">\n\t\t\t<h1 class=\"elementor-heading-title elementor-size-xl\">KOKO SONNENBRILLEN KOLLEKTION<\/h1>\t\t<\/div>\n\t\t\t\t<\/div>\n\t\t\t\t<section data-particle_enable=\"false\" data-particle-mobile-disabled=\"false\" class=\"elementor-section elementor-inner-section elementor-element elementor-element-c9d29a6 elementor-section-boxed elementor-section-height-default elementor-section-height-default\" data-id=\"c9d29a6\" data-element_type=\"section\">\n\t\t\t\t\t\t<div class=\"elementor-container elementor-column-gap-no\">\n\t\t\t\t\t<div class=\"elementor-column elementor-col-100 elementor-inner-column elementor-element elementor-element-7ae05e2\" data-id=\"7ae05e2\" data-element_type=\"column\">\n\t\t\t<div class=\"elementor-widget-wrap elementor-element-populated\">\n\t\t\t\t\t\t<div class=\"elementor-element elementor-element-0a82466 elementor-widget elementor-widget-image\" data-id=\"0a82466\" data-element_type=\"widget\" data-widget_type=\"image.default\">\n\t\t\t\t<div class=\"elementor-widget-container\">\n\t\t\t\t\t\t\t\t\t\t\t\t\t<img fetchpriority=\"high\" decoding=\"async\" width=\"1024\" height=\"1024\" src=\"https:\/\/akasavran.com\/wp-content\/uploads\/2023\/04\/5.-Kayleigh-Campaign-Image-scaled-e1682693363266-scaled-e1706635833624-1024x1024.jpg\" class=\"attachment-large size-large wp-image-4428\" alt=\"Asiatisches weibliches Model tr\u00e4gt KOKO ROUGE, luxuri\u00f6se runde Sonnenbrille aus der KOKO SUNGLASSES COLLECTION von AKA SAVRAN\" srcset=\"https:\/\/akasavran.com\/wp-content\/uploads\/2023\/04\/5.-Kayleigh-Campaign-Image-scaled-e1682693363266-scaled-e1706635833624-1024x1024.jpg 1024w, https:\/\/akasavran.com\/wp-content\/uploads\/2023\/04\/5.-Kayleigh-Campaign-Image-scaled-e1682693363266-scaled-e1706635833624-300x300.jpg 300w, https:\/\/akasavran.com\/wp-content\/uploads\/2023\/04\/5.-Kayleigh-Campaign-Image-scaled-e1682693363266-scaled-e1706635833624-150x150.jpg 150w, https:\/\/akasavran.com\/wp-content\/uploads\/2023\/04\/5.-Kayleigh-Campaign-Image-scaled-e1682693363266-scaled-e1706635833624-768x768.jpg 768w, https:\/\/akasavran.com\/wp-content\/uploads\/2023\/04\/5.-Kayleigh-Campaign-Image-scaled-e1682693363266-scaled-e1706635833624-1536x1536.jpg 1536w, https:\/\/akasavran.com\/wp-content\/uploads\/2023\/04\/5.-Kayleigh-Campaign-Image-scaled-e1682693363266-scaled-e1706635833624-12x12.jpg 12w, https:\/\/akasavran.com\/wp-content\/uploads\/2023\/04\/5.-Kayleigh-Campaign-Image-scaled-e1682693363266-scaled-e1706635833624-200x200.jpg 200w, https:\/\/akasavran.com\/wp-content\/uploads\/2023\/04\/5.-Kayleigh-Campaign-Image-scaled-e1682693363266-scaled-e1706635833624-600x600.jpg 600w, https:\/\/akasavran.com\/wp-content\/uploads\/2023\/04\/5.-Kayleigh-Campaign-Image-scaled-e1682693363266-scaled-e1706635833624-100x100.jpg 100w, https:\/\/akasavran.com\/wp-content\/uploads\/2023\/04\/5.-Kayleigh-Campaign-Image-scaled-e1682693363266-scaled-e1706635833624.jpg 2043w\" sizes=\"(max-width: 1024px) 100vw, 1024px\" \/>\t\t\t\t\t\t\t\t\t\t\t\t\t<\/div>\n\t\t\t\t<\/div>\n\t\t\t\t\t<\/div>\n\t\t<\/div>\n\t\t\t\t\t<\/div>\n\t\t<\/section>\n\t\t\t\t<section data-particle_enable=\"false\" data-particle-mobile-disabled=\"false\" class=\"elementor-section elementor-inner-section elementor-element elementor-element-e2f4b2d elementor-section-boxed elementor-section-height-default elementor-section-height-default\" data-id=\"e2f4b2d\" data-element_type=\"section\">\n\t\t\t\t\t\t<div class=\"elementor-container elementor-column-gap-no\">\n\t\t\t\t\t<div class=\"elementor-column elementor-col-33 elementor-inner-column elementor-element elementor-element-7f776d4\" data-id=\"7f776d4\" data-element_type=\"column\">\n\t\t\t<div class=\"elementor-widget-wrap elementor-element-populated\">\n\t\t\t\t\t\t<div class=\"elementor-element elementor-element-8e8b533 elementor-widget elementor-widget-heading\" data-id=\"8e8b533\" data-element_type=\"widget\" data-widget_type=\"heading.default\">\n\t\t\t\t<div class=\"elementor-widget-container\">\n\t\t\t<h2 class=\"elementor-heading-title elementor-size-large\">ZEITLOSE SONNENBRILLE<\/h2>\t\t<\/div>\n\t\t\t\t<\/div>\n\t\t\t\t\t<\/div>\n\t\t<\/div>\n\t\t\t\t<div class=\"elementor-column elementor-col-66 elementor-inner-column elementor-element elementor-element-32bf595\" data-id=\"32bf595\" data-element_type=\"column\">\n\t\t\t<div class=\"elementor-widget-wrap elementor-element-populated\">\n\t\t\t\t\t\t<div class=\"elementor-element elementor-element-37a75b9 elementor-widget-divider--view-line elementor-widget elementor-widget-divider\" data-id=\"37a75b9\" data-element_type=\"widget\" data-widget_type=\"divider.default\">\n\t\t\t\t<div class=\"elementor-widget-container\">\n\t\t\t\t\t<div class=\"elementor-divider\">\n\t\t\t<span class=\"elementor-divider-separator\">\n\t\t\t\t\t\t<\/span>\n\t\t<\/div>\n\t\t\t\t<\/div>\n\t\t\t\t<\/div>\n\t\t\t\t<div class=\"elementor-element elementor-element-1d35e47 elementor-widget elementor-widget-text-editor\" data-id=\"1d35e47\" data-element_type=\"widget\" data-widget_type=\"text-editor.default\">\n\t\t\t\t<div class=\"elementor-widget-container\">\n\t\t\t\t\t\t\t<p>Die KOKO SUNGLASSES COLLECTION von AKA SAVRAN - die luxuri\u00f6se runde Sonnenbrille, die zeitlose Eleganz f\u00fcr Damen und Herren verk\u00f6rpert. Gefertigt aus hochwertigem <a href=\"https:\/\/corujasabia.com\/de\/17342\/ist-celluloseacetat-biologisch-abbaubar\">biologisch abbaubarer Acetat<\/a>\u00a0und mit ihren unverwechselbaren farbigen Gl\u00e4sern.<span style=\"font-style: inherit; font-weight: inherit; background-color: var(--ast-global-color-4); color: var(--ast-global-color-3);\">\u00a0KOKO bedeutet \"Hier\" auf Japanisch und erinnert uns daran, pr\u00e4sent zu bleiben und den Moment mit ganzem Herzen zu erleben.<\/span><\/p><p>Au\u00dferdem ist der Name \"KOKO\" eine Hommage an sein zeitloses Design, das von der Kongolesischen Subkultur der <a href=\"https:\/\/afroculture.net\/sapology-an-unavoidable-phenomenon-of-congolese-sappers\/\">Sapologie<\/a>. In Lingala bedeutet \"KOKO\" Gro\u00dfeltern oder Enkel, was die Zeitlosigkeit und die nachhaltige Wirkung dieses Designs symbolisiert.<\/p>\t\t\t\t\t\t<\/div>\n\t\t\t\t<\/div>\n\t\t\t\t\t<\/div>\n\t\t<\/div>\n\t\t\t\t\t<\/div>\n\t\t<\/section>\n\t\t\t\t\t<\/div>\n\t\t<\/div>\n\t\t\t\t\t<\/div>\n\t\t<\/section>\n\t\t\t\t<section data-particle_enable=\"false\" data-particle-mobile-disabled=\"false\" class=\"elementor-section elementor-top-section elementor-element elementor-element-f2346da elementor-section-boxed elementor-section-height-default elementor-section-height-default\" data-id=\"f2346da\" data-element_type=\"section\" data-settings=\"{&quot;background_background&quot;:&quot;classic&quot;}\">\n\t\t\t\t\t\t<div class=\"elementor-container elementor-column-gap-no\">\n\t\t\t\t\t<div class=\"elementor-column elementor-col-100 elementor-top-column elementor-element elementor-element-9162f8d\" data-id=\"9162f8d\" data-element_type=\"column\" data-settings=\"{&quot;background_background&quot;:&quot;classic&quot;}\">\n\t\t\t<div class=\"elementor-widget-wrap elementor-element-populated\">\n\t\t\t\t\t\t<section data-particle_enable=\"false\" data-particle-mobile-disabled=\"false\" class=\"elementor-section elementor-inner-section elementor-element elementor-element-43df189 elementor-reverse-mobile elementor-section-boxed elementor-section-height-default elementor-section-height-default\" data-id=\"43df189\" data-element_type=\"section\">\n\t\t\t\t\t\t<div class=\"elementor-container elementor-column-gap-no\">\n\t\t\t\t\t<div class=\"elementor-column elementor-col-100 elementor-inner-column elementor-element elementor-element-9d51d0a\" data-id=\"9d51d0a\" data-element_type=\"column\">\n\t\t\t<div class=\"elementor-widget-wrap elementor-element-populated\">\n\t\t\t\t\t\t<div class=\"elementor-element elementor-element-e72222d elementor-widget elementor-widget-heading\" data-id=\"e72222d\" data-element_type=\"widget\" data-widget_type=\"heading.default\">\n\t\t\t\t<div class=\"elementor-widget-container\">\n\t\t\t<h3 class=\"elementor-heading-title elementor-size-xl\">KOKO GELB &amp; KOKO ROUGE<\/h3>\t\t<\/div>\n\t\t\t\t<\/div>\n\t\t\t\t\t<\/div>\n\t\t<\/div>\n\t\t\t\t\t<\/div>\n\t\t<\/section>\n\t\t\t\t<div class=\"elementor-element elementor-element-34259ee premium-woo-product-align-center premium-qv-hidden-yes elementor-widget elementor-widget-premium-woo-products\" data-id=\"34259ee\" data-element_type=\"widget\" data-widget_type=\"premium-woo-products.grid-3\">\n\t\t\t\t<div class=\"elementor-widget-container\">\n\t\t\t<div class=\"premium-woocommerce premium-woo-products-grid premium-woo-skin-grid-3 premium-woo-query-custom\" data-page-id=\"541\" data-skin=\"grid_3\" data-quick-view=\"yes\"><div class=\"premium-woo-products-inner premium-woo-product__hover-swap\"><ul class=\"products columns-2\">\n\n<li class=\"post-4432 product first instock taxable shipping-taxable purchasable product-type-simple\">\n\t<div class=\"premium-woo-product-wrapper premium-con-lq__none\">\n\t\t<div class=\"premium-woo-product-thumbnail\"><a href=\"https:\/\/akasavran.com\/de\/produkt\/koko-yellow-sonnenbrille\/\" class=\"woocommerce-LoopProduct-link woocommerce-loop-product__link\"><img decoding=\"async\" src=\"https:\/\/akasavran.com\/wp-content\/uploads\/2023\/04\/KOKO-YELLOW-ANGLE.jpg\" alt=\"KOKO YELLOW, luxuri\u00f6se runde Sonnenbrille mit gelben Gl\u00e4sern von KOKO SUNGLASSES COLLECTION by AKA SAVRAN\"><img decoding=\"async\" width=\"2043\" height=\"2043\" src=\"https:\/\/akasavran.com\/wp-content\/uploads\/2023\/04\/12.-Shuwendly-Campaign-Image-scaled-e1682695554224-scaled-e1706635659505.jpg\" class=\"premium-woo-product__on_hover\" alt=\"Schwarzes m\u00e4nnliches Model tr\u00e4gt KOKO YELLOW, eine luxuri\u00f6se runde Sonnenbrille aus der KOKO SUNGLASSES COLLECTION von AKA SAVRAN\" \/><\/a><div class=\"premium-woo-qv-data\" data-product-id=\"4432\"><\/div><\/div><div class=\"premium-woo-products-details-wrap\"><a href=\"https:\/\/akasavran.com\/de\/produkt\/koko-yellow-sonnenbrille\/\" class=\"premium-woo-product__link\"><h2 class=\"woocommerce-loop-product__title\">KOKO YELLOW Sonnenbrille<\/h2><\/a>\n\t<span class=\"price\"><span class=\"woocommerce-Price-amount amount\"><bdi><span class=\"woocommerce-Price-currencySymbol\">&#36;<\/span>98<\/bdi><\/span><\/span>\n<div class=\"premium-woo-product-actions-wrapper\"><div class=\"premium-woo-atc-button\" data-variations=\"&quot;true&quot;\"><a href=\"?add-to-cart=4432\" aria-describedby=\"woocommerce_loop_add_to_cart_link_describedby_4432\" data-quantity=\"1\" class=\"button product_type_simple add_to_cart_button ajax_add_to_cart\" data-product_id=\"4432\" data-product_sku=\"AKA8LCPT4432\" aria-label=\"In den Warenkorb legen: &quot;KOKO YELLOW Sunglasses&quot;\" rel=\"nofollow\" data-success_message=\"\u201eKOKO YELLOW Sunglasses\u201c wurde deinem Warenkorb hinzugef\u00fcgt\">In den Warenkorb<\/a>\t<span id=\"woocommerce_loop_add_to_cart_link_describedby_4432\" class=\"screen-reader-text\">\n\t\t\t<\/span>\n<\/div><\/div><\/div>\t<\/div>\n<\/li>\n\n<li class=\"post-10988 product last outofstock sale taxable shipping-taxable purchasable product-type-woosb\">\n\t<div class=\"premium-woo-product-wrapper premium-con-lq__none\">\n\t\t<div class=\"premium-woo-product-thumbnail\"><div class=\"premium-woo-ribbon-container\">\t<div class=\"premium-woo-product-sale-wrap\">\r\n\t\t<span class=\"premium-woo-product-onsale\">Verkaufen! <\/span>\r\n\t<\/div>\r\n\t<\/div><a href=\"https:\/\/akasavran.com\/de\/produkt\/koko-sonnenbrillen-bundle\/\" class=\"woocommerce-LoopProduct-link woocommerce-loop-product__link\"><img decoding=\"async\" src=\"https:\/\/akasavran.com\/wp-content\/uploads\/2024\/09\/Bundles.jpg\" alt=\"\"><img decoding=\"async\" width=\"2043\" height=\"2043\" src=\"https:\/\/akasavran.com\/wp-content\/uploads\/2023\/04\/OP-sunglasses-Yellow-Side-Loreen-scaled-e1682775439678-scaled-e1706635735109.jpg\" class=\"premium-woo-product__on_hover\" alt=\"\" \/><\/a><div class=\"premium-woo-qv-data\" data-product-id=\"10988\"><\/div><\/div><div class=\"premium-woo-products-details-wrap\"><a href=\"https:\/\/akasavran.com\/de\/produkt\/koko-sonnenbrillen-bundle\/\" class=\"premium-woo-product__link\"><h2 class=\"woocommerce-loop-product__title\">KOKO-Sonnenbrillen-Paket<\/h2><\/a>\n\t<span class=\"price\"><del aria-hidden=\"true\"><span class=\"woocommerce-Price-amount amount\"><bdi><span class=\"woocommerce-Price-currencySymbol\">&#36;<\/span>294<\/bdi><\/span><\/del> <span class=\"screen-reader-text\">Urspr\u00fcnglicher Preis war: $294<\/span><ins aria-hidden=\"true\"><span class=\"woocommerce-Price-amount amount\"><bdi><span class=\"woocommerce-Price-currencySymbol\">&#36;<\/span>249<\/bdi><\/span><\/ins><span class=\"screen-reader-text\">Aktueller Preis ist: $249.<\/span><\/span>\n<div class=\"premium-woo-product-actions-wrapper\"><div class=\"premium-woo-atc-button\" ><a href=\"https:\/\/akasavran.com\/de\/produkt\/koko-sonnenbrillen-bundle\/\" aria-describedby=\"woocommerce_loop_add_to_cart_link_describedby_10988\" data-quantity=\"1\" class=\"button product_type_woosb\" data-product_id=\"10988\" data-product_sku=\"AKA5C11810988\" aria-label=\"Lesen Sie mehr \u00fcber &quot;KOKO-Sonnenbrillen-Bundle&quot;\" rel=\"nofollow\">Weiterlesen<\/a>\t<span id=\"woocommerce_loop_add_to_cart_link_describedby_10988\" class=\"screen-reader-text\">\n\t\t\t<\/span>\n<\/div><\/div><\/div>\t<\/div>\n<\/li>\n<\/ul>\n<\/div><\/div><div id=\"premium-woo-quick-view-34259ee\" class=\"premium-woo-quick-view-34259ee\">\r\n\t<div class=\"premium-woo-quick-view-back\">\r\n\t\t<div class=\"premium-woo-quick-view-loader\"><\/div>\r\n\t<\/div>\r\n\t<div id=\"premium-woo-quick-view-modal\">\r\n\t\t<div class=\"premium-woo-content-main-wrapper\"><!--\r\n\t\t--><div class=\"premium-woo-content-main\">\r\n\t\t\t\t<div class=\"premium-woo-lightbox-content\">\r\n\r\n\t\t\t\t\t<a href=\"#\" class=\"premium-woo-quick-view-close fa fa-window-close\"><\/a>\r\n\r\n\t\t\t\t\t<div id=\"premium-woo-quick-view-content\" class=\"woocommerce single-product\"><\/div>\r\n\t\t\t\t<\/div>\r\n\t\t\t<\/div>\r\n\t\t<\/div>\r\n\t<\/div>\r\n<\/div>\r\n\t\t<\/div>\n\t\t\t\t<\/div>\n\t\t\t\t\t<\/div>\n\t\t<\/div>\n\t\t\t\t\t<\/div>\n\t\t<\/section>\n\t\t\t\t<section data-particle_enable=\"false\" data-particle-mobile-disabled=\"false\" class=\"elementor-section elementor-top-section elementor-element elementor-element-7029ea9 elementor-section-boxed elementor-section-height-default elementor-section-height-default\" data-id=\"7029ea9\" data-element_type=\"section\" data-settings=\"{&quot;background_background&quot;:&quot;classic&quot;}\">\n\t\t\t\t\t\t<div class=\"elementor-container elementor-column-gap-no\">\n\t\t\t\t\t<div class=\"elementor-column elementor-col-100 elementor-top-column elementor-element elementor-element-73976db\" data-id=\"73976db\" data-element_type=\"column\" data-settings=\"{&quot;background_background&quot;:&quot;classic&quot;}\">\n\t\t\t<div class=\"elementor-widget-wrap elementor-element-populated\">\n\t\t\t\t\t\t<section data-particle_enable=\"false\" data-particle-mobile-disabled=\"false\" class=\"elementor-section elementor-inner-section elementor-element elementor-element-55f750a elementor-section-boxed elementor-section-height-default elementor-section-height-default\" data-id=\"55f750a\" data-element_type=\"section\">\n\t\t\t\t\t\t<div class=\"elementor-container elementor-column-gap-no\">\n\t\t\t\t\t<div class=\"elementor-column elementor-col-100 elementor-inner-column elementor-element elementor-element-b97cdc1\" data-id=\"b97cdc1\" data-element_type=\"column\">\n\t\t\t<div class=\"elementor-widget-wrap elementor-element-populated\">\n\t\t\t\t\t\t<div class=\"elementor-element elementor-element-0e89331 elementor-widget elementor-widget-heading\" data-id=\"0e89331\" data-element_type=\"widget\" data-widget_type=\"heading.default\">\n\t\t\t\t<div class=\"elementor-widget-container\">\n\t\t\t<h3 class=\"elementor-heading-title elementor-size-xl\">KOKO ROUGE &amp; KOKO BLEU<\/h3>\t\t<\/div>\n\t\t\t\t<\/div>\n\t\t\t\t\t<\/div>\n\t\t<\/div>\n\t\t\t\t\t<\/div>\n\t\t<\/section>\n\t\t\t\t<div class=\"elementor-element elementor-element-ab81e04 premium-woo-product-align-center premium-qv-hidden-yes elementor-widget elementor-widget-premium-woo-products\" data-id=\"ab81e04\" data-element_type=\"widget\" data-widget_type=\"premium-woo-products.grid-3\">\n\t\t\t\t<div class=\"elementor-widget-container\">\n\t\t\t<div class=\"premium-woocommerce premium-woo-products-grid premium-woo-skin-grid-3 premium-woo-query-custom\" data-page-id=\"541\" data-skin=\"grid_3\" data-quick-view=\"yes\"><div class=\"premium-woo-products-inner premium-woo-product__hover-swap\"><ul class=\"products columns-2\">\n\n<li class=\"post-4423 product first outofstock taxable shipping-taxable purchasable product-type-simple\">\n\t<div class=\"premium-woo-product-wrapper premium-con-lq__none\">\n\t\t<div class=\"premium-woo-product-thumbnail\"><a href=\"https:\/\/akasavran.com\/de\/produkt\/koko-rouge-sonnenbrille\/\" class=\"woocommerce-LoopProduct-link woocommerce-loop-product__link\"><img decoding=\"async\" src=\"https:\/\/akasavran.com\/wp-content\/uploads\/2023\/04\/KOKO-ROUGE-CORNER-1024x1024.jpg\" alt=\"KOKO ROUGE, luxuri\u00f6se runde Sonnenbrille mit rosa\/roten Gl\u00e4sern von KOKO SUNGLASSES COLLECTION by AKA SAVRAN\"><img loading=\"lazy\" decoding=\"async\" width=\"1024\" height=\"1024\" src=\"https:\/\/akasavran.com\/wp-content\/uploads\/2023\/04\/5.-Kayleigh-Campaign-Image-scaled-e1682693363266-scaled-e1706635833624-1024x1024.jpg\" class=\"premium-woo-product__on_hover\" alt=\"Asiatisches weibliches Model tr\u00e4gt KOKO ROUGE, luxuri\u00f6se runde Sonnenbrille aus der KOKO SUNGLASSES COLLECTION von AKA SAVRAN\" \/><\/a><div class=\"premium-woo-qv-data\" data-product-id=\"4423\"><\/div><\/div><div class=\"premium-woo-products-details-wrap\"><a href=\"https:\/\/akasavran.com\/de\/produkt\/koko-rouge-sonnenbrille\/\" class=\"premium-woo-product__link\"><h2 class=\"woocommerce-loop-product__title\">KOKO ROUGE Sonnenbrille<\/h2><\/a>\n\t<span class=\"price\"><span class=\"woocommerce-Price-amount amount\"><bdi><span class=\"woocommerce-Price-currencySymbol\">&#36;<\/span>98<\/bdi><\/span><\/span>\n<div class=\"premium-woo-product-actions-wrapper\"><div class=\"premium-woo-atc-button\" data-variations=\"&quot;true&quot;\"><a href=\"https:\/\/akasavran.com\/de\/produkt\/koko-rouge-sonnenbrille\/\" aria-describedby=\"woocommerce_loop_add_to_cart_link_describedby_4423\" data-quantity=\"1\" class=\"button product_type_simple\" data-product_id=\"4423\" data-product_sku=\"AKA7G8M34423\" aria-label=\"Lesen Sie mehr \u00fcber &quot;KOKO ROUGE Sunglasses&quot;\" rel=\"nofollow\" data-success_message=\"\">Weiterlesen<\/a>\t<span id=\"woocommerce_loop_add_to_cart_link_describedby_4423\" class=\"screen-reader-text\">\n\t\t\t<\/span>\n<\/div><\/div><\/div>\t<\/div>\n<\/li>\n\n<li class=\"post-4437 product last outofstock taxable shipping-taxable purchasable product-type-simple\">\n\t<div class=\"premium-woo-product-wrapper premium-con-lq__none\">\n\t\t<div class=\"premium-woo-product-thumbnail\"><a href=\"https:\/\/akasavran.com\/de\/produkt\/koko-bleu-sonnenbrille\/\" class=\"woocommerce-LoopProduct-link woocommerce-loop-product__link\"><img decoding=\"async\" src=\"https:\/\/akasavran.com\/wp-content\/uploads\/2023\/04\/KOKO-BLEU-CORNER-1024x1024.jpg\" alt=\"KOKO BLEU, luxuri\u00f6se runde Sonnenbrille von KOKO SONNENBRILLEN KOLLEKTION von AKA SAVRAN\"><img loading=\"lazy\" decoding=\"async\" width=\"1024\" height=\"1024\" src=\"https:\/\/akasavran.com\/wp-content\/uploads\/2023\/04\/EXPORT-AKA-SAVRAN-2-95-scaled-e1713962011975-1024x1024.jpg\" class=\"premium-woo-product__on_hover\" alt=\"\" \/><\/a><div class=\"premium-woo-qv-data\" data-product-id=\"4437\"><\/div><\/div><div class=\"premium-woo-products-details-wrap\"><a href=\"https:\/\/akasavran.com\/de\/produkt\/koko-bleu-sonnenbrille\/\" class=\"premium-woo-product__link\"><h2 class=\"woocommerce-loop-product__title\">KOKO BLEU Sonnenbrille<\/h2><\/a>\n\t<span class=\"price\"><span class=\"woocommerce-Price-amount amount\"><bdi><span class=\"woocommerce-Price-currencySymbol\">&#36;<\/span>98<\/bdi><\/span><\/span>\n<div class=\"premium-woo-product-actions-wrapper\"><div class=\"premium-woo-atc-button\" data-variations=\"&quot;true&quot;\"><a href=\"https:\/\/akasavran.com\/de\/produkt\/koko-bleu-sonnenbrille\/\" aria-describedby=\"woocommerce_loop_add_to_cart_link_describedby_4437\" data-quantity=\"1\" class=\"button product_type_simple\" data-product_id=\"4437\" data-product_sku=\"AKA73PH64437\" aria-label=\"Lesen Sie mehr \u00fcber &quot;KOKO BLEU Sunglasses&quot;\" rel=\"nofollow\" data-success_message=\"\">Weiterlesen<\/a>\t<span id=\"woocommerce_loop_add_to_cart_link_describedby_4437\" class=\"screen-reader-text\">\n\t\t\t<\/span>\n<\/div><\/div><\/div>\t<\/div>\n<\/li>\n<\/ul>\n<\/div><\/div><div id=\"premium-woo-quick-view-ab81e04\" class=\"premium-woo-quick-view-ab81e04\">\r\n\t<div class=\"premium-woo-quick-view-back\">\r\n\t\t<div class=\"premium-woo-quick-view-loader\"><\/div>\r\n\t<\/div>\r\n\t<div id=\"premium-woo-quick-view-modal\">\r\n\t\t<div class=\"premium-woo-content-main-wrapper\"><!--\r\n\t\t--><div class=\"premium-woo-content-main\">\r\n\t\t\t\t<div class=\"premium-woo-lightbox-content\">\r\n\r\n\t\t\t\t\t<a href=\"#\" class=\"premium-woo-quick-view-close fa fa-window-close\"><\/a>\r\n\r\n\t\t\t\t\t<div id=\"premium-woo-quick-view-content\" class=\"woocommerce single-product\"><\/div>\r\n\t\t\t\t<\/div>\r\n\t\t\t<\/div>\r\n\t\t<\/div>\r\n\t<\/div>\r\n<\/div>\r\n\t\t<\/div>\n\t\t\t\t<\/div>\n\t\t\t\t\t<\/div>\n\t\t<\/div>\n\t\t\t\t\t<\/div>\n\t\t<\/section>\n\t\t\t\t<\/div>","protected":false},"excerpt":{"rendered":"<p>KOKO SUNGLASSES COLLECTION TIMELESS SUNGLASSES Introducing KOKO SUNGLASSES COLLECTION by AKA SAVRAN &#8211; The luxurious round sunglasses that embody timeless elegance for men and women. Crafted from premium biodegradable acetate\u00a0and\u00a0featuring its distinctive colourful lenses.\u00a0KOKO meaning &#8220;Here&#8221; in Japanese, is a reminder to stay present and wholeheartedly experience the moment. In addition, the name &#8220;KOKO&#8221; pays [&hellip;]<\/p>","protected":false},"author":4,"featured_media":4428,"parent":0,"menu_order":0,"comment_status":"closed","ping_status":"closed","template":"","meta":{"site-sidebar-layout":"no-sidebar","site-content-layout":"page-builder","ast-site-content-layout":"","site-content-style":"default","site-sidebar-style":"default","ast-global-header-display":"","ast-banner-title-visibility":"","ast-main-header-display":"","ast-hfb-above-header-display":"","ast-hfb-below-header-display":"","ast-hfb-mobile-header-display":"","site-post-title":"disabled","ast-breadcrumbs-content":"disabled","ast-featured-img":"disabled","footer-sml-layout":"","theme-transparent-header-meta":"default","adv-header-id-meta":"","stick-header-meta":"","header-above-stick-meta":"","header-main-stick-meta":"","header-below-stick-meta":"","astra-migrate-meta-layouts":"default","ast-page-background-enabled":"default","ast-page-background-meta":{"desktop":{"background-color":"","background-image":"","background-repeat":"repeat","background-position":"center center","background-size":"auto","background-attachment":"scroll","background-type":"","background-media":"","overlay-type":"","overlay-color":"","overlay-gradient":""},"tablet":{"background-color":"","background-image":"","background-repeat":"repeat","background-position":"center center","background-size":"auto","background-attachment":"scroll","background-type":"","background-media":"","overlay-type":"","overlay-color":"","overlay-gradient":""},"mobile":{"background-color":"","background-image":"","background-repeat":"repeat","background-position":"center center","background-size":"auto","background-attachment":"scroll","background-type":"","background-media":"","overlay-type":"","overlay-color":"","overlay-gradient":""}},"ast-content-background-meta":{"desktop":{"background-color":"var(--ast-global-color-5)","background-image":"","background-repeat":"repeat","background-position":"center center","background-size":"auto","background-attachment":"scroll","background-type":"","background-media":"","overlay-type":"","overlay-color":"","overlay-gradient":""},"tablet":{"background-color":"var(--ast-global-color-5)","background-image":"","background-repeat":"repeat","background-position":"center center","background-size":"auto","background-attachment":"scroll","background-type":"","background-media":"","overlay-type":"","overlay-color":"","overlay-gradient":""},"mobile":{"background-color":"var(--ast-global-color-5)","background-image":"","background-repeat":"repeat","background-position":"center center","background-size":"auto","background-attachment":"scroll","background-type":"","background-media":"","overlay-type":"","overlay-color":"","overlay-gradient":""}},"footnotes":""},"_links":{"self":[{"href":"https:\/\/akasavran.com\/de\/wp-json\/wp\/v2\/pages\/541"}],"collection":[{"href":"https:\/\/akasavran.com\/de\/wp-json\/wp\/v2\/pages"}],"about":[{"href":"https:\/\/akasavran.com\/de\/wp-json\/wp\/v2\/types\/page"}],"author":[{"embeddable":true,"href":"https:\/\/akasavran.com\/de\/wp-json\/wp\/v2\/users\/4"}],"replies":[{"embeddable":true,"href":"https:\/\/akasavran.com\/de\/wp-json\/wp\/v2\/comments?post=541"}],"version-history":[{"count":0,"href":"https:\/\/akasavran.com\/de\/wp-json\/wp\/v2\/pages\/541\/revisions"}],"wp:featuredmedia":[{"embeddable":true,"href":"https:\/\/akasavran.com\/de\/wp-json\/wp\/v2\/media\/4428"}],"wp:attachment":[{"href":"https:\/\/akasavran.com\/de\/wp-json\/wp\/v2\/media?parent=541"}],"curies":[{"name":"wp","href":"https:\/\/api.w.org\/{rel}","templated":true}]}}