{"id":2309,"date":"2022-06-04T20:17:16","date_gmt":"2022-06-04T19:17:16","guid":{"rendered":"https:\/\/akasavran.com\/?page_id=2309"},"modified":"2024-01-24T16:30:34","modified_gmt":"2024-01-24T14:30:34","slug":"sustainability","status":"publish","type":"page","link":"https:\/\/akasavran.com\/es\/sostenibilidad\/","title":{"rendered":"Desafiar la sostenibilidad en la exclusiva industria del lujo"},"content":{"rendered":"<div data-elementor-type=\"wp-page\" data-elementor-id=\"2309\" class=\"elementor elementor-2309\" data-elementor-post-type=\"page\">\n\t\t\t\t\t\t<section data-particle_enable=\"false\" data-particle-mobile-disabled=\"false\" class=\"elementor-section elementor-top-section elementor-element elementor-element-d8c6073 elementor-section-boxed elementor-section-height-default elementor-section-height-default\" data-id=\"d8c6073\" data-element_type=\"section\">\n\t\t\t\t\t\t<div class=\"elementor-container elementor-column-gap-default\">\n\t\t\t\t\t<div class=\"elementor-column elementor-col-100 elementor-top-column elementor-element elementor-element-1a4bda0\" data-id=\"1a4bda0\" data-element_type=\"column\">\n\t\t\t<div class=\"elementor-widget-wrap elementor-element-populated\">\n\t\t\t\t\t\t<div class=\"elementor-element elementor-element-8b9305d elementor-widget elementor-widget-heading\" data-id=\"8b9305d\" data-element_type=\"widget\" data-widget_type=\"heading.default\">\n\t\t\t\t<div class=\"elementor-widget-container\">\n\t\t\t<h1 class=\"elementor-heading-title elementor-size-xxl\">Desafiar la sostenibilidad en la exclusiva industria del lujo<\/h1>\t\t<\/div>\n\t\t\t\t<\/div>\n\t\t\t\t\t<\/div>\n\t\t<\/div>\n\t\t\t\t\t<\/div>\n\t\t<\/section>\n\t\t\t\t<section data-particle_enable=\"false\" data-particle-mobile-disabled=\"false\" class=\"elementor-section elementor-top-section elementor-element elementor-element-aced261 elementor-section-boxed elementor-section-height-default elementor-section-height-default\" data-id=\"aced261\" data-element_type=\"section\">\n\t\t\t\t\t\t<div class=\"elementor-container elementor-column-gap-default\">\n\t\t\t\t\t<div class=\"elementor-column elementor-col-100 elementor-top-column elementor-element elementor-element-55f91ce\" data-id=\"55f91ce\" data-element_type=\"column\">\n\t\t\t<div class=\"elementor-widget-wrap elementor-element-populated\">\n\t\t\t\t\t\t<div class=\"elementor-element elementor-element-3307ec7 elementor-widget elementor-widget-image\" data-id=\"3307ec7\" data-element_type=\"widget\" data-widget_type=\"image.default\">\n\t\t\t\t<div class=\"elementor-widget-container\">\n\t\t\t\t\t\t\t\t\t\t\t\t\t<img fetchpriority=\"high\" decoding=\"async\" width=\"1024\" height=\"683\" src=\"https:\/\/akasavran.com\/wp-content\/uploads\/2022\/04\/sebastian-coman-travel-dtOTQYmTEs0-unsplash-min-1024x683.jpg\" class=\"attachment-large size-large wp-image-1948\" alt=\"Gafas transparentes de sostenibilidad con lentes \u00e1mbar de industria de lujo y mar de fondo\" srcset=\"https:\/\/akasavran.com\/wp-content\/uploads\/2022\/04\/sebastian-coman-travel-dtOTQYmTEs0-unsplash-min-1024x683.jpg 1024w, https:\/\/akasavran.com\/wp-content\/uploads\/2022\/04\/sebastian-coman-travel-dtOTQYmTEs0-unsplash-min-300x200.jpg 300w, https:\/\/akasavran.com\/wp-content\/uploads\/2022\/04\/sebastian-coman-travel-dtOTQYmTEs0-unsplash-min-600x400.jpg 600w, https:\/\/akasavran.com\/wp-content\/uploads\/2022\/04\/sebastian-coman-travel-dtOTQYmTEs0-unsplash-min-768x512.jpg 768w, https:\/\/akasavran.com\/wp-content\/uploads\/2022\/04\/sebastian-coman-travel-dtOTQYmTEs0-unsplash-min-1536x1024.jpg 1536w, https:\/\/akasavran.com\/wp-content\/uploads\/2022\/04\/sebastian-coman-travel-dtOTQYmTEs0-unsplash-min-2048x1365.jpg 2048w\" sizes=\"(max-width: 1024px) 100vw, 1024px\" \/>\t\t\t\t\t\t\t\t\t\t\t\t\t<\/div>\n\t\t\t\t<\/div>\n\t\t\t\t\t<\/div>\n\t\t<\/div>\n\t\t\t\t\t<\/div>\n\t\t<\/section>\n\t\t\t\t<section data-particle_enable=\"false\" data-particle-mobile-disabled=\"false\" class=\"elementor-section elementor-top-section elementor-element elementor-element-86625da elementor-section-boxed elementor-section-height-default elementor-section-height-default\" data-id=\"86625da\" data-element_type=\"section\">\n\t\t\t\t\t\t<div class=\"elementor-container elementor-column-gap-default\">\n\t\t\t\t\t<div class=\"elementor-column elementor-col-100 elementor-top-column elementor-element elementor-element-80662f3\" data-id=\"80662f3\" data-element_type=\"column\">\n\t\t\t<div class=\"elementor-widget-wrap elementor-element-populated\">\n\t\t\t\t\t\t<div class=\"elementor-element elementor-element-c5291a8 elementor-widget elementor-widget-text-editor\" data-id=\"c5291a8\" data-element_type=\"widget\" data-widget_type=\"text-editor.default\">\n\t\t\t\t<div class=\"elementor-widget-container\">\n\t\t\t\t\t\t\t<p>Las marcas del sector de las gafas y el lujo, al igual que otras empresas, se ven presionadas para hacer frente a retos medioambientales, sociales y \u00e9ticos como el cambio clim\u00e1tico, la escasez de recursos, el estr\u00e9s h\u00eddrico, el trabajo infantil y forzado, el soborno y la corrupci\u00f3n.\u00a0\u00a0<\/p><p>Las firmas de moda de lujo, al igual que otras corporaciones en la \u00faltima d\u00e9cada, se han subido al carro de la publicidad de la sostenibilidad y la RSC. Aunque un n\u00famero creciente de marcas de lujo se ha esforzado por publicar sus pr\u00e1cticas de sostenibilidad, la capacidad general del sector para cumplir sus afirmaciones sigue estando en entredicho.<\/p>\t\t\t\t\t\t<\/div>\n\t\t\t\t<\/div>\n\t\t\t\t\t<\/div>\n\t\t<\/div>\n\t\t\t\t\t<\/div>\n\t\t<\/section>\n\t\t\t\t<section data-particle_enable=\"false\" data-particle-mobile-disabled=\"false\" class=\"elementor-section elementor-top-section elementor-element elementor-element-81fd2ce elementor-section-boxed elementor-section-height-default elementor-section-height-default\" data-id=\"81fd2ce\" data-element_type=\"section\">\n\t\t\t\t\t\t<div class=\"elementor-container elementor-column-gap-default\">\n\t\t\t\t\t<div class=\"elementor-column elementor-col-100 elementor-top-column elementor-element elementor-element-79034e5\" data-id=\"79034e5\" data-element_type=\"column\">\n\t\t\t<div class=\"elementor-widget-wrap elementor-element-populated\">\n\t\t\t\t\t\t<div class=\"elementor-element elementor-element-150f7cb elementor-widget elementor-widget-heading\" data-id=\"150f7cb\" data-element_type=\"widget\" data-widget_type=\"heading.default\">\n\t\t\t\t<div class=\"elementor-widget-container\">\n\t\t\t<h2 class=\"elementor-heading-title elementor-size-xl\">\u00bfQu\u00e9 retos plantea la sostenibilidad en la industria del lujo?<\/h2>\t\t<\/div>\n\t\t\t\t<\/div>\n\t\t\t\t\t<\/div>\n\t\t<\/div>\n\t\t\t\t\t<\/div>\n\t\t<\/section>\n\t\t\t\t<section data-particle_enable=\"false\" data-particle-mobile-disabled=\"false\" class=\"elementor-section elementor-top-section elementor-element elementor-element-4458018 elementor-section-boxed elementor-section-height-default elementor-section-height-default\" data-id=\"4458018\" data-element_type=\"section\">\n\t\t\t\t\t\t<div class=\"elementor-container elementor-column-gap-default\">\n\t\t\t\t\t<div class=\"elementor-column elementor-col-100 elementor-top-column elementor-element elementor-element-08bb8c8\" data-id=\"08bb8c8\" data-element_type=\"column\">\n\t\t\t<div class=\"elementor-widget-wrap elementor-element-populated\">\n\t\t\t\t\t\t<div class=\"elementor-element elementor-element-5e7dacf elementor-widget elementor-widget-heading\" data-id=\"5e7dacf\" data-element_type=\"widget\" data-widget_type=\"heading.default\">\n\t\t\t\t<div class=\"elementor-widget-container\">\n\t\t\t<h3 class=\"elementor-heading-title elementor-size-large\">Sostenibilidad medioambiental<\/h3>\t\t<\/div>\n\t\t\t\t<\/div>\n\t\t\t\t<div class=\"elementor-element elementor-element-5cb1523 elementor-widget elementor-widget-text-editor\" data-id=\"5cb1523\" data-element_type=\"widget\" data-widget_type=\"text-editor.default\">\n\t\t\t\t<div class=\"elementor-widget-container\">\n\t\t\t\t\t\t\t<p>Para empezar, las redes de suministro globales, complicadas y dif\u00edciles de rastrear hacen que garantizar la sostenibilidad de los materiales sea cada vez m\u00e1s dif\u00edcil. Seg\u00fan <a href=\"https:\/\/ugc.futurelearn.com\/uploads\/files\/20\/c9\/20c95cb1-5bae-45d6-bb06-d10a5ad1bd2c\/CSF_FL_Factsheet_3.2.1b.pdf\">estudios medioambientales realizados por Kering<\/a>, el 75% del impacto medioambiental total se genera al principio de la cadena de suministro, con un 50% de las consecuencias asociadas a la producci\u00f3n de materias primas (cultivo de algod\u00f3n, ganader\u00eda, extracci\u00f3n de minerales\/metales, etc.). Adem\u00e1s, otro 25% de sus consecuencias est\u00e1n relacionadas con la transformaci\u00f3n de las materias primas (incluido el cuero, los metales y la hilatura textil).<\/p>\t\t\t\t\t\t<\/div>\n\t\t\t\t<\/div>\n\t\t\t\t\t<\/div>\n\t\t<\/div>\n\t\t\t\t\t<\/div>\n\t\t<\/section>\n\t\t\t\t<section data-particle_enable=\"false\" data-particle-mobile-disabled=\"false\" class=\"elementor-section elementor-top-section elementor-element elementor-element-075d2b3 elementor-section-boxed elementor-section-height-default elementor-section-height-default\" data-id=\"075d2b3\" data-element_type=\"section\">\n\t\t\t\t\t\t<div class=\"elementor-container elementor-column-gap-default\">\n\t\t\t\t\t<div class=\"elementor-column elementor-col-100 elementor-top-column elementor-element elementor-element-33386b9\" data-id=\"33386b9\" data-element_type=\"column\">\n\t\t\t<div class=\"elementor-widget-wrap elementor-element-populated\">\n\t\t\t\t\t\t<div class=\"elementor-element elementor-element-8ed1ff7 elementor-widget elementor-widget-heading\" data-id=\"8ed1ff7\" data-element_type=\"widget\" data-widget_type=\"heading.default\">\n\t\t\t\t<div class=\"elementor-widget-container\">\n\t\t\t<h3 class=\"elementor-heading-title elementor-size-large\">Sostenibilidad social y \u00e9tica<\/h3>\t\t<\/div>\n\t\t\t\t<\/div>\n\t\t\t\t<div class=\"elementor-element elementor-element-bf51c00 elementor-widget elementor-widget-text-editor\" data-id=\"bf51c00\" data-element_type=\"widget\" data-widget_type=\"text-editor.default\">\n\t\t\t\t<div class=\"elementor-widget-container\">\n\t\t\t\t\t\t\t<p>A pesar de su reputaci\u00f3n de frivolidad (o quiz\u00e1 debido a ella), las investigaciones han revelado que los compradores de lujo experimentan un sentimiento de culpa. En el lado positivo, numerosas encuestas realizadas por empresas como <a href=\"https:\/\/www.bain.com\/insights\/luxury-after-coronavirus\/\">Bain<\/a> y <a href=\"https:\/\/www.bcg.com\/en-us\/publications\/2020\/fashion-industry-reset-covid\">Boston Consulting Group<\/a> han revelado que los consumidores de lujo se preocupan por la sostenibilidad, el prop\u00f3sito y el impacto. De hecho, muchas personas ya han demostrado su voluntad de hacer el bien mediante donaciones.<\/p>\t\t\t\t\t\t<\/div>\n\t\t\t\t<\/div>\n\t\t\t\t\t<\/div>\n\t\t<\/div>\n\t\t\t\t\t<\/div>\n\t\t<\/section>\n\t\t\t\t<section data-particle_enable=\"false\" data-particle-mobile-disabled=\"false\" class=\"elementor-section elementor-top-section elementor-element elementor-element-4d0a92e elementor-section-boxed elementor-section-height-default elementor-section-height-default\" data-id=\"4d0a92e\" data-element_type=\"section\">\n\t\t\t\t\t\t<div class=\"elementor-container elementor-column-gap-default\">\n\t\t\t\t\t<div class=\"elementor-column elementor-col-100 elementor-top-column elementor-element elementor-element-9ef0d52\" data-id=\"9ef0d52\" data-element_type=\"column\">\n\t\t\t<div class=\"elementor-widget-wrap elementor-element-populated\">\n\t\t\t\t\t\t<div class=\"elementor-element elementor-element-4501222 elementor-widget elementor-widget-heading\" data-id=\"4501222\" data-element_type=\"widget\" data-widget_type=\"heading.default\">\n\t\t\t\t<div class=\"elementor-widget-container\">\n\t\t\t<h2 class=\"elementor-heading-title elementor-size-xl\">Sostenibilidad en AKA SAVRAN<\/h2>\t\t<\/div>\n\t\t\t\t<\/div>\n\t\t\t\t<div class=\"elementor-element elementor-element-82beb04 elementor-widget elementor-widget-text-editor\" data-id=\"82beb04\" data-element_type=\"widget\" data-widget_type=\"text-editor.default\">\n\t\t\t\t<div class=\"elementor-widget-container\">\n\t\t\t\t\t\t\t<p>Dentro de la organizaci\u00f3n, nuestro objetivo es romper y desafiar la actual industria del lujo y de las gafas de lujo. Las gafas de lujo son a menudo el punto de entrada del nuevo p\u00fablico de lujo y en AKA SAVRAN creemos que las gafas deben desempe\u00f1ar su papel en la mejora de la sostenibilidad.\u00a0<\/p><p>En AKA SAVRAN mejoramos la sostenibilidad proporcionando acetato biodegradable a nuestra comunidad y utilizando materiales sostenibles como el metal y el titanio, al tiempo que limitamos el uso del pl\u00e1stico.<\/p>\t\t\t\t\t\t<\/div>\n\t\t\t\t<\/div>\n\t\t\t\t\t<\/div>\n\t\t<\/div>\n\t\t\t\t\t<\/div>\n\t\t<\/section>\n\t\t\t\t<\/div>","protected":false},"excerpt":{"rendered":"<p>Desaf\u00edo a la sostenibilidad en la exclusiva industria del lujo Las marcas de lujo dentro de la industria de las gafas y el lujo, al igual que otras empresas, se ven presionadas para hacer frente a desaf\u00edos medioambientales, sociales y \u00e9ticos como el cambio clim\u00e1tico, la escasez de recursos, el estr\u00e9s h\u00eddrico, el trabajo infantil y forzado, el soborno y la corrupci\u00f3n.   Las firmas de moda de lujo, como otras corporaciones en la \u00faltima d\u00e9cada, han saltado [...]<\/p>","protected":false},"author":4,"featured_media":0,"parent":0,"menu_order":0,"comment_status":"closed","ping_status":"closed","template":"","meta":{"site-sidebar-layout":"no-sidebar","site-content-layout":"page-builder","ast-site-content-layout":"","site-content-style":"default","site-sidebar-style":"default","ast-global-header-display":"","ast-banner-title-visibility":"","ast-main-header-display":"","ast-hfb-above-header-display":"","ast-hfb-below-header-display":"","ast-hfb-mobile-header-display":"","site-post-title":"disabled","ast-breadcrumbs-content":"","ast-featured-img":"disabled","footer-sml-layout":"","theme-transparent-header-meta":"","adv-header-id-meta":"","stick-header-meta":"","header-above-stick-meta":"","header-main-stick-meta":"","header-below-stick-meta":"","astra-migrate-meta-layouts":"default","ast-page-background-enabled":"default","ast-page-background-meta":{"desktop":{"background-color":"","background-image":"","background-repeat":"repeat","background-position":"center center","background-size":"auto","background-attachment":"scroll","background-type":"","background-media":"","overlay-type":"","overlay-color":"","overlay-gradient":""},"tablet":{"background-color":"","background-image":"","background-repeat":"repeat","background-position":"center center","background-size":"auto","background-attachment":"scroll","background-type":"","background-media":"","overlay-type":"","overlay-color":"","overlay-gradient":""},"mobile":{"background-color":"","background-image":"","background-repeat":"repeat","background-position":"center center","background-size":"auto","background-attachment":"scroll","background-type":"","background-media":"","overlay-type":"","overlay-color":"","overlay-gradient":""}},"ast-content-background-meta":{"desktop":{"background-color":"var(--ast-global-color-5)","background-image":"","background-repeat":"repeat","background-position":"center center","background-size":"auto","background-attachment":"scroll","background-type":"","background-media":"","overlay-type":"","overlay-color":"","overlay-gradient":""},"tablet":{"background-color":"var(--ast-global-color-5)","background-image":"","background-repeat":"repeat","background-position":"center center","background-size":"auto","background-attachment":"scroll","background-type":"","background-media":"","overlay-type":"","overlay-color":"","overlay-gradient":""},"mobile":{"background-color":"var(--ast-global-color-5)","background-image":"","background-repeat":"repeat","background-position":"center center","background-size":"auto","background-attachment":"scroll","background-type":"","background-media":"","overlay-type":"","overlay-color":"","overlay-gradient":""}},"footnotes":""},"_links":{"self":[{"href":"https:\/\/akasavran.com\/es\/wp-json\/wp\/v2\/pages\/2309"}],"collection":[{"href":"https:\/\/akasavran.com\/es\/wp-json\/wp\/v2\/pages"}],"about":[{"href":"https:\/\/akasavran.com\/es\/wp-json\/wp\/v2\/types\/page"}],"author":[{"embeddable":true,"href":"https:\/\/akasavran.com\/es\/wp-json\/wp\/v2\/users\/4"}],"replies":[{"embeddable":true,"href":"https:\/\/akasavran.com\/es\/wp-json\/wp\/v2\/comments?post=2309"}],"version-history":[{"count":0,"href":"https:\/\/akasavran.com\/es\/wp-json\/wp\/v2\/pages\/2309\/revisions"}],"wp:attachment":[{"href":"https:\/\/akasavran.com\/es\/wp-json\/wp\/v2\/media?parent=2309"}],"curies":[{"name":"wp","href":"https:\/\/api.w.org\/{rel}","templated":true}]}}