{"id":2630,"date":"2022-07-03T16:39:16","date_gmt":"2022-07-03T15:39:16","guid":{"rendered":"https:\/\/akasavran.com\/?page_id=2630"},"modified":"2022-07-03T16:51:07","modified_gmt":"2022-07-03T15:51:07","slug":"return-policy","status":"publish","type":"page","link":"https:\/\/akasavran.com\/es\/politica-de-devolucion\/","title":{"rendered":"Pol\u00edtica de devoluciones"},"content":{"rendered":"<div data-elementor-type=\"wp-page\" data-elementor-id=\"2630\" class=\"elementor elementor-2630\" data-elementor-post-type=\"page\">\n\t\t\t\t\t\t<section data-particle_enable=\"false\" data-particle-mobile-disabled=\"false\" class=\"elementor-section elementor-top-section elementor-element elementor-element-89057d5 elementor-section-boxed elementor-section-height-default elementor-section-height-default\" data-id=\"89057d5\" data-element_type=\"section\">\n\t\t\t\t\t\t<div class=\"elementor-container elementor-column-gap-default\">\n\t\t\t\t\t<div class=\"elementor-column elementor-col-100 elementor-top-column elementor-element elementor-element-2f30c6e\" data-id=\"2f30c6e\" data-element_type=\"column\">\n\t\t\t<div class=\"elementor-widget-wrap elementor-element-populated\">\n\t\t\t\t\t\t<div class=\"elementor-element elementor-element-5e87885 elementor-widget elementor-widget-heading\" data-id=\"5e87885\" data-element_type=\"widget\" data-widget_type=\"heading.default\">\n\t\t\t\t<div class=\"elementor-widget-container\">\n\t\t\t<h1 class=\"elementor-heading-title elementor-size-xl\">Pol\u00edtica de devoluciones<\/h1>\t\t<\/div>\n\t\t\t\t<\/div>\n\t\t\t\t<div class=\"elementor-element elementor-element-79298b8 elementor-widget elementor-widget-text-editor\" data-id=\"79298b8\" data-element_type=\"widget\" data-widget_type=\"text-editor.default\">\n\t\t\t\t<div class=\"elementor-widget-container\">\n\t\t\t\t\t\t\t<div data-custom-class=\"body\"><div><div class=\"MsoNormal\" style=\"text-align: center; line-height: 115%;\" align=\"center\"><div class=\"MsoNormal\" style=\"text-align: left; line-height: 150%;\" align=\"center\"><span style=\"font-size: 15px;\"><span style=\"color: #595959;\"><strong><span data-custom-class=\"subtitle\">\u00daltima actualizaci\u00f3n: 03 de julio de 2022<\/span><\/strong><\/span><\/span><\/div><div class=\"MsoNormal\" style=\"text-align: left; line-height: 150%;\" align=\"center\">\u00a0<\/div><\/div><div class=\"MsoNormal\" style=\"line-height: 1.5;\" data-custom-class=\"body_text\"><span style=\"font-size: 15px; line-height: 115%; font-family: Arial; color: #595959;\">Gracias por su compra. Esperamos que est\u00e9 satisfecho con su compra. Sin embargo, si no est\u00e1 completamente satisfecho con su compra por cualquier motivo, puede devolv\u00e9rnosla para obtener un cr\u00e9dito en la tienda o un cambio. A continuaci\u00f3n encontrar\u00e1 m\u00e1s informaci\u00f3n sobre nuestra pol\u00edtica de devoluciones.<\/span><\/div><\/div><div style=\"line-height: 1.5;\">\u00a0<\/div><div><div class=\"MsoNormal\" style=\"line-height: 115%;\" data-custom-class=\"heading_1\"><a name=\"_iwimutmowezb\"><\/a><strong><span style=\"line-height: 115%; font-family: Arial; font-size: 19px;\">DEVOLUCIONES<\/span><\/strong><\/div><\/div><div style=\"line-height: 1.5;\">\u00a0<\/div><div><div class=\"MsoNormal\" style=\"line-height: 1.5;\" data-custom-class=\"body_text\"><span style=\"font-size: 15px; line-height: 115%; font-family: Arial; color: #595959;\">Todas las devoluciones deben estar mataselladas en un plazo de treinta y cinco (35) d\u00edas a partir de la fecha de compra. Todos los art\u00edculos devueltos deben estar nuevos y sin usar, con todas las etiquetas originales.<\/span><\/div><\/div><div style=\"line-height: 1.5;\">\u00a0<\/div><div><div class=\"MsoNormal\" style=\"line-height: 1.5;\" data-custom-class=\"heading_1\"><a name=\"_16t1v96tankw\"><\/a><strong><span style=\"line-height: 115%; font-family: Arial; font-size: 19px;\">PROCESO DE DEVOLUCI\u00d3N<\/span><\/strong><\/div><\/div><div style=\"line-height: 1.5;\">\u00a0<\/div><div><div class=\"MsoNormal\" style=\"line-height: 1.5;\" data-custom-class=\"body_text\"><span style=\"font-size: 15px; line-height: 115%; font-family: Arial; color: #595959;\">Para devolver un art\u00edculo, env\u00ede un correo electr\u00f3nico al servicio de atenci\u00f3n al cliente a support@akasavran.com para obtener un n\u00famero de autorizaci\u00f3n de devoluci\u00f3n de mercanc\u00eda (RMA). Una vez recibido el n\u00famero RMA, coloque el art\u00edculo en su embalaje original, incluya el comprobante de compra y env\u00edelo por correo a la siguiente direcci\u00f3n:<\/span><\/div><div class=\"MsoNormal\" style=\"line-height: 1.1;\"><span style=\"font-size: 15px;\"><span style=\"line-height: 115%; font-family: Arial; color: #595959;\">\u00a0<\/span><\/span><\/div><div class=\"MsoNormal\" style=\"line-height: 115%;\" data-custom-class=\"body_text\"><span style=\"font-size: 15px;\"><span style=\"line-height: 115%; font-family: Arial; color: #595959;\">AKA SAVRAN<br \/><\/span><\/span><\/div><div class=\"MsoNormal\" style=\"line-height: 1.5;\" data-custom-class=\"body_text\"><span style=\"font-size: 15px;\"><span style=\"line-height: 115%; font-family: Arial; color: #595959;\">Attn: Devoluciones<\/span><\/span><\/div><div class=\"MsoNormal\" style=\"line-height: 1.5;\" data-custom-class=\"body_text\"><span style=\"font-size: 15px;\"><span style=\"line-height: 115%; font-family: Arial; color: #595959;\">RMA #<\/span><\/span><\/div><div class=\"MsoNormal\" style=\"line-height: 1.5;\" data-custom-class=\"body_text\"><span style=\"font-size: 15px;\"><span style=\"color: #595959;\">Liendertseweg 62B<\/span><\/span><\/div><div class=\"MsoNormal\" style=\"line-height: 1.5;\" data-custom-class=\"body_text\"><span style=\"font-size: 15px;\"><span style=\"line-height: 115%; font-family: Arial; color: #595959;\">Amersfoort, Utrecht 3814PL<\/span><\/span><\/div><div class=\"MsoNormal\" style=\"line-height: 1.5;\" data-custom-class=\"body_text\"><span style=\"font-size: 15px;\"><span style=\"line-height: 115%; font-family: Arial; color: #595959;\">Pa\u00edses Bajos<\/span><\/span><\/div><\/div><div style=\"line-height: 1.1;\">\u00a0<\/div><div><div class=\"MsoNormal\" style=\"line-height: 1.5;\" data-custom-class=\"body_text\"><span style=\"font-size: 15px; line-height: 115%; font-family: Arial; color: #595959;\">Los gastos de env\u00edo de la devoluci\u00f3n ser\u00e1n pagados o reembolsados por nosotros.\u00a0<\/span><\/div><div class=\"MsoNormal\" style=\"line-height: 1.5;\">\u00a0<\/div><div class=\"MsoNormal\" style=\"line-height: 1.5;\" data-custom-class=\"heading_1\"><a name=\"_qxq7t4ufn5pr\"><\/a><strong><span style=\"line-height: 115%; font-family: Arial; font-size: 19px;\">REEMBOLSOS<\/span><\/strong><\/div><div class=\"MsoNormal\" style=\"line-height: 115%;\"><a name=\"_kcap2nw8xg2p\"><\/a><\/div><div class=\"MsoNormal\" style=\"line-height: 1.5;\">\u00a0<\/div><div class=\"MsoNormal\" style=\"line-height: 1.5;\" data-custom-class=\"body_text\"><span style=\"font-size: 15px; line-height: 115%; font-family: Arial; color: #595959;\">Tras recibir su devoluci\u00f3n e inspeccionar el estado del art\u00edculo, tramitaremos su devoluci\u00f3n o cambio. Por favor, espere al menos siete (7) d\u00edas desde la recepci\u00f3n de su art\u00edculo para procesar su devoluci\u00f3n o cambio. Le notificaremos por correo electr\u00f3nico cuando se haya procesado su devoluci\u00f3n.<\/span><\/div><div class=\"MsoNormal\" style=\"line-height: 115%;\"><a name=\"_gjdgxs\"><\/a><\/div><div class=\"MsoNormal\" style=\"line-height: 1.5;\">\u00a0<\/div><div class=\"MsoNormal\" style=\"line-height: 1.5;\" data-custom-class=\"heading_1\"><a name=\"_33ujiidflcnn\"><\/a><strong><span style=\"line-height: 115%; font-family: Arial; font-size: 19px;\">EXCEPCIONES<\/span><\/strong><\/div><div style=\"line-height: 1.1;\" data-custom-class=\"body_text\" data-empty=\"true\"><span style=\"color: #595959;\"><span style=\"font-size: 15px;\">\u00a0<\/span><\/span><\/div><div style=\"line-height: 1.5;\" data-custom-class=\"body_text\"><span style=\"color: #595959;\"><span style=\"font-size: 15px;\">En caso de productos defectuosos o da\u00f1ados, p\u00f3ngase en contacto con nosotros a trav\u00e9s de los datos que figuran a continuaci\u00f3n para solicitar el reembolso o el cambio.<\/span><\/span><\/div><div style=\"line-height: 1.5;\" data-custom-class=\"body_text\" data-empty=\"true\">\u00a0<\/div><div style=\"line-height: 1.1;\" data-custom-class=\"body_text\" data-empty=\"true\">\u00a0<\/div><div style=\"line-height: 1.5;\" data-custom-class=\"body_text\" data-empty=\"true\"><span style=\"color: #595959;\"><span style=\"font-size: 15px;\"><strong>Atenci\u00f3n<\/strong><\/span><\/span><\/div><div style=\"line-height: 1.5;\" data-custom-class=\"body_text\" data-empty=\"true\">\u00a0<\/div><div style=\"line-height: 1.5;\" data-custom-class=\"body_text\"><span style=\"font-size: 15px; color: #595959;\"><strong style=\"font-weight: bold; color: #000000; font-family: sans-serif; font-size: medium; font-style: normal; font-variant-ligatures: normal; font-variant-caps: normal; letter-spacing: normal; orphans: 2; text-align: start; text-indent: 0px; text-transform: none; white-space: normal; widows: 2; word-spacing: 0px; -webkit-text-stroke-width: 0px; background-color: #ffffff; text-decoration-style: initial; text-decoration-color: initial;\"><span style=\"font-size: 13px; color: #595959;\">\u00a0 \u00a0 \u00a0<strong style=\"font-weight: bold; color: #000000; font-family: sans-serif; font-size: medium; font-style: normal; font-variant-ligatures: normal; font-variant-caps: normal; letter-spacing: normal; orphans: 2; text-align: start; text-indent: 0px; text-transform: none; white-space: normal; widows: 2; word-spacing: 0px; -webkit-text-stroke-width: 0px; text-decoration-style: initial; text-decoration-color: initial; background-color: #ffffff;\"><span style=\"color: #595959; font-family: sans-serif; font-size: 15px; font-style: normal; font-variant-ligatures: normal; font-variant-caps: normal; font-weight: 400; letter-spacing: normal; orphans: 2; text-align: start; text-indent: 0px; text-transform: none; white-space: normal; widows: 2; word-spacing: 0px; -webkit-text-stroke-width: 0px; background-color: #ffffff; text-decoration-style: initial; text-decoration-color: initial; display: inline !important;\">\u25cf\u00a0<\/span><\/strong>\u00a0 \u00a0\u00a0<\/span><\/strong>Los art\u00edculos en oferta son VENTA FINAL y no pueden devolverse.<\/span><\/div><div style=\"line-height: 1.5;\" data-custom-class=\"body_text\"><span style=\"font-size: 15px; color: #595959;\"><strong style=\"font-weight: bold; color: #000000; font-family: sans-serif; font-size: medium; font-style: normal; font-variant-ligatures: normal; font-variant-caps: normal; letter-spacing: normal; orphans: 2; text-align: start; text-indent: 0px; text-transform: none; white-space: normal; widows: 2; word-spacing: 0px; -webkit-text-stroke-width: 0px; background-color: #ffffff; text-decoration-style: initial; text-decoration-color: initial;\"><span style=\"font-size: 13px; color: #595959;\">\u00a0 \u00a0 \u00a0<strong style=\"font-weight: bold; color: #000000; font-family: sans-serif; font-size: medium; font-style: normal; font-variant-ligatures: normal; font-variant-caps: normal; letter-spacing: normal; orphans: 2; text-align: start; text-indent: 0px; text-transform: none; white-space: normal; widows: 2; word-spacing: 0px; -webkit-text-stroke-width: 0px; text-decoration-style: initial; text-decoration-color: initial; background-color: #ffffff;\"><span style=\"color: #595959; font-family: sans-serif; font-size: 15px; font-style: normal; font-variant-ligatures: normal; font-variant-caps: normal; font-weight: 400; letter-spacing: normal; orphans: 2; text-align: start; text-indent: 0px; text-transform: none; white-space: normal; widows: 2; word-spacing: 0px; -webkit-text-stroke-width: 0px; background-color: #ffffff; text-decoration-style: initial; text-decoration-color: initial; display: inline !important;\">\u25cf\u00a0<\/span><\/strong>\u00a0 \u00a0\u00a0<\/span><\/strong>La devoluci\u00f3n y el reembolso tal y como se menciona anteriormente en la pol\u00edtica de devoluciones s\u00f3lo se aceptar\u00e1n si el art\u00edculo est\u00e1 en perfecto estado, cualquier signo de da\u00f1o rechazar\u00e1 cualquier forma de reembolso.<\/span><\/div><div style=\"line-height: 1.5;\">\u00a0<\/div><div style=\"line-height: 1.5;\" data-custom-class=\"heading_1\"><span style=\"font-size: 19px; color: #000000;\"><strong>PREGUNTAS<\/strong><\/span><\/div><div style=\"line-height: 1.5;\">\u00a0<\/div><div style=\"line-height: 1.5;\" data-custom-class=\"body_text\"><span style=\"font-size: 15px; color: #595959;\">Si tiene alguna pregunta sobre nuestra pol\u00edtica de devoluciones, p\u00f3ngase en contacto con nosotros:<\/span><\/div><div style=\"line-height: 1.5;\" data-custom-class=\"body_text\"><span style=\"font-size: 15px; color: #595959;\">support@akasavran.com<\/span><\/div><\/div><\/div>\t\t\t\t\t\t<\/div>\n\t\t\t\t<\/div>\n\t\t\t\t\t<\/div>\n\t\t<\/div>\n\t\t\t\t\t<\/div>\n\t\t<\/section>\n\t\t\t\t<\/div>","protected":false},"excerpt":{"rendered":"<p>Pol\u00edtica de devoluciones \u00daltima actualizaci\u00f3n 03 de julio de 2022 Gracias por su compra. Esperamos que est\u00e9 satisfecho con su compra. Sin embargo, si no est\u00e1 completamente satisfecho con su compra por cualquier motivo, puede devolv\u00e9rnosla para obtener un cr\u00e9dito en la tienda o un cambio. Por favor, consulte a continuaci\u00f3n para obtener m\u00e1s informaci\u00f3n sobre nuestra pol\u00edtica de devoluciones. DEVOLUCIONES Todas las devoluciones [...]<\/p>","protected":false},"author":4,"featured_media":0,"parent":0,"menu_order":0,"comment_status":"closed","ping_status":"closed","template":"","meta":{"site-sidebar-layout":"no-sidebar","site-content-layout":"page-builder","ast-site-content-layout":"","site-content-style":"default","site-sidebar-style":"default","ast-global-header-display":"","ast-banner-title-visibility":"","ast-main-header-display":"","ast-hfb-above-header-display":"","ast-hfb-below-header-display":"","ast-hfb-mobile-header-display":"","site-post-title":"disabled","ast-breadcrumbs-content":"","ast-featured-img":"disabled","footer-sml-layout":"","theme-transparent-header-meta":"","adv-header-id-meta":"","stick-header-meta":"","header-above-stick-meta":"","header-main-stick-meta":"","header-below-stick-meta":"","astra-migrate-meta-layouts":"default","ast-page-background-enabled":"default","ast-page-background-meta":{"desktop":{"background-color":"","background-image":"","background-repeat":"repeat","background-position":"center center","background-size":"auto","background-attachment":"scroll","background-type":"","background-media":"","overlay-type":"","overlay-color":"","overlay-gradient":""},"tablet":{"background-color":"","background-image":"","background-repeat":"repeat","background-position":"center center","background-size":"auto","background-attachment":"scroll","background-type":"","background-media":"","overlay-type":"","overlay-color":"","overlay-gradient":""},"mobile":{"background-color":"","background-image":"","background-repeat":"repeat","background-position":"center center","background-size":"auto","background-attachment":"scroll","background-type":"","background-media":"","overlay-type":"","overlay-color":"","overlay-gradient":""}},"ast-content-background-meta":{"desktop":{"background-color":"var(--ast-global-color-5)","background-image":"","background-repeat":"repeat","background-position":"center center","background-size":"auto","background-attachment":"scroll","background-type":"","background-media":"","overlay-type":"","overlay-color":"","overlay-gradient":""},"tablet":{"background-color":"var(--ast-global-color-5)","background-image":"","background-repeat":"repeat","background-position":"center center","background-size":"auto","background-attachment":"scroll","background-type":"","background-media":"","overlay-type":"","overlay-color":"","overlay-gradient":""},"mobile":{"background-color":"var(--ast-global-color-5)","background-image":"","background-repeat":"repeat","background-position":"center center","background-size":"auto","background-attachment":"scroll","background-type":"","background-media":"","overlay-type":"","overlay-color":"","overlay-gradient":""}},"footnotes":""},"_links":{"self":[{"href":"https:\/\/akasavran.com\/es\/wp-json\/wp\/v2\/pages\/2630"}],"collection":[{"href":"https:\/\/akasavran.com\/es\/wp-json\/wp\/v2\/pages"}],"about":[{"href":"https:\/\/akasavran.com\/es\/wp-json\/wp\/v2\/types\/page"}],"author":[{"embeddable":true,"href":"https:\/\/akasavran.com\/es\/wp-json\/wp\/v2\/users\/4"}],"replies":[{"embeddable":true,"href":"https:\/\/akasavran.com\/es\/wp-json\/wp\/v2\/comments?post=2630"}],"version-history":[{"count":0,"href":"https:\/\/akasavran.com\/es\/wp-json\/wp\/v2\/pages\/2630\/revisions"}],"wp:attachment":[{"href":"https:\/\/akasavran.com\/es\/wp-json\/wp\/v2\/media?parent=2630"}],"curies":[{"name":"wp","href":"https:\/\/api.w.org\/{rel}","templated":true}]}}