{"id":2642,"date":"2022-07-03T17:01:30","date_gmt":"2022-07-03T16:01:30","guid":{"rendered":"https:\/\/akasavran.com\/?page_id=2642"},"modified":"2023-05-01T16:39:33","modified_gmt":"2023-05-01T15:39:33","slug":"shipping-delivery-policy","status":"publish","type":"page","link":"https:\/\/akasavran.com\/es\/politica-de-envio-y-entrega\/","title":{"rendered":"Pol\u00edtica de env\u00edo y entrega"},"content":{"rendered":"<div data-elementor-type=\"wp-page\" data-elementor-id=\"2642\" class=\"elementor elementor-2642\" data-elementor-post-type=\"page\">\n\t\t\t\t\t\t<section data-particle_enable=\"false\" data-particle-mobile-disabled=\"false\" class=\"elementor-section elementor-top-section elementor-element elementor-element-53069ac elementor-section-boxed elementor-section-height-default elementor-section-height-default\" data-id=\"53069ac\" data-element_type=\"section\">\n\t\t\t\t\t\t<div class=\"elementor-container elementor-column-gap-default\">\n\t\t\t\t\t<div class=\"elementor-column elementor-col-100 elementor-top-column elementor-element elementor-element-25f1871\" data-id=\"25f1871\" data-element_type=\"column\">\n\t\t\t<div class=\"elementor-widget-wrap elementor-element-populated\">\n\t\t\t\t\t\t<div class=\"elementor-element elementor-element-71347c6 elementor-widget elementor-widget-text-editor\" data-id=\"71347c6\" data-element_type=\"widget\" data-widget_type=\"text-editor.default\">\n\t\t\t\t<div class=\"elementor-widget-container\">\n\t\t\t\t\t\t\t<h1><span style=\"font-size: 36pt;\">POL\u00cdTICA DE ENV\u00cdO Y ENTREGA<\/span><\/h1><p>\u00daltima actualizaci\u00f3n: 03 de julio de 2022<\/p><p>Esta Pol\u00edtica de env\u00edo y entrega forma parte de nuestras (\"Condiciones\") y, por tanto, debe leerse junto con nuestras Condiciones principales: https:\/\/akasavran.com\/terms-conditions\/.<\/p><p>Por favor, revise cuidadosamente nuestra Pol\u00edtica de Env\u00edo y Entrega al comprar nuestros productos. Esta pol\u00edtica se aplicar\u00e1 a cualquier pedido que realice con nosotros.<\/p><h2><span style=\"font-size: 18pt;\">\u00bfCU\u00c1LES SON MIS OPCIONES DE ENV\u00cdO Y ENTREGA?<\/span><\/h2><p>Ofrecemos varias opciones de env\u00edo. En algunos casos, es posible que un proveedor externo gestione nuestro inventario y se encargue del env\u00edo de sus productos.<\/p><p>Env\u00edo Gratuito<\/p><p>Ofrecemos env\u00edo est\u00e1ndar gratuito en todos los pedidos, que tarda aproximadamente de 5 a 25 d\u00edas laborables dependiendo de la ubicaci\u00f3n geogr\u00e1fica.<\/p><p>Una vez empaquetado el pedido, le enviaremos el seguimiento por correo electr\u00f3nico.<\/p><p><strong><span style=\"font-size: 18pt;\">\u00bfREALIZAN ENV\u00cdOS INTERNACIONALES?<\/span><\/strong><\/p><p>Ofrecemos env\u00edos a todo el mundo. El env\u00edo est\u00e1ndar gratuito es v\u00e1lido para pedidos internacionales.<\/p><p>Tenga en cuenta que podemos estar sujetos a diversas normas y restricciones en relaci\u00f3n con algunas entregas internacionales y que usted puede estar sujeto a impuestos y aranceles adicionales sobre los que no tenemos control. Si se dan estos casos, usted es responsable de cumplir las leyes aplicables al pa\u00eds en el que vive y ser\u00e1 responsable de dichos costes o impuestos adicionales.<\/p><p><strong><span style=\"font-size: 18pt;\">\u00bfHAY OTRAS RESTRICCIONES DE ENV\u00cdO?<\/span><\/strong><\/p><p>Los env\u00edos a direcciones AFO\/FPO requieren un tiempo de tramitaci\u00f3n adicional tras la entrega en la oficina de correos militar.<\/p><p>Los pedidos s\u00f3lo se env\u00edan en d\u00edas laborables, es decir, de lunes a viernes y, ocasionalmente, los s\u00e1bados.<\/p><p><strong><span style=\"font-size: 18pt;\">\u00bfQU\u00c9 OCURRE SI MI PEDIDO SE RETRASA?<\/span><\/strong><\/p><p>Si la entrega se retrasa por cualquier motivo, se lo haremos saber lo antes posible y le comunicaremos una fecha estimada de entrega revisada.<\/p><p>Para consumidores de la UE y el Reino Unido: Esto no afecta a sus derechos legales. Para m\u00e1s informaci\u00f3n, consulte nuestras Condiciones.<\/p><h2><span style=\"font-size: 18pt;\">\u00bfPREGUNTAS SOBRE DEVOLUCIONES?<\/span><\/h2><p>Si tiene preguntas sobre devoluciones, consulte nuestra Pol\u00edtica de devoluciones: https:\/\/akasavran.com\/return-policy\/.<\/p><h2><span style=\"font-size: 18pt;\">\u00bfC\u00d3MO PUEDE PONERSE EN CONTACTO CON NOSOTROS ACERCA DE ESTA POL\u00cdTICA?<\/span><\/h2><p>Si tiene m\u00e1s preguntas o comentarios, puede ponerse en contacto con nosotros a trav\u00e9s de<br \/>Correo electr\u00f3nico: support@akasavran.com<br \/>Formulario de contacto en l\u00ednea: https:\/\/akasavran.com\/contact\/<\/p>\t\t\t\t\t\t<\/div>\n\t\t\t\t<\/div>\n\t\t\t\t\t<\/div>\n\t\t<\/div>\n\t\t\t\t\t<\/div>\n\t\t<\/section>\n\t\t\t\t<\/div>","protected":false},"excerpt":{"rendered":"<p>POL\u00cdTICA DE ENV\u00cdO Y ENTREGA \u00daltima actualizaci\u00f3n: 03 de julio de 2022 Esta pol\u00edtica de env\u00edo y entrega forma parte de nuestras (\"Condiciones\") y, por lo tanto, debe leerse junto con nuestras Condiciones principales: https:\/\/akasavran.com\/terms-conditions\/. Por favor, revise cuidadosamente nuestra Pol\u00edtica de Env\u00edo y Entrega al comprar nuestros productos. Esta pol\u00edtica se aplicar\u00e1 a cualquier pedido que realice con nosotros. \u00bfCU\u00c1LES SON MIS [...]<\/p>","protected":false},"author":4,"featured_media":0,"parent":0,"menu_order":0,"comment_status":"closed","ping_status":"closed","template":"","meta":{"site-sidebar-layout":"no-sidebar","site-content-layout":"page-builder","ast-site-content-layout":"","site-content-style":"default","site-sidebar-style":"default","ast-global-header-display":"","ast-banner-title-visibility":"","ast-main-header-display":"","ast-hfb-above-header-display":"","ast-hfb-below-header-display":"","ast-hfb-mobile-header-display":"","site-post-title":"disabled","ast-breadcrumbs-content":"","ast-featured-img":"disabled","footer-sml-layout":"","theme-transparent-header-meta":"","adv-header-id-meta":"","stick-header-meta":"","header-above-stick-meta":"","header-main-stick-meta":"","header-below-stick-meta":"","astra-migrate-meta-layouts":"default","ast-page-background-enabled":"default","ast-page-background-meta":{"desktop":{"background-color":"","background-image":"","background-repeat":"repeat","background-position":"center center","background-size":"auto","background-attachment":"scroll","background-type":"","background-media":"","overlay-type":"","overlay-color":"","overlay-gradient":""},"tablet":{"background-color":"","background-image":"","background-repeat":"repeat","background-position":"center center","background-size":"auto","background-attachment":"scroll","background-type":"","background-media":"","overlay-type":"","overlay-color":"","overlay-gradient":""},"mobile":{"background-color":"","background-image":"","background-repeat":"repeat","background-position":"center center","background-size":"auto","background-attachment":"scroll","background-type":"","background-media":"","overlay-type":"","overlay-color":"","overlay-gradient":""}},"ast-content-background-meta":{"desktop":{"background-color":"var(--ast-global-color-5)","background-image":"","background-repeat":"repeat","background-position":"center center","background-size":"auto","background-attachment":"scroll","background-type":"","background-media":"","overlay-type":"","overlay-color":"","overlay-gradient":""},"tablet":{"background-color":"var(--ast-global-color-5)","background-image":"","background-repeat":"repeat","background-position":"center center","background-size":"auto","background-attachment":"scroll","background-type":"","background-media":"","overlay-type":"","overlay-color":"","overlay-gradient":""},"mobile":{"background-color":"var(--ast-global-color-5)","background-image":"","background-repeat":"repeat","background-position":"center center","background-size":"auto","background-attachment":"scroll","background-type":"","background-media":"","overlay-type":"","overlay-color":"","overlay-gradient":""}},"footnotes":""},"_links":{"self":[{"href":"https:\/\/akasavran.com\/es\/wp-json\/wp\/v2\/pages\/2642"}],"collection":[{"href":"https:\/\/akasavran.com\/es\/wp-json\/wp\/v2\/pages"}],"about":[{"href":"https:\/\/akasavran.com\/es\/wp-json\/wp\/v2\/types\/page"}],"author":[{"embeddable":true,"href":"https:\/\/akasavran.com\/es\/wp-json\/wp\/v2\/users\/4"}],"replies":[{"embeddable":true,"href":"https:\/\/akasavran.com\/es\/wp-json\/wp\/v2\/comments?post=2642"}],"version-history":[{"count":0,"href":"https:\/\/akasavran.com\/es\/wp-json\/wp\/v2\/pages\/2642\/revisions"}],"wp:attachment":[{"href":"https:\/\/akasavran.com\/es\/wp-json\/wp\/v2\/media?parent=2642"}],"curies":[{"name":"wp","href":"https:\/\/api.w.org\/{rel}","templated":true}]}}