{"id":2309,"date":"2022-06-04T20:17:16","date_gmt":"2022-06-04T19:17:16","guid":{"rendered":"https:\/\/akasavran.com\/?page_id=2309"},"modified":"2024-01-24T16:30:34","modified_gmt":"2024-01-24T14:30:34","slug":"sustainability","status":"publish","type":"page","link":"https:\/\/akasavran.com\/fr\/durabilite\/","title":{"rendered":"Le d\u00e9fi de la durabilit\u00e9 dans l'industrie du luxe exclusif"},"content":{"rendered":"<div data-elementor-type=\"wp-page\" data-elementor-id=\"2309\" class=\"elementor elementor-2309\" data-elementor-post-type=\"page\">\n\t\t\t\t\t\t<section data-particle_enable=\"false\" data-particle-mobile-disabled=\"false\" class=\"elementor-section elementor-top-section elementor-element elementor-element-d8c6073 elementor-section-boxed elementor-section-height-default elementor-section-height-default\" data-id=\"d8c6073\" data-element_type=\"section\">\n\t\t\t\t\t\t<div class=\"elementor-container elementor-column-gap-default\">\n\t\t\t\t\t<div class=\"elementor-column elementor-col-100 elementor-top-column elementor-element elementor-element-1a4bda0\" data-id=\"1a4bda0\" data-element_type=\"column\">\n\t\t\t<div class=\"elementor-widget-wrap elementor-element-populated\">\n\t\t\t\t\t\t<div class=\"elementor-element elementor-element-8b9305d elementor-widget elementor-widget-heading\" data-id=\"8b9305d\" data-element_type=\"widget\" data-widget_type=\"heading.default\">\n\t\t\t\t<div class=\"elementor-widget-container\">\n\t\t\t<h1 class=\"elementor-heading-title elementor-size-xxl\">Le d\u00e9fi de la durabilit\u00e9 dans l'industrie du luxe exclusif<\/h1>\t\t<\/div>\n\t\t\t\t<\/div>\n\t\t\t\t\t<\/div>\n\t\t<\/div>\n\t\t\t\t\t<\/div>\n\t\t<\/section>\n\t\t\t\t<section data-particle_enable=\"false\" data-particle-mobile-disabled=\"false\" class=\"elementor-section elementor-top-section elementor-element elementor-element-aced261 elementor-section-boxed elementor-section-height-default elementor-section-height-default\" data-id=\"aced261\" data-element_type=\"section\">\n\t\t\t\t\t\t<div class=\"elementor-container elementor-column-gap-default\">\n\t\t\t\t\t<div class=\"elementor-column elementor-col-100 elementor-top-column elementor-element elementor-element-55f91ce\" data-id=\"55f91ce\" data-element_type=\"column\">\n\t\t\t<div class=\"elementor-widget-wrap elementor-element-populated\">\n\t\t\t\t\t\t<div class=\"elementor-element elementor-element-3307ec7 elementor-widget elementor-widget-image\" data-id=\"3307ec7\" data-element_type=\"widget\" data-widget_type=\"image.default\">\n\t\t\t\t<div class=\"elementor-widget-container\">\n\t\t\t\t\t\t\t\t\t\t\t\t\t<img fetchpriority=\"high\" decoding=\"async\" width=\"1024\" height=\"683\" src=\"https:\/\/akasavran.com\/wp-content\/uploads\/2022\/04\/sebastian-coman-travel-dtOTQYmTEs0-unsplash-min-1024x683.jpg\" class=\"attachment-large size-large wp-image-1948\" alt=\"Lunettes transparentes de durabilit\u00e9 avec des verres ambr\u00e9s de l&#039;industrie du luxe et la mer en arri\u00e8re-plan\" srcset=\"https:\/\/akasavran.com\/wp-content\/uploads\/2022\/04\/sebastian-coman-travel-dtOTQYmTEs0-unsplash-min-1024x683.jpg 1024w, https:\/\/akasavran.com\/wp-content\/uploads\/2022\/04\/sebastian-coman-travel-dtOTQYmTEs0-unsplash-min-300x200.jpg 300w, https:\/\/akasavran.com\/wp-content\/uploads\/2022\/04\/sebastian-coman-travel-dtOTQYmTEs0-unsplash-min-600x400.jpg 600w, https:\/\/akasavran.com\/wp-content\/uploads\/2022\/04\/sebastian-coman-travel-dtOTQYmTEs0-unsplash-min-768x512.jpg 768w, https:\/\/akasavran.com\/wp-content\/uploads\/2022\/04\/sebastian-coman-travel-dtOTQYmTEs0-unsplash-min-1536x1024.jpg 1536w, https:\/\/akasavran.com\/wp-content\/uploads\/2022\/04\/sebastian-coman-travel-dtOTQYmTEs0-unsplash-min-2048x1365.jpg 2048w\" sizes=\"(max-width: 1024px) 100vw, 1024px\" \/>\t\t\t\t\t\t\t\t\t\t\t\t\t<\/div>\n\t\t\t\t<\/div>\n\t\t\t\t\t<\/div>\n\t\t<\/div>\n\t\t\t\t\t<\/div>\n\t\t<\/section>\n\t\t\t\t<section data-particle_enable=\"false\" data-particle-mobile-disabled=\"false\" class=\"elementor-section elementor-top-section elementor-element elementor-element-86625da elementor-section-boxed elementor-section-height-default elementor-section-height-default\" data-id=\"86625da\" data-element_type=\"section\">\n\t\t\t\t\t\t<div class=\"elementor-container elementor-column-gap-default\">\n\t\t\t\t\t<div class=\"elementor-column elementor-col-100 elementor-top-column elementor-element elementor-element-80662f3\" data-id=\"80662f3\" data-element_type=\"column\">\n\t\t\t<div class=\"elementor-widget-wrap elementor-element-populated\">\n\t\t\t\t\t\t<div class=\"elementor-element elementor-element-c5291a8 elementor-widget elementor-widget-text-editor\" data-id=\"c5291a8\" data-element_type=\"widget\" data-widget_type=\"text-editor.default\">\n\t\t\t\t<div class=\"elementor-widget-container\">\n\t\t\t\t\t\t\t<p>Les marques de l'industrie de la lunetterie et du luxe, comme d'autres entreprises, subissent des pressions pour traiter les questions environnementales, sociales et \u00e9thiques telles que le changement climatique, la raret\u00e9 des ressources, le stress hydrique, le travail des enfants et le travail forc\u00e9, les pots-de-vin et la corruption.\u00a0\u00a0<\/p><p>Les entreprises de mode de luxe, comme d'autres au cours de la derni\u00e8re d\u00e9cennie, ont pris le train en marche de la publicit\u00e9 sur la durabilit\u00e9 et la RSE. Alors qu'un nombre croissant de marques de luxe ont fait des efforts pour rendre publiques leurs pratiques en mati\u00e8re de durabilit\u00e9, la capacit\u00e9 du secteur \u00e0 se montrer \u00e0 la hauteur de ses affirmations reste discutable.<\/p>\t\t\t\t\t\t<\/div>\n\t\t\t\t<\/div>\n\t\t\t\t\t<\/div>\n\t\t<\/div>\n\t\t\t\t\t<\/div>\n\t\t<\/section>\n\t\t\t\t<section data-particle_enable=\"false\" data-particle-mobile-disabled=\"false\" class=\"elementor-section elementor-top-section elementor-element elementor-element-81fd2ce elementor-section-boxed elementor-section-height-default elementor-section-height-default\" data-id=\"81fd2ce\" data-element_type=\"section\">\n\t\t\t\t\t\t<div class=\"elementor-container elementor-column-gap-default\">\n\t\t\t\t\t<div class=\"elementor-column elementor-col-100 elementor-top-column elementor-element elementor-element-79034e5\" data-id=\"79034e5\" data-element_type=\"column\">\n\t\t\t<div class=\"elementor-widget-wrap elementor-element-populated\">\n\t\t\t\t\t\t<div class=\"elementor-element elementor-element-150f7cb elementor-widget elementor-widget-heading\" data-id=\"150f7cb\" data-element_type=\"widget\" data-widget_type=\"heading.default\">\n\t\t\t\t<div class=\"elementor-widget-container\">\n\t\t\t<h2 class=\"elementor-heading-title elementor-size-xl\">Quels sont les d\u00e9fis en mati\u00e8re de durabilit\u00e9 dans l'industrie du luxe ?<\/h2>\t\t<\/div>\n\t\t\t\t<\/div>\n\t\t\t\t\t<\/div>\n\t\t<\/div>\n\t\t\t\t\t<\/div>\n\t\t<\/section>\n\t\t\t\t<section data-particle_enable=\"false\" data-particle-mobile-disabled=\"false\" class=\"elementor-section elementor-top-section elementor-element elementor-element-4458018 elementor-section-boxed elementor-section-height-default elementor-section-height-default\" data-id=\"4458018\" data-element_type=\"section\">\n\t\t\t\t\t\t<div class=\"elementor-container elementor-column-gap-default\">\n\t\t\t\t\t<div class=\"elementor-column elementor-col-100 elementor-top-column elementor-element elementor-element-08bb8c8\" data-id=\"08bb8c8\" data-element_type=\"column\">\n\t\t\t<div class=\"elementor-widget-wrap elementor-element-populated\">\n\t\t\t\t\t\t<div class=\"elementor-element elementor-element-5e7dacf elementor-widget elementor-widget-heading\" data-id=\"5e7dacf\" data-element_type=\"widget\" data-widget_type=\"heading.default\">\n\t\t\t\t<div class=\"elementor-widget-container\">\n\t\t\t<h3 class=\"elementor-heading-title elementor-size-large\">Durabilit\u00e9 environnementale<\/h3>\t\t<\/div>\n\t\t\t\t<\/div>\n\t\t\t\t<div class=\"elementor-element elementor-element-5cb1523 elementor-widget elementor-widget-text-editor\" data-id=\"5cb1523\" data-element_type=\"widget\" data-widget_type=\"text-editor.default\">\n\t\t\t\t<div class=\"elementor-widget-container\">\n\t\t\t\t\t\t\t<p>Tout d'abord, les r\u00e9seaux d'approvisionnement mondiaux, complexes et difficiles \u00e0 suivre font qu'il est de plus en plus difficile de garantir des mat\u00e9riaux durables. Selon <a href=\"https:\/\/ugc.futurelearn.com\/uploads\/files\/20\/c9\/20c95cb1-5bae-45d6-bb06-d10a5ad1bd2c\/CSF_FL_Factsheet_3.2.1b.pdf\">les \u00e9tudes environnementales men\u00e9es par Kering<\/a>75 % de l'impact environnemental total se produit au d\u00e9but de la cha\u00eene d'approvisionnement, 50 % des impacts \u00e9tant li\u00e9s \u00e0 la production de mati\u00e8res premi\u00e8res (culture du coton, \u00e9levage, extraction de minerais\/m\u00e9taux, etc.) En outre, 25 % des impacts sont li\u00e9s \u00e0 la transformation des mati\u00e8res premi\u00e8res (notamment le cuir, les m\u00e9taux et la filature textile).<\/p>\t\t\t\t\t\t<\/div>\n\t\t\t\t<\/div>\n\t\t\t\t\t<\/div>\n\t\t<\/div>\n\t\t\t\t\t<\/div>\n\t\t<\/section>\n\t\t\t\t<section data-particle_enable=\"false\" data-particle-mobile-disabled=\"false\" class=\"elementor-section elementor-top-section elementor-element elementor-element-075d2b3 elementor-section-boxed elementor-section-height-default elementor-section-height-default\" data-id=\"075d2b3\" data-element_type=\"section\">\n\t\t\t\t\t\t<div class=\"elementor-container elementor-column-gap-default\">\n\t\t\t\t\t<div class=\"elementor-column elementor-col-100 elementor-top-column elementor-element elementor-element-33386b9\" data-id=\"33386b9\" data-element_type=\"column\">\n\t\t\t<div class=\"elementor-widget-wrap elementor-element-populated\">\n\t\t\t\t\t\t<div class=\"elementor-element elementor-element-8ed1ff7 elementor-widget elementor-widget-heading\" data-id=\"8ed1ff7\" data-element_type=\"widget\" data-widget_type=\"heading.default\">\n\t\t\t\t<div class=\"elementor-widget-container\">\n\t\t\t<h3 class=\"elementor-heading-title elementor-size-large\">Durabilit\u00e9 sociale et \u00e9thique<\/h3>\t\t<\/div>\n\t\t\t\t<\/div>\n\t\t\t\t<div class=\"elementor-element elementor-element-bf51c00 elementor-widget elementor-widget-text-editor\" data-id=\"bf51c00\" data-element_type=\"widget\" data-widget_type=\"text-editor.default\">\n\t\t\t\t<div class=\"elementor-widget-container\">\n\t\t\t\t\t\t\t<p>Malgr\u00e9 (ou peut-\u00eatre \u00e0 cause de) sa r\u00e9putation de frivolit\u00e9, des recherches ont montr\u00e9 que les acheteurs de produits de luxe se sentent coupables. D'autre part, de nombreuses \u00e9tudes men\u00e9es par des entreprises telles que <a href=\"https:\/\/www.bain.com\/insights\/luxury-after-coronavirus\/\">Bain<\/a> et <a href=\"https:\/\/www.bcg.com\/en-us\/publications\/2020\/fashion-industry-reset-covid\">Groupe de conseil de Boston<\/a> ont montr\u00e9 que les consommateurs du secteur du luxe accordent de l'importance \u00e0 la durabilit\u00e9, \u00e0 la finalit\u00e9 et \u00e0 l'impact. En effet, beaucoup ont d\u00e9j\u00e0 prouv\u00e9 leur volont\u00e9 de faire le bien par des dons.<\/p>\t\t\t\t\t\t<\/div>\n\t\t\t\t<\/div>\n\t\t\t\t\t<\/div>\n\t\t<\/div>\n\t\t\t\t\t<\/div>\n\t\t<\/section>\n\t\t\t\t<section data-particle_enable=\"false\" data-particle-mobile-disabled=\"false\" class=\"elementor-section elementor-top-section elementor-element elementor-element-4d0a92e elementor-section-boxed elementor-section-height-default elementor-section-height-default\" data-id=\"4d0a92e\" data-element_type=\"section\">\n\t\t\t\t\t\t<div class=\"elementor-container elementor-column-gap-default\">\n\t\t\t\t\t<div class=\"elementor-column elementor-col-100 elementor-top-column elementor-element elementor-element-9ef0d52\" data-id=\"9ef0d52\" data-element_type=\"column\">\n\t\t\t<div class=\"elementor-widget-wrap elementor-element-populated\">\n\t\t\t\t\t\t<div class=\"elementor-element elementor-element-4501222 elementor-widget elementor-widget-heading\" data-id=\"4501222\" data-element_type=\"widget\" data-widget_type=\"heading.default\">\n\t\t\t\t<div class=\"elementor-widget-container\">\n\t\t\t<h2 class=\"elementor-heading-title elementor-size-xl\">La durabilit\u00e9 au sein d'AKA SAVRAN<\/h2>\t\t<\/div>\n\t\t\t\t<\/div>\n\t\t\t\t<div class=\"elementor-element elementor-element-82beb04 elementor-widget elementor-widget-text-editor\" data-id=\"82beb04\" data-element_type=\"widget\" data-widget_type=\"text-editor.default\">\n\t\t\t\t<div class=\"elementor-widget-container\">\n\t\t\t\t\t\t\t<p>Au sein de l'organisation, nous visons \u00e0 perturber et \u00e0 d\u00e9fier l'industrie actuelle du luxe et des lunettes de luxe. Les lunettes de luxe sont souvent le point de d\u00e9part du nouveau public du luxe et, chez AKA SAVRAN, nous pensons que les lunettes doivent jouer leur r\u00f4le dans l'am\u00e9lioration de la durabilit\u00e9.\u00a0<\/p><p>Chez AKA SAVRAN, nous am\u00e9liorons la durabilit\u00e9 en fournissant de l'ac\u00e9tate biod\u00e9gradable \u00e0 notre communaut\u00e9 et en utilisant des mat\u00e9riaux durables, comme le m\u00e9tal et le titane, tout en r\u00e9duisant l'utilisation du plastique.<\/p>\t\t\t\t\t\t<\/div>\n\t\t\t\t<\/div>\n\t\t\t\t\t<\/div>\n\t\t<\/div>\n\t\t\t\t\t<\/div>\n\t\t<\/section>\n\t\t\t\t<\/div>","protected":false},"excerpt":{"rendered":"<p>D\u00e9fi de la durabilit\u00e9 dans l'industrie exclusive du luxe Les marques de luxe de l'industrie de la lunetterie et du luxe, comme d'autres entreprises, sont sous pression pour relever les d\u00e9fis environnementaux, sociaux et \u00e9thiques tels que le changement climatique, la p\u00e9nurie de ressources, le stress hydrique, le travail des enfants et le travail forc\u00e9, les pots-de-vin et la corruption.   Les entreprises de la mode de luxe, comme d'autres soci\u00e9t\u00e9s au cours de la derni\u00e8re d\u00e9cennie, ont saut\u00e9 [...]<\/p>","protected":false},"author":4,"featured_media":0,"parent":0,"menu_order":0,"comment_status":"closed","ping_status":"closed","template":"","meta":{"site-sidebar-layout":"no-sidebar","site-content-layout":"page-builder","ast-site-content-layout":"","site-content-style":"default","site-sidebar-style":"default","ast-global-header-display":"","ast-banner-title-visibility":"","ast-main-header-display":"","ast-hfb-above-header-display":"","ast-hfb-below-header-display":"","ast-hfb-mobile-header-display":"","site-post-title":"disabled","ast-breadcrumbs-content":"","ast-featured-img":"disabled","footer-sml-layout":"","theme-transparent-header-meta":"","adv-header-id-meta":"","stick-header-meta":"","header-above-stick-meta":"","header-main-stick-meta":"","header-below-stick-meta":"","astra-migrate-meta-layouts":"default","ast-page-background-enabled":"default","ast-page-background-meta":{"desktop":{"background-color":"","background-image":"","background-repeat":"repeat","background-position":"center center","background-size":"auto","background-attachment":"scroll","background-type":"","background-media":"","overlay-type":"","overlay-color":"","overlay-gradient":""},"tablet":{"background-color":"","background-image":"","background-repeat":"repeat","background-position":"center center","background-size":"auto","background-attachment":"scroll","background-type":"","background-media":"","overlay-type":"","overlay-color":"","overlay-gradient":""},"mobile":{"background-color":"","background-image":"","background-repeat":"repeat","background-position":"center center","background-size":"auto","background-attachment":"scroll","background-type":"","background-media":"","overlay-type":"","overlay-color":"","overlay-gradient":""}},"ast-content-background-meta":{"desktop":{"background-color":"var(--ast-global-color-5)","background-image":"","background-repeat":"repeat","background-position":"center center","background-size":"auto","background-attachment":"scroll","background-type":"","background-media":"","overlay-type":"","overlay-color":"","overlay-gradient":""},"tablet":{"background-color":"var(--ast-global-color-5)","background-image":"","background-repeat":"repeat","background-position":"center center","background-size":"auto","background-attachment":"scroll","background-type":"","background-media":"","overlay-type":"","overlay-color":"","overlay-gradient":""},"mobile":{"background-color":"var(--ast-global-color-5)","background-image":"","background-repeat":"repeat","background-position":"center center","background-size":"auto","background-attachment":"scroll","background-type":"","background-media":"","overlay-type":"","overlay-color":"","overlay-gradient":""}},"footnotes":""},"_links":{"self":[{"href":"https:\/\/akasavran.com\/fr\/wp-json\/wp\/v2\/pages\/2309"}],"collection":[{"href":"https:\/\/akasavran.com\/fr\/wp-json\/wp\/v2\/pages"}],"about":[{"href":"https:\/\/akasavran.com\/fr\/wp-json\/wp\/v2\/types\/page"}],"author":[{"embeddable":true,"href":"https:\/\/akasavran.com\/fr\/wp-json\/wp\/v2\/users\/4"}],"replies":[{"embeddable":true,"href":"https:\/\/akasavran.com\/fr\/wp-json\/wp\/v2\/comments?post=2309"}],"version-history":[{"count":0,"href":"https:\/\/akasavran.com\/fr\/wp-json\/wp\/v2\/pages\/2309\/revisions"}],"wp:attachment":[{"href":"https:\/\/akasavran.com\/fr\/wp-json\/wp\/v2\/media?parent=2309"}],"curies":[{"name":"wp","href":"https:\/\/api.w.org\/{rel}","templated":true}]}}