{"id":2642,"date":"2022-07-03T17:01:30","date_gmt":"2022-07-03T16:01:30","guid":{"rendered":"https:\/\/akasavran.com\/?page_id=2642"},"modified":"2023-05-01T16:39:33","modified_gmt":"2023-05-01T15:39:33","slug":"shipping-delivery-policy","status":"publish","type":"page","link":"https:\/\/akasavran.com\/fr\/politique-dexpedition-et-de-livraison\/","title":{"rendered":"Politique d'exp\u00e9dition et de livraison"},"content":{"rendered":"<div data-elementor-type=\"wp-page\" data-elementor-id=\"2642\" class=\"elementor elementor-2642\" data-elementor-post-type=\"page\">\n\t\t\t\t\t\t<section data-particle_enable=\"false\" data-particle-mobile-disabled=\"false\" class=\"elementor-section elementor-top-section elementor-element elementor-element-53069ac elementor-section-boxed elementor-section-height-default elementor-section-height-default\" data-id=\"53069ac\" data-element_type=\"section\">\n\t\t\t\t\t\t<div class=\"elementor-container elementor-column-gap-default\">\n\t\t\t\t\t<div class=\"elementor-column elementor-col-100 elementor-top-column elementor-element elementor-element-25f1871\" data-id=\"25f1871\" data-element_type=\"column\">\n\t\t\t<div class=\"elementor-widget-wrap elementor-element-populated\">\n\t\t\t\t\t\t<div class=\"elementor-element elementor-element-71347c6 elementor-widget elementor-widget-text-editor\" data-id=\"71347c6\" data-element_type=\"widget\" data-widget_type=\"text-editor.default\">\n\t\t\t\t<div class=\"elementor-widget-container\">\n\t\t\t\t\t\t\t<h1><span style=\"font-size: 36pt;\">POLITIQUE D'EXP\u00c9DITION ET DE LIVRAISON<\/span><\/h1><p>Derni\u00e8re mise \u00e0 jour le 03 juillet 2022<\/p><p>Cette politique d'exp\u00e9dition et de livraison fait partie de nos (\"Conditions g\u00e9n\u00e9rales\") et doit donc \u00eatre lue en m\u00eame temps que nos principales conditions g\u00e9n\u00e9rales : https:\/\/akasavran.com\/terms-conditions\/.<\/p><p>Veuillez lire attentivement notre politique d'exp\u00e9dition et de livraison lorsque vous achetez nos produits. Cette politique s'applique \u00e0 chaque commande que vous passez chez nous.<\/p><h2><span style=\"font-size: 18pt;\">QUELLES SONT MES OPTIONS D'EXP\u00c9DITION ET DE LIVRAISON ?<\/span><\/h2><p>Nous proposons plusieurs options d'exp\u00e9dition. Dans certains cas, un fournisseur tiers peut g\u00e9rer notre stock et \u00eatre responsable de l'exp\u00e9dition de vos produits.<\/p><p>Livraison gratuite<\/p><p>Nous offrons un service de livraison standard gratuit pour toutes les commandes, qui prend environ 5 \u00e0 25 jours ouvrables en fonction de la situation g\u00e9ographique.<\/p><p>Une fois la commande emball\u00e9e, nous envoyons le suivi par e-mail.<\/p><p><strong><span style=\"font-size: 18pt;\">LIVREZ-VOUS AUSSI \u00c0 L'INTERNATIONAL ?<\/span><\/strong><\/p><p>Nous proposons une exp\u00e9dition dans le monde entier. La livraison standard gratuite est valable pour les commandes internationales.<\/p><p>Veuillez noter que nous pouvons \u00eatre soumis \u00e0 des r\u00e8gles et restrictions diff\u00e9rentes concernant certaines livraisons internationales et que vous pouvez \u00eatre soumis \u00e0 des taxes et frais suppl\u00e9mentaires sur lesquels nous n'avons aucun contr\u00f4le. Si tel est le cas, il vous incombe de vous conformer aux lois applicables \u00e0 votre pays de r\u00e9sidence et vous serez responsable de tous ces frais ou taxes suppl\u00e9mentaires.<\/p><p><strong><span style=\"font-size: 18pt;\">Y A-T-IL D'AUTRES RESTRICTIONS D'EXP\u00c9DITION ?<\/span><\/strong><\/p><p>Les envois \u00e0 destination des adresses AFO\/FPO n\u00e9cessitent un d\u00e9lai de traitement suppl\u00e9mentaire apr\u00e8s la livraison au bureau de poste militaire.<\/p><p>Les commandes sont exp\u00e9di\u00e9es uniquement les jours ouvrables, du lundi au vendredi et parfois le samedi.<\/p><p><strong><span style=\"font-size: 18pt;\">QUE SE PASSE-T-IL SI MA COMMANDE EST RETARD\u00c9E ?<\/span><\/strong><\/p><p>Si la livraison est retard\u00e9e pour une raison quelconque, nous vous en informerons d\u00e8s que possible et vous fournirons une date de livraison estim\u00e9e r\u00e9vis\u00e9e.<\/p><p>Pour les consommateurs de l'UE et du Royaume-Uni : cela n'affecte pas vos droits l\u00e9gaux. Pour plus d'informations, veuillez consulter nos conditions g\u00e9n\u00e9rales.<\/p><h2><span style=\"font-size: 18pt;\">DES QUESTIONS SUR LES RETOURS ?<\/span><\/h2><p>Si vous avez des questions sur les retours, veuillez consulter notre politique de retour : https:\/\/akasavran.com\/return-policy\/.<\/p><h2><span style=\"font-size: 18pt;\">COMMENT POUVEZ-VOUS NOUS CONTACTER AU SUJET DE CETTE POLITIQUE ?<\/span><\/h2><p>Si vous avez d'autres questions ou commentaires, veuillez nous contacter \u00e0 l'adresse suivante :<br \/>Courriel : support@akasavran.com<br \/>Online contact: https:\/\/akasavran.com\/contact\/<\/p>\t\t\t\t\t\t<\/div>\n\t\t\t\t<\/div>\n\t\t\t\t\t<\/div>\n\t\t<\/div>\n\t\t\t\t\t<\/div>\n\t\t<\/section>\n\t\t\t\t<\/div>","protected":false},"excerpt":{"rendered":"<p>POLITIQUE D'EXP\u00c9DITION ET DE LIVRAISON Derni\u00e8re mise \u00e0 jour le 3 juillet 2022 Cette politique d'exp\u00e9dition et de livraison fait partie de nos (\"Conditions\") et doit donc \u00eatre lue en m\u00eame temps que nos Conditions principales : https:\/\/akasavran.com\/terms-conditions\/. Veuillez lire attentivement notre politique d'exp\u00e9dition et de livraison lorsque vous achetez nos produits. Cette politique s'appliquera \u00e0 toute commande que vous passerez avec nous. QUELS SONT MES [...]<\/p>","protected":false},"author":4,"featured_media":0,"parent":0,"menu_order":0,"comment_status":"closed","ping_status":"closed","template":"","meta":{"site-sidebar-layout":"no-sidebar","site-content-layout":"page-builder","ast-site-content-layout":"","site-content-style":"default","site-sidebar-style":"default","ast-global-header-display":"","ast-banner-title-visibility":"","ast-main-header-display":"","ast-hfb-above-header-display":"","ast-hfb-below-header-display":"","ast-hfb-mobile-header-display":"","site-post-title":"disabled","ast-breadcrumbs-content":"","ast-featured-img":"disabled","footer-sml-layout":"","theme-transparent-header-meta":"","adv-header-id-meta":"","stick-header-meta":"","header-above-stick-meta":"","header-main-stick-meta":"","header-below-stick-meta":"","astra-migrate-meta-layouts":"default","ast-page-background-enabled":"default","ast-page-background-meta":{"desktop":{"background-color":"","background-image":"","background-repeat":"repeat","background-position":"center center","background-size":"auto","background-attachment":"scroll","background-type":"","background-media":"","overlay-type":"","overlay-color":"","overlay-gradient":""},"tablet":{"background-color":"","background-image":"","background-repeat":"repeat","background-position":"center center","background-size":"auto","background-attachment":"scroll","background-type":"","background-media":"","overlay-type":"","overlay-color":"","overlay-gradient":""},"mobile":{"background-color":"","background-image":"","background-repeat":"repeat","background-position":"center center","background-size":"auto","background-attachment":"scroll","background-type":"","background-media":"","overlay-type":"","overlay-color":"","overlay-gradient":""}},"ast-content-background-meta":{"desktop":{"background-color":"var(--ast-global-color-5)","background-image":"","background-repeat":"repeat","background-position":"center center","background-size":"auto","background-attachment":"scroll","background-type":"","background-media":"","overlay-type":"","overlay-color":"","overlay-gradient":""},"tablet":{"background-color":"var(--ast-global-color-5)","background-image":"","background-repeat":"repeat","background-position":"center center","background-size":"auto","background-attachment":"scroll","background-type":"","background-media":"","overlay-type":"","overlay-color":"","overlay-gradient":""},"mobile":{"background-color":"var(--ast-global-color-5)","background-image":"","background-repeat":"repeat","background-position":"center center","background-size":"auto","background-attachment":"scroll","background-type":"","background-media":"","overlay-type":"","overlay-color":"","overlay-gradient":""}},"footnotes":""},"_links":{"self":[{"href":"https:\/\/akasavran.com\/fr\/wp-json\/wp\/v2\/pages\/2642"}],"collection":[{"href":"https:\/\/akasavran.com\/fr\/wp-json\/wp\/v2\/pages"}],"about":[{"href":"https:\/\/akasavran.com\/fr\/wp-json\/wp\/v2\/types\/page"}],"author":[{"embeddable":true,"href":"https:\/\/akasavran.com\/fr\/wp-json\/wp\/v2\/users\/4"}],"replies":[{"embeddable":true,"href":"https:\/\/akasavran.com\/fr\/wp-json\/wp\/v2\/comments?post=2642"}],"version-history":[{"count":0,"href":"https:\/\/akasavran.com\/fr\/wp-json\/wp\/v2\/pages\/2642\/revisions"}],"wp:attachment":[{"href":"https:\/\/akasavran.com\/fr\/wp-json\/wp\/v2\/media?parent=2642"}],"curies":[{"name":"wp","href":"https:\/\/api.w.org\/{rel}","templated":true}]}}