{"id":2894,"date":"2022-08-27T12:04:40","date_gmt":"2022-08-27T10:04:40","guid":{"rendered":"https:\/\/akasavran.com\/?post_type=product&#038;p=2894"},"modified":"2025-04-24T21:53:55","modified_gmt":"2025-04-24T19:53:55","slug":"equilibre-sunglasses","status":"publish","type":"product","link":"https:\/\/akasavran.com\/nl\/product\/equilibre-zonnebril\/","title":{"rendered":"\u00c9quilibre Zonnebril"},"content":{"rendered":"<p>\u00c9quilibre Ronde Zonnebril, <i>ge\u00efnspireerd door een van onze belangrijkste waarden om \"evenwicht te bewaren\", wat kan bestaan uit het delen van winst en verlies met onze geliefden of het simpelweg stellen van kwaliteit en innovatie boven cijfers<\/i>,<em>\u00a0<\/em>toont het kenmerkende ronde ontwerp van AKA SAVRAN. Het ontwerp vertegenwoordigt onze missie om luxe brillen te revolutioneren. Deze item bevat een <a href=\"https:\/\/www.pianoo.nl\/sites\/default\/files\/documents\/gerelateerd\/factsheet3_biologische_afbreekbaarheid-januari2017.pdf\">biologisch afbreekbaar Acetaat<\/a> montuur dat uitzonderlijk sterk en hypoallergeen is, waardoor het perfect is om de hele dag comfortabel non-stop te dragen. Dit ontwerp is perfect voor visionairs die groter dromen en risico's nemen.<\/p>\n<p>\u00c9quilibre is fraai ontworpen en samengesteld door de <a href=\"https:\/\/akasavran.com\/nl\/over-aka-savran\/\">in-house ontwerpteam van AKA SAVRAN<\/a>. De serie is bedoeld om een generatie dromers, gelovigen en revolutionairen te inspireren om in zichzelf te geloven en hun overtuigingen met stijl en gratie te uiten.<\/p>\n<p><b><i><em>Let\u2019s create our own balance with \u00c9quilibre by AKA SAVRAN<\/em><\/i><\/b><\/p>\n<p>\u00c9quilibre drukt een elegante en futuristische look uit en verrijkt de duurzaamheid door het gebruik van biologisch afbreekbaar acetaat. De effen kleurstellingen benadrukken de visie van AKA SAVRAN om de toekomst vorm te geven en worden aangevuld door het state-of-the-art design.<\/p>","protected":false},"excerpt":{"rendered":"<p>\u00c9quilibre zonnebril van AKA SAVRAN | Luxe Handgemaakte Acetaat Ronde Zonnebril<br \/>\n<em>Let\u2019s create our own balance with \u00c9quilibre by AKA SAVRAN<\/em><\/p>","protected":false},"featured_media":13051,"template":"","meta":{"site-sidebar-layout":"default","site-content-layout":"default","ast-site-content-layout":"default","site-content-style":"default","site-sidebar-style":"default","ast-global-header-display":"","ast-banner-title-visibility":"","ast-main-header-display":"","ast-hfb-above-header-display":"","ast-hfb-below-header-display":"","ast-hfb-mobile-header-display":"","site-post-title":"","ast-breadcrumbs-content":"","ast-featured-img":"","footer-sml-layout":"","theme-transparent-header-meta":"default","adv-header-id-meta":"","stick-header-meta":"","header-above-stick-meta":"","header-main-stick-meta":"","header-below-stick-meta":"","astra-migrate-meta-layouts":"set","ast-page-background-enabled":"default","ast-page-background-meta":{"desktop":{"background-color":"","background-image":"","background-repeat":"repeat","background-position":"center center","background-size":"auto","background-attachment":"scroll","background-type":"","background-media":"","overlay-type":"","overlay-color":"","overlay-gradient":""},"tablet":{"background-color":"","background-image":"","background-repeat":"repeat","background-position":"center center","background-size":"auto","background-attachment":"scroll","background-type":"","background-media":"","overlay-type":"","overlay-color":"","overlay-gradient":""},"mobile":{"background-color":"","background-image":"","background-repeat":"repeat","background-position":"center center","background-size":"auto","background-attachment":"scroll","background-type":"","background-media":"","overlay-type":"","overlay-color":"","overlay-gradient":""}},"ast-content-background-meta":{"desktop":{"background-color":"var(--ast-global-color-5)","background-image":"","background-repeat":"repeat","background-position":"center center","background-size":"auto","background-attachment":"scroll","background-type":"","background-media":"","overlay-type":"","overlay-color":"","overlay-gradient":""},"tablet":{"background-color":"var(--ast-global-color-5)","background-image":"","background-repeat":"repeat","background-position":"center center","background-size":"auto","background-attachment":"scroll","background-type":"","background-media":"","overlay-type":"","overlay-color":"","overlay-gradient":""},"mobile":{"background-color":"var(--ast-global-color-5)","background-image":"","background-repeat":"repeat","background-position":"center center","background-size":"auto","background-attachment":"scroll","background-type":"","background-media":"","overlay-type":"","overlay-color":"","overlay-gradient":""}}},"pwb-brand":[130],"product_cat":[103,264,81,80,82],"product_tag":[78,115,84],"brands":[{"id":130,"name":"AKA SAVRAN","slug":"aka-savran"}],"_links":{"self":[{"href":"https:\/\/akasavran.com\/nl\/wp-json\/wp\/v2\/product\/2894"}],"collection":[{"href":"https:\/\/akasavran.com\/nl\/wp-json\/wp\/v2\/product"}],"about":[{"href":"https:\/\/akasavran.com\/nl\/wp-json\/wp\/v2\/types\/product"}],"wp:featuredmedia":[{"embeddable":true,"href":"https:\/\/akasavran.com\/nl\/wp-json\/wp\/v2\/media\/13051"}],"wp:attachment":[{"href":"https:\/\/akasavran.com\/nl\/wp-json\/wp\/v2\/media?parent=2894"}],"wp:term":[{"taxonomy":"pwb-brand","embeddable":true,"href":"https:\/\/akasavran.com\/nl\/wp-json\/wp\/v2\/pwb-brand?post=2894"},{"taxonomy":"product_cat","embeddable":true,"href":"https:\/\/akasavran.com\/nl\/wp-json\/wp\/v2\/product_cat?post=2894"},{"taxonomy":"product_tag","embeddable":true,"href":"https:\/\/akasavran.com\/nl\/wp-json\/wp\/v2\/product_tag?post=2894"}],"curies":[{"name":"wp","href":"https:\/\/api.w.org\/{rel}","templated":true}]}}