{"id":3023,"date":"2022-08-28T13:51:56","date_gmt":"2022-08-28T11:51:56","guid":{"rendered":"https:\/\/akasavran.com\/?post_type=product&#038;p=3023"},"modified":"2025-04-24T21:29:36","modified_gmt":"2025-04-24T19:29:36","slug":"deja-vu-eyeglasses","status":"publish","type":"product","link":"https:\/\/akasavran.com\/nl\/product\/deja-vu-bril\/","title":{"rendered":"D\u00e9j\u00e0 Vu Bril"},"content":{"rendered":"<p>D\u00e9j\u00e0 Vu Ovale Bril, <i>ge\u00efnspireerd op de klassieke ontwerpen uit het verleden en dient als een eerbetoon, ode en D\u00e9ja V\u00fa aan het klassieke ontwerp dat deze bijzondere creatie van AKA SAVRAN heeft ge\u00efnspireerd. D\u00e9j\u00e0 Vu <\/i>toont het kenmerkende ovale ontwerp van AKA SAVRAN. Het ontwerp vertegenwoordigt onze missie om luxe brillen te revolutioneren en de essentie van klassiek design te behouden. Dit stuk bevat een <a href=\"https:\/\/www.pianoo.nl\/sites\/default\/files\/documents\/gerelateerd\/factsheet3_biologische_afbreekbaarheid-januari2017.pdf\">biologisch afbreekbaar Acetaat<\/a> en Titanium montuur dat uitzonderlijk sterk en hypoallergeen is, waardoor het perfect is om de hele dag comfortabel non-stop te dragen. Dit ontwerp is perfect voor visionairs die groter dromen en risico's nemen.<\/p>\n<p>D\u00e9j\u00e0 Vu is zorgvuldig ontworpen en samengesteld door de <a href=\"https:\/\/akasavran.com\/nl\/over-aka-savran\/\">in-house ontwerpteam van AKA SAVRAN<\/a>. De serie is bedoeld om een generatie dromers, gelovigen en revolutionairen te inspireren om in zichzelf te geloven en hun overtuigingen met stijl en gratie te uiten.<\/p>\n<p><b><i><em>Laten we onze inspiraties vieren met D\u00e9j\u00e0 Vu van AKA SAVRAN<\/em><\/i><\/b><\/p>\n<p>D\u00e9j\u00e0 Vu drukt een elegante en klassieke look uit en verrijkt de duurzaamheid door het gebruik van acetaat en titanium. De effen kleuren benadrukken de visie van AKA SAVRAN om de toekomst vorm te geven en worden aangevuld door het state-of-the-art design.<\/p>","protected":false},"excerpt":{"rendered":"<p><i><em>D\u00e9j\u00e0 Vu <\/em><\/i>Bril van AKA SAVRAN | Luxe Handgemaakte Acetaat Titanium Ovale Bril<br \/>\n<i><em>Laten we onze inspiraties vieren met D\u00e9j\u00e0 Vu van AKA SAVRAN<\/em><\/i><\/p>","protected":false},"featured_media":13044,"template":"","meta":{"site-sidebar-layout":"default","site-content-layout":"default","ast-site-content-layout":"default","site-content-style":"default","site-sidebar-style":"default","ast-global-header-display":"","ast-banner-title-visibility":"","ast-main-header-display":"","ast-hfb-above-header-display":"","ast-hfb-below-header-display":"","ast-hfb-mobile-header-display":"","site-post-title":"","ast-breadcrumbs-content":"","ast-featured-img":"","footer-sml-layout":"","theme-transparent-header-meta":"default","adv-header-id-meta":"","stick-header-meta":"","header-above-stick-meta":"","header-main-stick-meta":"","header-below-stick-meta":"","astra-migrate-meta-layouts":"set","ast-page-background-enabled":"default","ast-page-background-meta":{"desktop":{"background-color":"","background-image":"","background-repeat":"repeat","background-position":"center center","background-size":"auto","background-attachment":"scroll","background-type":"","background-media":"","overlay-type":"","overlay-color":"","overlay-gradient":""},"tablet":{"background-color":"","background-image":"","background-repeat":"repeat","background-position":"center center","background-size":"auto","background-attachment":"scroll","background-type":"","background-media":"","overlay-type":"","overlay-color":"","overlay-gradient":""},"mobile":{"background-color":"","background-image":"","background-repeat":"repeat","background-position":"center center","background-size":"auto","background-attachment":"scroll","background-type":"","background-media":"","overlay-type":"","overlay-color":"","overlay-gradient":""}},"ast-content-background-meta":{"desktop":{"background-color":"var(--ast-global-color-5)","background-image":"","background-repeat":"repeat","background-position":"center center","background-size":"auto","background-attachment":"scroll","background-type":"","background-media":"","overlay-type":"","overlay-color":"","overlay-gradient":""},"tablet":{"background-color":"var(--ast-global-color-5)","background-image":"","background-repeat":"repeat","background-position":"center center","background-size":"auto","background-attachment":"scroll","background-type":"","background-media":"","overlay-type":"","overlay-color":"","overlay-gradient":""},"mobile":{"background-color":"var(--ast-global-color-5)","background-image":"","background-repeat":"repeat","background-position":"center center","background-size":"auto","background-attachment":"scroll","background-type":"","background-media":"","overlay-type":"","overlay-color":"","overlay-gradient":""}}},"pwb-brand":[130],"product_cat":[97,264,46,74,119,123,47],"product_tag":[78,50,49,121,120],"brands":[{"id":130,"name":"AKA SAVRAN","slug":"aka-savran"}],"_links":{"self":[{"href":"https:\/\/akasavran.com\/nl\/wp-json\/wp\/v2\/product\/3023"}],"collection":[{"href":"https:\/\/akasavran.com\/nl\/wp-json\/wp\/v2\/product"}],"about":[{"href":"https:\/\/akasavran.com\/nl\/wp-json\/wp\/v2\/types\/product"}],"wp:featuredmedia":[{"embeddable":true,"href":"https:\/\/akasavran.com\/nl\/wp-json\/wp\/v2\/media\/13044"}],"wp:attachment":[{"href":"https:\/\/akasavran.com\/nl\/wp-json\/wp\/v2\/media?parent=3023"}],"wp:term":[{"taxonomy":"pwb-brand","embeddable":true,"href":"https:\/\/akasavran.com\/nl\/wp-json\/wp\/v2\/pwb-brand?post=3023"},{"taxonomy":"product_cat","embeddable":true,"href":"https:\/\/akasavran.com\/nl\/wp-json\/wp\/v2\/product_cat?post=3023"},{"taxonomy":"product_tag","embeddable":true,"href":"https:\/\/akasavran.com\/nl\/wp-json\/wp\/v2\/product_tag?post=3023"}],"curies":[{"name":"wp","href":"https:\/\/api.w.org\/{rel}","templated":true}]}}