{"id":3045,"date":"2022-08-28T17:59:10","date_gmt":"2022-08-28T15:59:10","guid":{"rendered":"https:\/\/akasavran.com\/?post_type=product&#038;p=3045"},"modified":"2025-04-24T20:33:30","modified_gmt":"2025-04-24T18:33:30","slug":"cote-savran-eyeglasses","status":"publish","type":"product","link":"https:\/\/akasavran.com\/nl\/product\/cote-savran-bril\/","title":{"rendered":"C\u00f4te Savran Bril"},"content":{"rendered":"<p>C\u00f4te Savran Aviator Bril, <i>ge\u00efnspireerd op de klassieke vliegeniersontwerpen uit het verleden en als eerbetoon en ode aan het klassieke ontwerp dat deze specifieke creatie van AKA SAVRAN heeft ge\u00efnspireerd. Piloot <\/i>toont het kenmerkende ontwerp van AKA SAVRAN. Het ontwerp vertegenwoordigt onze missie om luxe brillen te revolutioneren en de essentie van klassiek design te behouden. Dit stuk bevat een frame van gemengd materiaal, waaronder <a href=\"https:\/\/www.pianoo.nl\/sites\/default\/files\/documents\/gerelateerd\/factsheet3_biologische_afbreekbaarheid-januari2017.pdf\">biologisch afbreekbaar Acetaat<\/a> dat uitzonderlijk sterk en hypoallergeen is, waardoor het perfect is om de hele dag comfortabel non-stop te dragen. Dit ontwerp is perfect voor visionairs die groter dromen en risico's nemen.<\/p>\n<p>C\u00f4te Savran is zorgvuldig ontworpen en samengesteld door <a href=\"https:\/\/akasavran.com\/nl\/over-aka-savran\/\">in-house ontwerpteam van AKA SAVRAN<\/a>. De serie is bedoeld om een generatie dromers, gelovigen en revolutionairen te inspireren om in zichzelf te geloven en hun overtuigingen met stijl en gratie te uiten.<\/p>\n<p><b><i><em>Laten we onze inspiraties vieren met C\u00f4te Savran van AKA SAVRAN<\/em><\/i><\/b><\/p>\n<p>C\u00f4te Savran drukt een elegante en klassieke look uit en verrijkt de duurzaamheid door het gebruik van Titanium. De effen kleurstellingen benadrukken de visie van AKA SAVRAN om de toekomst vorm te geven en worden aangevuld door het state-of-the-art ontwerp.<\/p>","protected":false},"excerpt":{"rendered":"<p><i><em>C\u00f4te Savran <\/em><\/i>Bril van AKA SAVRAN | Luxe Handgemaakte Acetaat Aviator Bril<br \/>\n<i><em>Laten we onze inspiraties vieren met C\u00f4te Savran van AKA SAVRAN<\/em><\/i><\/p>","protected":false},"featured_media":13040,"template":"","meta":{"site-sidebar-layout":"default","site-content-layout":"default","ast-site-content-layout":"default","site-content-style":"default","site-sidebar-style":"default","ast-global-header-display":"","ast-banner-title-visibility":"","ast-main-header-display":"","ast-hfb-above-header-display":"","ast-hfb-below-header-display":"","ast-hfb-mobile-header-display":"","site-post-title":"","ast-breadcrumbs-content":"","ast-featured-img":"","footer-sml-layout":"","theme-transparent-header-meta":"default","adv-header-id-meta":"","stick-header-meta":"","header-above-stick-meta":"","header-main-stick-meta":"","header-below-stick-meta":"","astra-migrate-meta-layouts":"set","ast-page-background-enabled":"default","ast-page-background-meta":{"desktop":{"background-color":"","background-image":"","background-repeat":"repeat","background-position":"center center","background-size":"auto","background-attachment":"scroll","background-type":"","background-media":"","overlay-type":"","overlay-color":"","overlay-gradient":""},"tablet":{"background-color":"","background-image":"","background-repeat":"repeat","background-position":"center center","background-size":"auto","background-attachment":"scroll","background-type":"","background-media":"","overlay-type":"","overlay-color":"","overlay-gradient":""},"mobile":{"background-color":"","background-image":"","background-repeat":"repeat","background-position":"center center","background-size":"auto","background-attachment":"scroll","background-type":"","background-media":"","overlay-type":"","overlay-color":"","overlay-gradient":""}},"ast-content-background-meta":{"desktop":{"background-color":"var(--ast-global-color-5)","background-image":"","background-repeat":"repeat","background-position":"center center","background-size":"auto","background-attachment":"scroll","background-type":"","background-media":"","overlay-type":"","overlay-color":"","overlay-gradient":""},"tablet":{"background-color":"var(--ast-global-color-5)","background-image":"","background-repeat":"repeat","background-position":"center center","background-size":"auto","background-attachment":"scroll","background-type":"","background-media":"","overlay-type":"","overlay-color":"","overlay-gradient":""},"mobile":{"background-color":"var(--ast-global-color-5)","background-image":"","background-repeat":"repeat","background-position":"center center","background-size":"auto","background-attachment":"scroll","background-type":"","background-media":"","overlay-type":"","overlay-color":"","overlay-gradient":""}}},"pwb-brand":[130],"product_cat":[97,46,74,47],"product_tag":[78,124,50,49],"brands":[{"id":130,"name":"AKA SAVRAN","slug":"aka-savran"}],"_links":{"self":[{"href":"https:\/\/akasavran.com\/nl\/wp-json\/wp\/v2\/product\/3045"}],"collection":[{"href":"https:\/\/akasavran.com\/nl\/wp-json\/wp\/v2\/product"}],"about":[{"href":"https:\/\/akasavran.com\/nl\/wp-json\/wp\/v2\/types\/product"}],"wp:featuredmedia":[{"embeddable":true,"href":"https:\/\/akasavran.com\/nl\/wp-json\/wp\/v2\/media\/13040"}],"wp:attachment":[{"href":"https:\/\/akasavran.com\/nl\/wp-json\/wp\/v2\/media?parent=3045"}],"wp:term":[{"taxonomy":"pwb-brand","embeddable":true,"href":"https:\/\/akasavran.com\/nl\/wp-json\/wp\/v2\/pwb-brand?post=3045"},{"taxonomy":"product_cat","embeddable":true,"href":"https:\/\/akasavran.com\/nl\/wp-json\/wp\/v2\/product_cat?post=3045"},{"taxonomy":"product_tag","embeddable":true,"href":"https:\/\/akasavran.com\/nl\/wp-json\/wp\/v2\/product_tag?post=3045"}],"curies":[{"name":"wp","href":"https:\/\/api.w.org\/{rel}","templated":true}]}}