{"id":3103,"date":"2022-08-31T12:37:38","date_gmt":"2022-08-31T10:37:38","guid":{"rendered":"https:\/\/akasavran.com\/?post_type=product&#038;p=3103"},"modified":"2025-04-21T13:40:10","modified_gmt":"2025-04-21T11:40:10","slug":"revolution-eyeglasses","status":"publish","type":"product","link":"https:\/\/akasavran.com\/nl\/product\/revolution-bril\/","title":{"rendered":"R\u00e9volution L'Orange Acetaat Bril"},"content":{"rendered":"<p>R\u00e9volution L'Orange Geometrische Bril, <em>ge\u00efnspireerd door ons verlangen om een revolutie teweeg te brengen in luxe en de stijl en het design te eren van de visionairs die zich aansluiten bij AKA SAVRAN. R\u00e9volution <\/em>toont het futuristische geometrische ontwerp van dit specifieke AKA SAVRAN-stuk. Het ontwerp vertegenwoordigt onze missie om een revolutie teweeg te brengen in luxe brillen en de essentie van ontwrichtend design te behouden.<\/p>\n<p>Dit stuk bevat een <a href=\"https:\/\/www.pianoo.nl\/sites\/default\/files\/documents\/gerelateerd\/factsheet3_biologische_afbreekbaarheid-januari2017.pdf\">biologisch afbreekbaar Acetaat<\/a> frame dat uitzonderlijk sterk en hypoallergeen is. Deze onderdelen maken het perfect om de hele dag comfortabel non-stop te dragen. Dit ontwerp is perfect voor visionairs zoals jij die groter dromen en risico's nemen. R\u00e9volution is zorgvuldig ontworpen en samengesteld door de <a href=\"https:\/\/akasavran.com\/nl\/over-aka-savran\/\">in-house ontwerpteam van AKA SAVRAN<\/a>. De serie is bedoeld om een generatie dromers, gelovigen en revolutionairen te inspireren. Uiteindelijk om in zichzelf te geloven en hun overtuigingen met stijl en gratie te uiten.<\/p>\n<p><strong><em><em>Laten we de wereld van luxe en brillen revolutioneren met R\u00e9volution by AKA SAVRAN<\/em><\/em><\/strong><br \/>\nR\u00e9volution L'Orange drukt een elegante en futuristische look uit en verrijkt duurzaamheid door het gebruik van biologisch afbreekbaar acetaat. De effen kleurstellingen benadrukken de visie van AKA SAVRAN om de toekomst vorm te geven en worden aangevuld door het state-of-the-art design.<\/p>","protected":false},"excerpt":{"rendered":"<p>R\u00e9volution L'Orange Bril van AKA SAVRAN | Luxe Handgemaakte Acetaat Geometrische Bril <strong><em><em>Laten we luxe revolutioneren met R\u00e9volution van AKA SAVRAN<\/em><\/em><\/strong><\/p>","protected":false},"featured_media":11036,"template":"","meta":{"site-sidebar-layout":"default","site-content-layout":"default","ast-site-content-layout":"default","site-content-style":"default","site-sidebar-style":"default","ast-global-header-display":"","ast-banner-title-visibility":"","ast-main-header-display":"","ast-hfb-above-header-display":"","ast-hfb-below-header-display":"","ast-hfb-mobile-header-display":"","site-post-title":"","ast-breadcrumbs-content":"","ast-featured-img":"","footer-sml-layout":"","theme-transparent-header-meta":"default","adv-header-id-meta":"","stick-header-meta":"","header-above-stick-meta":"","header-main-stick-meta":"","header-below-stick-meta":"","astra-migrate-meta-layouts":"set","ast-page-background-enabled":"default","ast-page-background-meta":{"desktop":{"background-color":"","background-image":"","background-repeat":"repeat","background-position":"center center","background-size":"auto","background-attachment":"scroll","background-type":"","background-media":"","overlay-type":"","overlay-color":"","overlay-gradient":""},"tablet":{"background-color":"","background-image":"","background-repeat":"repeat","background-position":"center center","background-size":"auto","background-attachment":"scroll","background-type":"","background-media":"","overlay-type":"","overlay-color":"","overlay-gradient":""},"mobile":{"background-color":"","background-image":"","background-repeat":"repeat","background-position":"center center","background-size":"auto","background-attachment":"scroll","background-type":"","background-media":"","overlay-type":"","overlay-color":"","overlay-gradient":""}},"ast-content-background-meta":{"desktop":{"background-color":"var(--ast-global-color-5)","background-image":"","background-repeat":"repeat","background-position":"center center","background-size":"auto","background-attachment":"scroll","background-type":"","background-media":"","overlay-type":"","overlay-color":"","overlay-gradient":""},"tablet":{"background-color":"var(--ast-global-color-5)","background-image":"","background-repeat":"repeat","background-position":"center center","background-size":"auto","background-attachment":"scroll","background-type":"","background-media":"","overlay-type":"","overlay-color":"","overlay-gradient":""},"mobile":{"background-color":"var(--ast-global-color-5)","background-image":"","background-repeat":"repeat","background-position":"center center","background-size":"auto","background-attachment":"scroll","background-type":"","background-media":"","overlay-type":"","overlay-color":"","overlay-gradient":""}}},"pwb-brand":[130],"product_cat":[97,264,46,74,47],"product_tag":[78,265,50,49,129],"brands":[{"id":130,"name":"AKA SAVRAN","slug":"aka-savran"}],"_links":{"self":[{"href":"https:\/\/akasavran.com\/nl\/wp-json\/wp\/v2\/product\/3103"}],"collection":[{"href":"https:\/\/akasavran.com\/nl\/wp-json\/wp\/v2\/product"}],"about":[{"href":"https:\/\/akasavran.com\/nl\/wp-json\/wp\/v2\/types\/product"}],"wp:featuredmedia":[{"embeddable":true,"href":"https:\/\/akasavran.com\/nl\/wp-json\/wp\/v2\/media\/11036"}],"wp:attachment":[{"href":"https:\/\/akasavran.com\/nl\/wp-json\/wp\/v2\/media?parent=3103"}],"wp:term":[{"taxonomy":"pwb-brand","embeddable":true,"href":"https:\/\/akasavran.com\/nl\/wp-json\/wp\/v2\/pwb-brand?post=3103"},{"taxonomy":"product_cat","embeddable":true,"href":"https:\/\/akasavran.com\/nl\/wp-json\/wp\/v2\/product_cat?post=3103"},{"taxonomy":"product_tag","embeddable":true,"href":"https:\/\/akasavran.com\/nl\/wp-json\/wp\/v2\/product_tag?post=3103"}],"curies":[{"name":"wp","href":"https:\/\/api.w.org\/{rel}","templated":true}]}}