{"id":3115,"date":"2022-08-31T12:51:37","date_gmt":"2022-08-31T10:51:37","guid":{"rendered":"https:\/\/akasavran.com\/?post_type=product&#038;p=3115"},"modified":"2025-04-23T12:41:17","modified_gmt":"2025-04-23T10:41:17","slug":"revolution-ii-acetate-sunglasses","status":"publish","type":"product","link":"https:\/\/akasavran.com\/nl\/product\/revolution-ii-acetaat-zonnebril\/","title":{"rendered":"R\u00e9volution II Zonnebril Geometrisch"},"content":{"rendered":"<p>R\u00e9volution II Geometrische Zonnebril, <i>ge\u00efnspireerd door onze wens om een revolutie in luxe teweeg te brengen en de stijl en het ontwerp van de visionairs die zich aansluiten bij AKA SAVRAN te eren. R\u00e9volution II <\/i>toont het futuristische geometrische ontwerp van dit specifieke AKA SAVRAN stuk. Het ontwerp vertegenwoordigt onze missie om luxe brillen te revolutioneren en de essentie van ontwrichtend design te behouden. Dit stuk bevat een <a href=\"https:\/\/www.pianoo.nl\/sites\/default\/files\/documents\/gerelateerd\/factsheet3_biologische_afbreekbaarheid-januari2017.pdf\">biologisch afbreekbaar Acetaat<\/a> montuur dat uitzonderlijk sterk en hypoallergeen is, waardoor het perfect is om de hele dag comfortabel non-stop te dragen. Dit ontwerp is perfect voor visionairs die groter dromen en risico's nemen.<\/p>\n<p>R\u00e9volution is fraai ontworpen en samengesteld door <a href=\"https:\/\/akasavran.com\/nl\/over-aka-savran\/\">in-house ontwerpteam van AKA SAVRAN<\/a>. De serie is bedoeld om een generatie dromers, gelovigen en revolutionairen te inspireren om in zichzelf te geloven en hun overtuigingen met stijl en gratie te uiten.<\/p>\n<p><b><i><em>Laten we de wereld van luxe en brillen revolutioneren met R\u00e9volution II van AKA SAVRAN<\/em><\/i><\/b><\/p>\n<p>R\u00e9volution II drukt een elegante en futuristische look uit en verrijkt de duurzaamheid door het gebruik van biologisch afbreekbaar acetaat. De effen kleurstellingen benadrukken de visie van AKA SAVRAN om de toekomst vorm te geven en worden aangevuld door het state-of-the-art design.<\/p>","protected":false},"excerpt":{"rendered":"<p>R\u00e9volution II Zonnebril van AKA SAVRAN | Luxe Handgemaakte Acetaat Geometrische Zonnebril<br \/>\n<b><i><em>Laten we luxe revolutioneren met R\u00e9volution II van AKA SAVRAN<\/em><\/i><\/b><\/p>\n<p>&nbsp;<\/p>","protected":false},"featured_media":13030,"template":"","meta":{"site-sidebar-layout":"default","site-content-layout":"default","ast-site-content-layout":"default","site-content-style":"default","site-sidebar-style":"default","ast-global-header-display":"","ast-banner-title-visibility":"","ast-main-header-display":"","ast-hfb-above-header-display":"","ast-hfb-below-header-display":"","ast-hfb-mobile-header-display":"","site-post-title":"","ast-breadcrumbs-content":"","ast-featured-img":"","footer-sml-layout":"","theme-transparent-header-meta":"default","adv-header-id-meta":"","stick-header-meta":"","header-above-stick-meta":"","header-main-stick-meta":"","header-below-stick-meta":"","astra-migrate-meta-layouts":"set","ast-page-background-enabled":"default","ast-page-background-meta":{"desktop":{"background-color":"","background-image":"","background-repeat":"repeat","background-position":"center center","background-size":"auto","background-attachment":"scroll","background-type":"","background-media":"","overlay-type":"","overlay-color":"","overlay-gradient":""},"tablet":{"background-color":"","background-image":"","background-repeat":"repeat","background-position":"center center","background-size":"auto","background-attachment":"scroll","background-type":"","background-media":"","overlay-type":"","overlay-color":"","overlay-gradient":""},"mobile":{"background-color":"","background-image":"","background-repeat":"repeat","background-position":"center center","background-size":"auto","background-attachment":"scroll","background-type":"","background-media":"","overlay-type":"","overlay-color":"","overlay-gradient":""}},"ast-content-background-meta":{"desktop":{"background-color":"var(--ast-global-color-5)","background-image":"","background-repeat":"repeat","background-position":"center center","background-size":"auto","background-attachment":"scroll","background-type":"","background-media":"","overlay-type":"","overlay-color":"","overlay-gradient":""},"tablet":{"background-color":"var(--ast-global-color-5)","background-image":"","background-repeat":"repeat","background-position":"center center","background-size":"auto","background-attachment":"scroll","background-type":"","background-media":"","overlay-type":"","overlay-color":"","overlay-gradient":""},"mobile":{"background-color":"var(--ast-global-color-5)","background-image":"","background-repeat":"repeat","background-position":"center center","background-size":"auto","background-attachment":"scroll","background-type":"","background-media":"","overlay-type":"","overlay-color":"","overlay-gradient":""}}},"pwb-brand":[130],"product_cat":[103,264,81,80,82],"product_tag":[78,49,129,84],"brands":[{"id":130,"name":"AKA SAVRAN","slug":"aka-savran"}],"_links":{"self":[{"href":"https:\/\/akasavran.com\/nl\/wp-json\/wp\/v2\/product\/3115"}],"collection":[{"href":"https:\/\/akasavran.com\/nl\/wp-json\/wp\/v2\/product"}],"about":[{"href":"https:\/\/akasavran.com\/nl\/wp-json\/wp\/v2\/types\/product"}],"wp:featuredmedia":[{"embeddable":true,"href":"https:\/\/akasavran.com\/nl\/wp-json\/wp\/v2\/media\/13030"}],"wp:attachment":[{"href":"https:\/\/akasavran.com\/nl\/wp-json\/wp\/v2\/media?parent=3115"}],"wp:term":[{"taxonomy":"pwb-brand","embeddable":true,"href":"https:\/\/akasavran.com\/nl\/wp-json\/wp\/v2\/pwb-brand?post=3115"},{"taxonomy":"product_cat","embeddable":true,"href":"https:\/\/akasavran.com\/nl\/wp-json\/wp\/v2\/product_cat?post=3115"},{"taxonomy":"product_tag","embeddable":true,"href":"https:\/\/akasavran.com\/nl\/wp-json\/wp\/v2\/product_tag?post=3115"}],"curies":[{"name":"wp","href":"https:\/\/api.w.org\/{rel}","templated":true}]}}